{"id":324,"date":"2024-04-04T05:03:50","date_gmt":"2024-04-04T02:03:50","guid":{"rendered":"https:\/\/sisu.ut.ee\/keeleylesanded\/tegija-lauses\/"},"modified":"2024-11-29T13:01:45","modified_gmt":"2024-11-29T11:01:45","slug":"tegija-lauses","status":"publish","type":"page","link":"https:\/\/sisu.ut.ee\/keeleylesanded\/tegija-lauses\/","title":{"rendered":"Tegija lauses"},"content":{"rendered":"<div><strong>Leidke, kes v\u00f5i mis on j\u00e4rgmistes lausetes tegija (tegevuse sooritaja, tegevuse vahetu liibiviija),\u00a0ja joonige see alla. NB! Igas lauses ei pruugi tegijat v\u00e4ljendatud olla.<\/strong><\/div>\n<div><\/div>\n<div>1. Mul on homseks k\u00f5ik \u00f5pitud.<\/div>\n<div>2. Mind on kutsutud korduvalt igale poole esinema, aga ma pole l\u00e4inud.<\/div>\n<div>3. Hommikus\u00f6\u00f6k j\u00e4i lapsest puutumata.<\/div>\n<div>4. K\u00f5ik n\u00e4itusel olevad pildid on 4-8-aastaste laste joonistatud.<\/div>\n<div>5. Ruum oli p\u00e4ikesest l\u00e4mmatavalt kuumaks k\u00f6etud.<\/div>\n<div>6. Riigikogul on uus kodukord vastu v\u00f5etud.<\/div>\n<div>7. Norra kopteri\u00f5nnetuse neli ohvrit leiti merest \u00fcles.<\/div>\n<div>8. Liu lahel triivivad murdunud j\u00e4\u00e4pankadel L\u00e4ti kalamehed.<\/div>\n<div>9. Esimene president valiti valimiskogu poolt.<\/div>\n<div>10. Loomulikult on teised kohalviibijad igaks juhuks ruumist v\u00e4lja saadetud.<\/div>\n<div><\/div>\n<div><\/div>\n<div><strong>Milliseid tegijat v\u00e4ljendavaid keelevahendeid on neis lausetes kasutatud (missuguseid\u00a0k\u00e4\u00e4ndeid, milliseid kaass\u00f5nu)? Nimetage need vormid ja lisage lausenumbrid,\u00a0milles seda on\u00a0kasutatud:<\/strong><\/div>\n<div>1)<\/div>\n<div>2)<\/div>\n<div>3)<\/div>\n<div>4)<\/div>\n<div>5)<\/div>\n<div><\/div>\n<div><strong>Millis(t)es lause(t)es ei ole tegijat \u00fcldse v\u00e4ljendatud? \u2026\u2026\u2026.<\/strong><\/div>\n<div><\/div>\n<div>2010<\/div>\n<div>keskmine<\/div>\n<div>l\u00f5ppvoor<\/div>\n<div><\/div>\n<div style=\"text-align: left;\"><a href=\"https:\/\/sisu.ut.ee\/keeleylesanded\/tegija-lauses-vastus\/\">Vastus<\/a><\/div>\n","protected":false},"excerpt":{"rendered":"<p>Leidke, kes v\u00f5i mis on j\u00e4rgmistes lausetes tegija (tegevuse sooritaja, tegevuse vahetu liibiviija),\u00a0ja joonige see alla. NB! Igas lauses ei pruugi tegijat v\u00e4ljendatud olla. 1. Mul on homseks k\u00f5ik \u00f5pitud. 2. Mind on kutsutud korduvalt igale poole esinema, aga ma &#8230;<\/p>\n","protected":false},"author":185,"featured_media":0,"parent":0,"menu_order":0,"comment_status":"closed","ping_status":"closed","template":"","meta":{"_acf_changed":false,"inline_featured_image":false,"footnotes":""},"class_list":["post-324","page","type-page","status-publish","hentry"],"acf":[],"_links":{"self":[{"href":"https:\/\/sisu.ut.ee\/keeleylesanded\/wp-json\/wp\/v2\/pages\/324","targetHints":{"allow":["GET"]}}],"collection":[{"href":"https:\/\/sisu.ut.ee\/keeleylesanded\/wp-json\/wp\/v2\/pages"}],"about":[{"href":"https:\/\/sisu.ut.ee\/keeleylesanded\/wp-json\/wp\/v2\/types\/page"}],"author":[{"embeddable":true,"href":"https:\/\/sisu.ut.ee\/keeleylesanded\/wp-json\/wp\/v2\/users\/185"}],"replies":[{"embeddable":true,"href":"https:\/\/sisu.ut.ee\/keeleylesanded\/wp-json\/wp\/v2\/comments?post=324"}],"version-history":[{"count":2,"href":"https:\/\/sisu.ut.ee\/keeleylesanded\/wp-json\/wp\/v2\/pages\/324\/revisions"}],"predecessor-version":[{"id":2000,"href":"https:\/\/sisu.ut.ee\/keeleylesanded\/wp-json\/wp\/v2\/pages\/324\/revisions\/2000"}],"wp:attachment":[{"href":"https:\/\/sisu.ut.ee\/keeleylesanded\/wp-json\/wp\/v2\/media?parent=324"}],"curies":[{"name":"wp","href":"https:\/\/api.w.org\/{rel}","templated":true}]}}