{"id":321,"date":"2024-04-04T05:03:50","date_gmt":"2024-04-04T02:03:50","guid":{"rendered":"https:\/\/sisu.ut.ee\/keeleylesanded\/uudislugu-foorumijutust\/"},"modified":"2024-11-29T13:22:17","modified_gmt":"2024-11-29T11:22:17","slug":"uudislugu-foorumijutust","status":"publish","type":"page","link":"https:\/\/sisu.ut.ee\/keeleylesanded\/uudislugu-foorumijutust\/","title":{"rendered":"Uudislugu foorumijutust"},"content":{"rendered":"<div><strong>Foorumis arutlevad \u00f5pilased era\u00f5petajate palkamise \u00fcle. Kirjutage foorumis toimunud\u00a0arutelu p\u00f5hjal korrektses kirjakeeles kuni 75 s\u00f5na pikkune uudislugu, pealkirjastage see ise. Kirjutage tekstist viilja 5 kirjakeelde sobimatut s\u00f5na\/vormi, millest peaksite uudist kirjutades\u00a0hoiduma.<\/strong><\/div>\n<div><\/div>\n<div>\n<div>\n<div><u><strong>mats<\/strong><\/u>: Kas on siin ka neid, kes on kasutanud voi kavatsevad kasutada era- v\u00f5i kodu\u00f5petajate abi? Kui palju era\u00f5petajad\u00a0tunni eest\u00a0k\u00fcsivad ja kui palju neist abi on? Ise olen kuulnud, et matemaatika ja f\u00fc\u00fcsika \u00f5petajas k\u00fcsivad ja saavad\u00a0vahemikus 50 kuni 100 EEK tunni eest. Tean juhust, et rikkamate vanemate omanik tellis endale suveks era\u00f5petaja kes\u00a0j\u00e4rgrnise aasta matemaatika aegsasti selgeks teeks. Arvatavasti piisab selleks parist tunnist n\u00e4dalas.<\/div>\n<div><strong><u>Pisike:<\/u><\/strong>\u00a0pff, v\u00f6tan \/ ja saan kohe era\u00f6psi matasse ,sest mudu j\u00e4\u00e4n asjaga j\u00e4nni! ja ta peretuttav rneil ka!<\/div>\n<div><b>kuku: <\/b>Kas\u00a0sa ei tahaks kogemusi jagada. Millepoolest on era\u00f5petaja teistmoodi kui koolis olev \u00f5petaja? \u00dcks point on muidugi, et era\u00f5petaja on aint sinu p\u00e4rast. koolis peab \u00fchest j\u00e4tkuma tervele klassile.<\/div>\n<div>Kas moni oskaks ette kujutada ka arvutit \u00f5petajana? V\u00f5i on see v\u00f5imatu?<\/div>\n<div>Minu arvates oleks arvuti tegelt t\u00e4itsa m\u00f5nna. Mitte iialgi ei l\u00e4he n\u00e4rvi, ei hinda subjektiivselt n\u00e4o jargi, alati\u00a0k\u00e4ttesaadav, ei v\u00e4si iial, ei kiru lolle \u00f5pilasi.<\/div>\n<div><u><strong>Pisike<\/strong><\/u>: Ta m\u00f5ne korra k\u00e4is. noo ma ei tea veic paremini saab asjast aru vb et kui nagu aint \u00f5hele seletada ja saab enda\u00a0tempos\u00a0edasi minna ja asjasse s\u00fcveneda!\u00a0no arvuti v\u00f5ib ju hea ollla aga siiski parem on kui ikka inimene \u00f5petaks,<\/div>\n<div><u><strong>mats<\/strong><\/u>: Mida ta teisiti seletas kui koolis \u00f5ps seletab? Kuidas sa tead v\u00f5i miks arvad, et inimene parem \u00f5petaja on kui\u00a0arvuti? Kus kohal sa said arvutist \u00f5petajat proovida? Arvutid \u00f5pivad ka juurde ja saavad targemaks! Muuseas, K\u00f5igil ei\u00a0ole tuttavaid v\u00f5i\u00a0piisavalt rikkaid vanemaid kes jaksaks kodu\u00f5psile maksta. Arvutid oleks tunduvalt odavamad.<\/div>\n<div><u><strong>siuts<\/strong><\/u>: aga erinevia\u00a0iseloornud? M\u00f5nel juhul otsustab \u00f5petaja millist \u00fclesannet parajasti lahendada, esitab k\u00fcsimusi ja\u00a0seletab omal valikul mida \u00f5igeks peab. M\u00f5ne teise \u00f5pilase puhul aga on \u00f5pilane aktiivsem pool, valib \u00fclesanded millest\u00a0ta aru ei saanud, esitab k\u00fcsimusi \u00f5petajale, esitab oma arvamusi mille kohta tahab \u00f5petajalt kommentaari. Arvuti?<\/div>\n<div><\/div>\n<div>Uudislugu:<\/div>\n<div><\/div>\n<div>Kirjakeelde sobimatuid s\u00f5nu\/vorme:<\/div>\n<div><\/div>\n<div><\/div>\n<div>2010<\/div>\n<div>keskmine<\/div>\n<div>l\u00f5ppvoor<\/div>\n<\/div>\n<div><a href=\"https:\/\/sisu.ut.ee\/keeleylesanded\/uudislugu-foorumijutust-vastus\/\">Vastus<\/a><\/div>\n<\/div>\n","protected":false},"excerpt":{"rendered":"<p>Foorumis arutlevad \u00f5pilased era\u00f5petajate palkamise \u00fcle. Kirjutage foorumis toimunud\u00a0arutelu p\u00f5hjal korrektses kirjakeeles kuni 75 s\u00f5na pikkune uudislugu, pealkirjastage see ise. Kirjutage tekstist viilja 5 kirjakeelde sobimatut s\u00f5na\/vormi, millest peaksite uudist kirjutades\u00a0hoiduma. mats: Kas on siin ka neid, kes on kasutanud &#8230;<\/p>\n","protected":false},"author":185,"featured_media":0,"parent":0,"menu_order":0,"comment_status":"closed","ping_status":"closed","template":"","meta":{"_acf_changed":false,"inline_featured_image":false,"footnotes":""},"class_list":["post-321","page","type-page","status-publish","hentry"],"acf":[],"_links":{"self":[{"href":"https:\/\/sisu.ut.ee\/keeleylesanded\/wp-json\/wp\/v2\/pages\/321","targetHints":{"allow":["GET"]}}],"collection":[{"href":"https:\/\/sisu.ut.ee\/keeleylesanded\/wp-json\/wp\/v2\/pages"}],"about":[{"href":"https:\/\/sisu.ut.ee\/keeleylesanded\/wp-json\/wp\/v2\/types\/page"}],"author":[{"embeddable":true,"href":"https:\/\/sisu.ut.ee\/keeleylesanded\/wp-json\/wp\/v2\/users\/185"}],"replies":[{"embeddable":true,"href":"https:\/\/sisu.ut.ee\/keeleylesanded\/wp-json\/wp\/v2\/comments?post=321"}],"version-history":[{"count":2,"href":"https:\/\/sisu.ut.ee\/keeleylesanded\/wp-json\/wp\/v2\/pages\/321\/revisions"}],"predecessor-version":[{"id":2024,"href":"https:\/\/sisu.ut.ee\/keeleylesanded\/wp-json\/wp\/v2\/pages\/321\/revisions\/2024"}],"wp:attachment":[{"href":"https:\/\/sisu.ut.ee\/keeleylesanded\/wp-json\/wp\/v2\/media?parent=321"}],"curies":[{"name":"wp","href":"https:\/\/api.w.org\/{rel}","templated":true}]}}