{"id":320,"date":"2024-04-04T05:03:50","date_gmt":"2024-04-04T02:03:50","guid":{"rendered":"https:\/\/sisu.ut.ee\/keeleylesanded\/avaleht\/"},"modified":"2024-11-29T14:01:21","modified_gmt":"2024-11-29T12:01:21","slug":"avaleht","status":"publish","type":"page","link":"https:\/\/sisu.ut.ee\/keeleylesanded\/","title":{"rendered":"Avaleht"},"content":{"rendered":"<p><span style=\"font-size: 16px;\"><strong>Keele\u00fclesanded<\/strong><\/span><\/p>\n<p>Ah armas emakeel! Lihtne ja keeruline korraga: siin keele\u00fclesannete lehek\u00fcljelgi on ehk paljugi tuttavat ja palju ootamatut. Oleme siia koondanud toimunud emakeeleolumpiaadide \u00fclesanded, esialgu valikuliselt, ent aja jooksul kogu t\u00e4ieneb. Suurel osal neist (ehkki esialgu mitte k\u00f5igil) on olemas ka vastused, aga nende n\u00e4gemiseks on vaja teada parooli.<\/p>\n<p>Teise osa moodustavad l\u00fchemad k\u00fcsimused, mida n\u00e4iteks on hea kasutada viktoriinides ja m\u00e4lum\u00e4ngudes. Osa neist on varem ilmunud, osa uued.<\/p>\n","protected":false},"excerpt":{"rendered":"<p>Keele\u00fclesanded Ah armas emakeel! Lihtne ja keeruline korraga: siin keele\u00fclesannete lehek\u00fcljelgi on ehk paljugi tuttavat ja palju ootamatut. Oleme siia koondanud toimunud emakeeleolumpiaadide \u00fclesanded, esialgu valikuliselt, ent aja jooksul kogu t\u00e4ieneb. Suurel osal neist (ehkki esialgu mitte k\u00f5igil) on olemas &#8230;<\/p>\n","protected":false},"author":185,"featured_media":0,"parent":0,"menu_order":0,"comment_status":"closed","ping_status":"closed","template":"","meta":{"_acf_changed":false,"inline_featured_image":false,"footnotes":""},"class_list":["post-320","page","type-page","status-publish","hentry"],"acf":[],"_links":{"self":[{"href":"https:\/\/sisu.ut.ee\/keeleylesanded\/wp-json\/wp\/v2\/pages\/320","targetHints":{"allow":["GET"]}}],"collection":[{"href":"https:\/\/sisu.ut.ee\/keeleylesanded\/wp-json\/wp\/v2\/pages"}],"about":[{"href":"https:\/\/sisu.ut.ee\/keeleylesanded\/wp-json\/wp\/v2\/types\/page"}],"author":[{"embeddable":true,"href":"https:\/\/sisu.ut.ee\/keeleylesanded\/wp-json\/wp\/v2\/users\/185"}],"replies":[{"embeddable":true,"href":"https:\/\/sisu.ut.ee\/keeleylesanded\/wp-json\/wp\/v2\/comments?post=320"}],"version-history":[{"count":4,"href":"https:\/\/sisu.ut.ee\/keeleylesanded\/wp-json\/wp\/v2\/pages\/320\/revisions"}],"predecessor-version":[{"id":2080,"href":"https:\/\/sisu.ut.ee\/keeleylesanded\/wp-json\/wp\/v2\/pages\/320\/revisions\/2080"}],"wp:attachment":[{"href":"https:\/\/sisu.ut.ee\/keeleylesanded\/wp-json\/wp\/v2\/media?parent=320"}],"curies":[{"name":"wp","href":"https:\/\/api.w.org\/{rel}","templated":true}]}}