{"id":32,"date":"2024-04-04T05:03:23","date_gmt":"2024-04-04T02:03:23","guid":{"rendered":"https:\/\/sisu.ut.ee\/keeleylesanded\/menuu\/"},"modified":"2024-04-04T05:07:29","modified_gmt":"2024-04-04T02:07:29","slug":"menuu","status":"publish","type":"page","link":"https:\/\/sisu.ut.ee\/keeleylesanded\/menuu\/","title":{"rendered":"Vigane men\u00fc\u00fc"},"content":{"rendered":"<p>\n\t<b><span lang=\"EN-US\"><span style=\"line-height:115%\"><span style=\",serif\">Men\u00fc\u00fcst v\u00f5ib leida mitu viga. Kirjuta korrektne menuu teise veergu. <\/span><\/span><\/span><\/b>\n<\/p>\n<table class=\"table table-hover\" border=\"1\" style=\"border-collapse:collapse;border:solidwindowtext1.0pt\">\n<tbody>\n<tr>\n<td style=\"width:210.95pt;border:solidwindowtext1.0pt\" width=\"281\">\n<p style=\"margin-top:12.0pt;margin-right:0cm;margin-bottom:12.0pt;margin-left:0cm;padding:0cm5.4pt0cm5.4pt\">\n\t\t\t\t\t<span lang=\"EN-US\"><span style=\"line-height:115%\"><span style=\",serif\">Kohvi ja bezeek\u00fcpsised<\/span><\/span><\/span>\n\t\t\t\t<\/p>\n<\/td>\n<td style=\"width:239.85pt;border:solidwindowtext1.0pt;border-left:none\" width=\"320\">\n<p style=\"margin-top:12.0pt;margin-right:0cm;margin-bottom:12.0pt;margin-left:0cm;padding:0cm5.4pt0cm5.4pt\">\n\t\t\t\t\t\u00a0\n\t\t\t\t<\/p>\n<\/td>\n<\/tr>\n<tr>\n<td style=\"width:210.95pt;border:solidwindowtext1.0pt;border-top:none\" width=\"281\">\n<p style=\"margin-top:12.0pt;margin-right:0cm;margin-bottom:12.0pt;margin-left:0cm;padding:0cm5.4pt0cm5.4pt\">\n\t\t\t\t\t<span lang=\"EN-US\"><span style=\"line-height:115%\"><span style=\",serif\">Brokkolikreemsupp<\/span><\/span><\/span>\n\t\t\t\t<\/p>\n<\/td>\n<td style=\"width:239.85pt;border-top:none;border-left:none;border-bottom:solidwindowtext1.0pt;border-right:solidwindowtext1.0pt\" width=\"320\">\n<p style=\"margin-top:12.0pt;margin-right:0cm;margin-bottom:12.0pt;margin-left:0cm;padding:0cm5.4pt0cm5.4pt\">\n\t\t\t\t\t\u00a0\n\t\t\t\t<\/p>\n<\/td>\n<\/tr>\n<tr>\n<td style=\"width:210.95pt;border:solidwindowtext1.0pt;border-top:none\" width=\"281\">\n<p style=\"margin-top:12.0pt;margin-right:0cm;margin-bottom:12.0pt;margin-left:0cm;padding:0cm5.4pt0cm5.4pt\">\n\t\t\t\t\t<span lang=\"EN-US\"><span style=\"line-height:115%\"><span style=\",serif\">Pikk poiss, coleslawi salat, friikartulid<\/span><\/span><\/span>\n\t\t\t\t<\/p>\n<\/td>\n<td style=\"width:239.85pt;border-top:none;border-left:none;border-bottom:solidwindowtext1.0pt;border-right:solidwindowtext1.0pt\" width=\"320\">\n<p style=\"margin-top:12.0pt;margin-right:0cm;margin-bottom:12.0pt;margin-left:0cm;padding:0cm5.4pt0cm5.4pt\">\n\t\t\t\t\t\u00a0\n\t\t\t\t<\/p>\n<\/td>\n<\/tr>\n<tr>\n<td style=\"width:210.95pt;border:solidwindowtext1.0pt;border-top:none\" width=\"281\">\n<p style=\"margin-top:12.0pt;margin-right:0cm;margin-bottom:12.0pt;margin-left:0cm;padding:0cm5.4pt0cm5.4pt\">\n\t\t\t\t\t<span lang=\"EN-US\"><span style=\"line-height:115%\"><span style=\",serif\">Kalakotlett, kartuli p\u00fcree, k\u00f6\u00f6giviljasalat<\/span><\/span><\/span>\n\t\t\t\t<\/p>\n<\/td>\n<td style=\"width:239.85pt;border-top:none;border-left:none;border-bottom:solidwindowtext1.0pt;border-right:solidwindowtext1.0pt\" width=\"320\">\n<p style=\"margin-top:12.0pt;margin-right:0cm;margin-bottom:12.0pt;margin-left:0cm;padding:0cm5.4pt0cm5.4pt\">\n\t\t\t\t\t\u00a0\n\t\t\t\t<\/p>\n<\/td>\n<\/tr>\n<tr>\n<td style=\"width:210.95pt;border:solidwindowtext1.0pt;border-top:none\" width=\"281\">\n<p style=\"margin-top:12.0pt;margin-right:0cm;margin-bottom:12.0pt;margin-left:0cm;padding:0cm5.4pt0cm5.4pt\">\n\t\t\t\t\t<span lang=\"EN-US\"><span style=\"line-height:115%\"><span style=\",serif\">L\u00f5hefilee maitsev\u00f5iga, k\u00f6\u00f6givilja woki ja peedip\u00fcreega<\/span><\/span><\/span>\n\t\t\t\t<\/p>\n<\/td>\n<td style=\"width:239.85pt;border-top:none;border-left:none;border-bottom:solidwindowtext1.0pt;border-right:solidwindowtext1.0pt\" width=\"320\">\n<p style=\"margin-top:12.0pt;margin-right:0cm;margin-bottom:12.0pt;margin-left:0cm;padding:0cm5.4pt0cm5.4pt\">\n\t\t\t\t\t\u00a0\n\t\t\t\t<\/p>\n<\/td>\n<\/tr>\n<tr>\n<td style=\"width:210.95pt;border:solidwindowtext1.0pt;border-top:none\" width=\"281\">\n<p style=\"margin-top:12.0pt;margin-right:0cm;margin-bottom:12.0pt;margin-left:0cm;padding:0cm5.4pt0cm5.4pt\">\n\t\t\t\t\t<span lang=\"EN-US\"><span style=\"line-height:115%\"><span style=\",serif\">Pardipurger, friikartulid<\/span><\/span><\/span>\n\t\t\t\t<\/p>\n<\/td>\n<td style=\"width:239.85pt;border-top:none;border-left:none;border-bottom:solidwindowtext1.0pt;border-right:solidwindowtext1.0pt\" width=\"320\">\n<p style=\"margin-top:12.0pt;margin-right:0cm;margin-bottom:12.0pt;margin-left:0cm;padding:0cm5.4pt0cm5.4pt\">\n\t\t\t\t\t\u00a0\n\t\t\t\t<\/p>\n<\/td>\n<\/tr>\n<tr>\n<td style=\"width:210.95pt;border:solidwindowtext1.0pt;border-top:none\" width=\"281\">\n<p style=\"margin-top:12.0pt;margin-right:0cm;margin-bottom:12.0pt;margin-left:0cm;padding:0cm5.4pt0cm5.4pt\">\n\t\t\t\t\t<span lang=\"EN-US\"><span style=\"line-height:115%\"><span style=\",serif\">Pulled pork ahjukartulitega<\/span><\/span><\/span>\n\t\t\t\t<\/p>\n<\/td>\n<td style=\"width:239.85pt;border-top:none;border-left:none;border-bottom:solidwindowtext1.0pt;border-right:solidwindowtext1.0pt\" width=\"320\">\n<p style=\"margin-top:12.0pt;margin-right:0cm;margin-bottom:12.0pt;margin-left:0cm;padding:0cm5.4pt0cm5.4pt\">\n\t\t\t\t\t\u00a0\n\t\t\t\t<\/p>\n<\/td>\n<\/tr>\n<tr>\n<td style=\"width:210.95pt;border:solidwindowtext1.0pt;border-top:none\" width=\"281\">\n<p style=\"margin-top:12.0pt;margin-right:0cm;margin-bottom:12.0pt;margin-left:0cm;padding:0cm5.4pt0cm5.4pt\">\n\t\t\t\t\t<span lang=\"EN-US\"><span style=\"line-height:115%\"><span style=\",serif\">Supi-desserdibuffet<\/span><\/span><\/span>\n\t\t\t\t<\/p>\n<\/td>\n<td style=\"width:239.85pt;border-top:none;border-left:none;border-bottom:solidwindowtext1.0pt;border-right:solidwindowtext1.0pt\" width=\"320\">\n<p style=\"margin-top:12.0pt;margin-right:0cm;margin-bottom:12.0pt;margin-left:0cm;padding:0cm5.4pt0cm5.4pt\">\n\t\t\t\t\t\u00a0\n\t\t\t\t<\/p>\n<\/td>\n<\/tr>\n<tr>\n<td style=\"width:210.95pt;border:solidwindowtext1.0pt;border-top:none\" width=\"281\">\n<p style=\"margin-top:12.0pt;margin-right:0cm;margin-bottom:12.0pt;margin-left:0cm;padding:0cm5.4pt0cm5.4pt\">\n\t\t\t\t\t<span lang=\"EN-US\"><span style=\"line-height:115%\"><span style=\",serif\">Veisemaksastrogonov<\/span><\/span><\/span>\n\t\t\t\t<\/p>\n<\/td>\n<td style=\"width:239.85pt;border-top:none;border-left:none;border-bottom:solidwindowtext1.0pt;border-right:solidwindowtext1.0pt\" width=\"320\">\n<p style=\"margin-top:12.0pt;margin-right:0cm;margin-bottom:12.0pt;margin-left:0cm;padding:0cm5.4pt0cm5.4pt\">\n\t\t\t\t\t\u00a0\n\t\t\t\t<\/p>\n<\/td>\n<\/tr>\n<tr>\n<td style=\"width:210.95pt;border:solidwindowtext1.0pt;border-top:none\" width=\"281\">\n<p style=\"margin-top:12.0pt;margin-right:0cm;margin-bottom:12.0pt;margin-left:0cm;padding:0cm5.4pt0cm5.4pt\">\n\t\t\t\t\t<span lang=\"EN-US\"><span style=\"line-height:115%\"><span style=\",serif\">L\u00f5hepasta tagliatellede ja brokkoliga<\/span><\/span><\/span>\n\t\t\t\t<\/p>\n<\/td>\n<td style=\"width:239.85pt;border-top:none;border-left:none;border-bottom:solidwindowtext1.0pt;border-right:solidwindowtext1.0pt\" width=\"320\">\n<p style=\"margin-top:12.0pt;margin-right:0cm;margin-bottom:12.0pt;margin-left:0cm;padding:0cm5.4pt0cm5.4pt\">\n\t\t\t\t\t\u00a0\n\t\t\t\t<\/p>\n<\/td>\n<\/tr>\n<\/tbody>\n<\/table>\n<p>\n\t\u00a0\n<\/p>\n<p>\n\t\u00a0\n<\/p>\n<p>\n\t2018\n<\/p>\n<p>\n\tnoorem\n<\/p>\n<p>\n\tl\u00f5ppvoor\n<\/p>\n<p style=\"margin-bottom:8.0pt\">\n\t\u00a0<\/p>\n","protected":false},"excerpt":{"rendered":"<p>Men\u00fc\u00fcst v\u00f5ib leida mitu viga. Kirjuta korrektne menuu teise veergu. Kohvi ja bezeek\u00fcpsised \u00a0 Brokkolikreemsupp \u00a0 Pikk poiss, coleslawi salat, friikartulid \u00a0 Kalakotlett, kartuli p\u00fcree, k\u00f6\u00f6giviljasalat \u00a0 L\u00f5hefilee maitsev\u00f5iga, k\u00f6\u00f6givilja woki ja peedip\u00fcreega \u00a0 Pardipurger, friikartulid \u00a0 Pulled pork ahjukartulitega &#8230;<\/p>\n","protected":false},"author":185,"featured_media":0,"parent":0,"menu_order":0,"comment_status":"closed","ping_status":"closed","template":"","meta":{"_acf_changed":false,"inline_featured_image":false,"footnotes":""},"class_list":["post-32","page","type-page","status-publish","hentry"],"acf":[],"_links":{"self":[{"href":"https:\/\/sisu.ut.ee\/keeleylesanded\/wp-json\/wp\/v2\/pages\/32","targetHints":{"allow":["GET"]}}],"collection":[{"href":"https:\/\/sisu.ut.ee\/keeleylesanded\/wp-json\/wp\/v2\/pages"}],"about":[{"href":"https:\/\/sisu.ut.ee\/keeleylesanded\/wp-json\/wp\/v2\/types\/page"}],"author":[{"embeddable":true,"href":"https:\/\/sisu.ut.ee\/keeleylesanded\/wp-json\/wp\/v2\/users\/185"}],"replies":[{"embeddable":true,"href":"https:\/\/sisu.ut.ee\/keeleylesanded\/wp-json\/wp\/v2\/comments?post=32"}],"version-history":[{"count":1,"href":"https:\/\/sisu.ut.ee\/keeleylesanded\/wp-json\/wp\/v2\/pages\/32\/revisions"}],"predecessor-version":[{"id":1712,"href":"https:\/\/sisu.ut.ee\/keeleylesanded\/wp-json\/wp\/v2\/pages\/32\/revisions\/1712"}],"wp:attachment":[{"href":"https:\/\/sisu.ut.ee\/keeleylesanded\/wp-json\/wp\/v2\/media?parent=32"}],"curies":[{"name":"wp","href":"https:\/\/api.w.org\/{rel}","templated":true}]}}