{"id":319,"date":"2024-04-04T05:03:50","date_gmt":"2024-04-04T02:03:50","guid":{"rendered":"https:\/\/sisu.ut.ee\/keeleylesanded\/kujundlik-viima-ajalehekeeles\/"},"modified":"2024-04-04T05:07:10","modified_gmt":"2024-04-04T02:07:10","slug":"kujundlik-viima-ajalehekeeles","status":"publish","type":"page","link":"https:\/\/sisu.ut.ee\/keeleylesanded\/kujundlik-viima-ajalehekeeles\/","title":{"rendered":"Kujundlik &#8220;viima&#8221; ajalehekeeles"},"content":{"rendered":"<div>\n\t<strong>Ajalehepealkirjades kasutatakse palju kujundlikkust, aga ajakirjanikud matkivad \u00fcksteist ja\u00a0piltlikud v\u00e4ljendid kipuvad h\u00e4irivalt sageli korduma. S\u00f5nastage j\u00e4rgmised lehepealkirjad \u00fcmber nii, et v\u00e4ltida verbi ,,viima\u201d \u00fclekasutust.<\/strong>\n<\/div>\n<div>\n\t\u00a0\n<\/div>\n<ol>\n<li>\n\t\tK\u00e4rped viivad t\u00f6\u00f6 40 p\u00e4\u00e4steametnikult\n\t<\/li>\n<li>\n\t\tS\u00fcgisene p\u00f5drajaht viib metsa neli Soome ministrit\n\t<\/li>\n<li>\n\t\tPatsiendid: v\u00e4iksem h\u00fcvitis viib inimesed haigena t\u00f6\u00f6le\n\t<\/li>\n<li>\n\t\tEeln\u00f5u viib p\u00f5hikoolid ja g\u00fcmnaasiumid 2012. aastaks lahku\n\t<\/li>\n<li>\n\t\tPolitseile laekunud vihje viis kolme kanepikasvanduse avastamiseni\n\t<\/li>\n<li>\n\t\tS\u00f5itjate kinnitamata turvav\u00f6\u00f6d viisid taksojuhi kohtu ette\n\t<\/li>\n<\/ol>\n<p>\n\t\u00a0\n<\/p>\n<p>\n\t2010\n<\/p>\n<p>\n\tkeskmine\n<\/p>\n<p>\n\tl\u00f5ppvoor\n<\/p>\n<div>\n\t\u00a0\n<\/div>\n","protected":false},"excerpt":{"rendered":"<p>Ajalehepealkirjades kasutatakse palju kujundlikkust, aga ajakirjanikud matkivad \u00fcksteist ja\u00a0piltlikud v\u00e4ljendid kipuvad h\u00e4irivalt sageli korduma. S\u00f5nastage j\u00e4rgmised lehepealkirjad \u00fcmber nii, et v\u00e4ltida verbi ,,viima\u201d \u00fclekasutust. \u00a0 K\u00e4rped viivad t\u00f6\u00f6 40 p\u00e4\u00e4steametnikult S\u00fcgisene p\u00f5drajaht viib metsa neli Soome ministrit Patsiendid: v\u00e4iksem h\u00fcvitis &#8230;<\/p>\n","protected":false},"author":185,"featured_media":0,"parent":0,"menu_order":0,"comment_status":"closed","ping_status":"closed","template":"","meta":{"_acf_changed":false,"inline_featured_image":false,"footnotes":""},"class_list":["post-319","page","type-page","status-publish","hentry"],"acf":[],"_links":{"self":[{"href":"https:\/\/sisu.ut.ee\/keeleylesanded\/wp-json\/wp\/v2\/pages\/319","targetHints":{"allow":["GET"]}}],"collection":[{"href":"https:\/\/sisu.ut.ee\/keeleylesanded\/wp-json\/wp\/v2\/pages"}],"about":[{"href":"https:\/\/sisu.ut.ee\/keeleylesanded\/wp-json\/wp\/v2\/types\/page"}],"author":[{"embeddable":true,"href":"https:\/\/sisu.ut.ee\/keeleylesanded\/wp-json\/wp\/v2\/users\/185"}],"replies":[{"embeddable":true,"href":"https:\/\/sisu.ut.ee\/keeleylesanded\/wp-json\/wp\/v2\/comments?post=319"}],"version-history":[{"count":1,"href":"https:\/\/sisu.ut.ee\/keeleylesanded\/wp-json\/wp\/v2\/pages\/319\/revisions"}],"predecessor-version":[{"id":1415,"href":"https:\/\/sisu.ut.ee\/keeleylesanded\/wp-json\/wp\/v2\/pages\/319\/revisions\/1415"}],"wp:attachment":[{"href":"https:\/\/sisu.ut.ee\/keeleylesanded\/wp-json\/wp\/v2\/media?parent=319"}],"curies":[{"name":"wp","href":"https:\/\/api.w.org\/{rel}","templated":true}]}}