{"id":318,"date":"2024-04-04T05:03:50","date_gmt":"2024-04-04T02:03:50","guid":{"rendered":"https:\/\/sisu.ut.ee\/keeleylesanded\/kujundlik-tooma-ajalehekeeles\/"},"modified":"2024-11-29T10:30:07","modified_gmt":"2024-11-29T08:30:07","slug":"kujundlik-tooma-ajalehekeeles","status":"publish","type":"page","link":"https:\/\/sisu.ut.ee\/keeleylesanded\/kujundlik-tooma-ajalehekeeles\/","title":{"rendered":"Kujundlik &#8220;tooma&#8221; ajalehekeeles"},"content":{"rendered":"<p style=\"text-align: justify;\"><strong>Ajalehepealkirjades kasutatakse palju kujundlikkust, aga ajakirjanikud matkivad \u00fcksteist ja piltlikud v\u00e4ljendid kipuvad h\u00e4irivalt sageli korduma. S\u00f5nastage j\u00e4rgmised lehepelakirjad \u00fcmber nii, et v\u00e4ltida verbi \u201ctooma\u201d \u00fclekasutust.<\/strong><\/p>\n<p style=\"text-align: justify;\">\n<\/p><ol>\n<li style=\"text-align: justify;\">Reisidokumendita piiri\u00fcletus toob kaasa trahvi.<\/li>\n<li style=\"text-align: justify;\">Liviko: aktsiisit\u00f5us toob salaalkoholi<\/li>\n<li style=\"text-align: justify;\">S\u00fcgis toob Eestisse balleti suurnimed<\/li>\n<li style=\"text-align: justify;\">K\u00fclm ilm toob torusulatajatele palju t\u00f6\u00f6d<\/li>\n<li style=\"text-align: justify;\">Muhu v\u00f5imup\u00f6\u00f6re t\u00f5i uueks vallajuhiks Raido Liitm\u00e4e<\/li>\n<\/ol>\n<p style=\"text-align: justify;\">\n<\/p><p style=\"text-align: justify;\">Kuidas nimetatakse pealkirjades sageli kasutatud retoorilist v\u00f5tet, kus elutule omistatakse elava omadusi ja v\u00f5imeid?<\/p>\n<p style=\"text-align: justify;\">Missugust t\u00e4hendust verb \u201ctooma\u201d enamikus \u00fclaltoodud lausetes v\u00e4ljendab?<\/p>\n<p style=\"text-align: justify;\">\n<\/p><p style=\"text-align: justify;\">2010<\/p>\n<p style=\"text-align: justify;\">vanem<\/p>\n<p style=\"text-align: justify;\">l\u00f5ppvoor<\/p>\n","protected":false},"excerpt":{"rendered":"<p>Ajalehepealkirjades kasutatakse palju kujundlikkust, aga ajakirjanikud matkivad \u00fcksteist ja piltlikud v\u00e4ljendid kipuvad h\u00e4irivalt sageli korduma. S\u00f5nastage j\u00e4rgmised lehepelakirjad \u00fcmber nii, et v\u00e4ltida verbi \u201ctooma\u201d \u00fclekasutust. Reisidokumendita piiri\u00fcletus toob kaasa trahvi. Liviko: aktsiisit\u00f5us toob salaalkoholi S\u00fcgis toob Eestisse balleti suurnimed K\u00fclm &#8230;<\/p>\n","protected":false},"author":185,"featured_media":0,"parent":0,"menu_order":0,"comment_status":"closed","ping_status":"closed","template":"","meta":{"_acf_changed":false,"inline_featured_image":false,"footnotes":""},"class_list":["post-318","page","type-page","status-publish","hentry"],"acf":[],"_links":{"self":[{"href":"https:\/\/sisu.ut.ee\/keeleylesanded\/wp-json\/wp\/v2\/pages\/318","targetHints":{"allow":["GET"]}}],"collection":[{"href":"https:\/\/sisu.ut.ee\/keeleylesanded\/wp-json\/wp\/v2\/pages"}],"about":[{"href":"https:\/\/sisu.ut.ee\/keeleylesanded\/wp-json\/wp\/v2\/types\/page"}],"author":[{"embeddable":true,"href":"https:\/\/sisu.ut.ee\/keeleylesanded\/wp-json\/wp\/v2\/users\/185"}],"replies":[{"embeddable":true,"href":"https:\/\/sisu.ut.ee\/keeleylesanded\/wp-json\/wp\/v2\/comments?post=318"}],"version-history":[{"count":2,"href":"https:\/\/sisu.ut.ee\/keeleylesanded\/wp-json\/wp\/v2\/pages\/318\/revisions"}],"predecessor-version":[{"id":1874,"href":"https:\/\/sisu.ut.ee\/keeleylesanded\/wp-json\/wp\/v2\/pages\/318\/revisions\/1874"}],"wp:attachment":[{"href":"https:\/\/sisu.ut.ee\/keeleylesanded\/wp-json\/wp\/v2\/media?parent=318"}],"curies":[{"name":"wp","href":"https:\/\/api.w.org\/{rel}","templated":true}]}}