{"id":317,"date":"2024-04-04T05:03:50","date_gmt":"2024-04-04T02:03:50","guid":{"rendered":"https:\/\/sisu.ut.ee\/keeleylesanded\/isikunimed\/"},"modified":"2024-04-04T05:07:10","modified_gmt":"2024-04-04T02:07:10","slug":"isikunimed","status":"publish","type":"page","link":"https:\/\/sisu.ut.ee\/keeleylesanded\/isikunimed\/","title":{"rendered":"Isikunimed"},"content":{"rendered":"<ol>\n<li>\n\t\tKuidas oleks luuletaja Henrik Visnapuu nimi kirjakeeles?\n\t<\/li>\n<li>\n\t\tKuidas oleks n\u00e4itleja Urmas Kibuspuu perekonnanimi kirjakeeles?\n\t<\/li>\n<li>\n\t\tKuidas k\u00f5laks kirjaniku ja t\u00f5lkija Agu Sisaski perekonnanimi kirjakeeles?\n\t<\/li>\n<li>\n\t\tJaga antud ees- ja perekonnanimed sama p\u00e4ritolu alusel paaridesse. N\u00e4ide: <em>Juhan <\/em>\u2013 <em>Hannes <\/em>(sest m\u00f5lemad tulenevad nimest <em>Johannes<\/em>).\n<ul>\n<li>\n\t\t\t\t<em>Andu, Anton, Dresen, Emma, Georg, Gita, Guido, Jaak, Jorh, Kati, Kr\u00f5\u00f5t, Kuuba, K\u00e4rt, Laas, Margit, Meos, Milla, Nigul, Pent, Piret, P\u00e4rtel, Riin, Sten, Tepo, Truuta, T\u00f5nis, Vendik, Viido<\/em>\n\t\t\t<\/li>\n<\/ul>\n<\/li>\n<li>\n\t\tMillised on Eestis praegu viis k\u00f5ige populaarsemat lehmanime?\n\t<\/li>\n<\/ol>\n","protected":false},"excerpt":{"rendered":"<p>Kuidas oleks luuletaja Henrik Visnapuu nimi kirjakeeles? Kuidas oleks n\u00e4itleja Urmas Kibuspuu perekonnanimi kirjakeeles? Kuidas k\u00f5laks kirjaniku ja t\u00f5lkija Agu Sisaski perekonnanimi kirjakeeles? Jaga antud ees- ja perekonnanimed sama p\u00e4ritolu alusel paaridesse. N\u00e4ide: Juhan \u2013 Hannes (sest m\u00f5lemad tulenevad nimest &#8230;<\/p>\n","protected":false},"author":185,"featured_media":0,"parent":0,"menu_order":0,"comment_status":"closed","ping_status":"closed","template":"","meta":{"_acf_changed":false,"inline_featured_image":false,"footnotes":""},"class_list":["post-317","page","type-page","status-publish","hentry"],"acf":[],"_links":{"self":[{"href":"https:\/\/sisu.ut.ee\/keeleylesanded\/wp-json\/wp\/v2\/pages\/317","targetHints":{"allow":["GET"]}}],"collection":[{"href":"https:\/\/sisu.ut.ee\/keeleylesanded\/wp-json\/wp\/v2\/pages"}],"about":[{"href":"https:\/\/sisu.ut.ee\/keeleylesanded\/wp-json\/wp\/v2\/types\/page"}],"author":[{"embeddable":true,"href":"https:\/\/sisu.ut.ee\/keeleylesanded\/wp-json\/wp\/v2\/users\/185"}],"replies":[{"embeddable":true,"href":"https:\/\/sisu.ut.ee\/keeleylesanded\/wp-json\/wp\/v2\/comments?post=317"}],"version-history":[{"count":1,"href":"https:\/\/sisu.ut.ee\/keeleylesanded\/wp-json\/wp\/v2\/pages\/317\/revisions"}],"predecessor-version":[{"id":1413,"href":"https:\/\/sisu.ut.ee\/keeleylesanded\/wp-json\/wp\/v2\/pages\/317\/revisions\/1413"}],"wp:attachment":[{"href":"https:\/\/sisu.ut.ee\/keeleylesanded\/wp-json\/wp\/v2\/media?parent=317"}],"curies":[{"name":"wp","href":"https:\/\/api.w.org\/{rel}","templated":true}]}}