{"id":315,"date":"2024-04-04T05:03:50","date_gmt":"2024-04-04T02:03:50","guid":{"rendered":"https:\/\/sisu.ut.ee\/keeleylesanded\/kohanimed-ii\/"},"modified":"2024-04-04T05:07:09","modified_gmt":"2024-04-04T02:07:09","slug":"kohanimed-ii","status":"publish","type":"page","link":"https:\/\/sisu.ut.ee\/keeleylesanded\/kohanimed-ii\/","title":{"rendered":"Kohanimed (II)"},"content":{"rendered":"<ol>\n<li>\n\t\tKui j\u00e4tta k\u00f5rvale nime <em>Eesti <\/em>mainimised, siis milline on \u00fcldse k\u00f5ige esimene Eesti kohanime mainimine, kus v\u00f5ib \u00e4ra tunda selle koha t\u00e4nap\u00e4evase nime?\n\t<\/li>\n<li>\n\t\tIda- ja Kesk-Eestis on v\u00e4ga levinud vere-l\u00f5pulised kohanimed. Kohanimedele iseloomulik \u2013<em>vere <\/em>on t\u00e4nap\u00e4evastesse nimedesse saanud mitmest erinevast s\u00f5nast. Millist algup\u00e4ra v\u00f5ib olla kohanimede <em>vere<\/em>-l\u00f5puosis t\u00e4nap\u00e4evastes kohanimedes? Nimeta v\u00e4hemalt neli v\u00f5imalust. (Erinevad seletused ei v\u00e4lista \u00fcksteist.)\n\t<\/li>\n<li>\n\t\tMilline on Eesti loodusnimede k\u00f5ige levinum liigis\u00f5na?\n\t<\/li>\n<li>\n\t\tKohanimed <em>Haaslava, Holstre, Luua, Neeruti, Sindi j<\/em>a <em>Ruusa <\/em>on nime saanud sama p\u00f5him\u00f5tte j\u00e4rgi. Mille j\u00e4rgi on need kohad nime saanud?\n\t<\/li>\n<li>\n\t\t<em>Naljak\u00fcsimus<\/em>. Kuidas oleks L\u00f5una-Eesti kohanimi <em>Karksi<\/em>\u2013<em>Nuia\u00a0 <\/em>eesti keelde t\u00f5lgituna?\n\t<\/li>\n<\/ol>\n","protected":false},"excerpt":{"rendered":"<p>Kui j\u00e4tta k\u00f5rvale nime Eesti mainimised, siis milline on \u00fcldse k\u00f5ige esimene Eesti kohanime mainimine, kus v\u00f5ib \u00e4ra tunda selle koha t\u00e4nap\u00e4evase nime? Ida- ja Kesk-Eestis on v\u00e4ga levinud vere-l\u00f5pulised kohanimed. Kohanimedele iseloomulik \u2013vere on t\u00e4nap\u00e4evastesse nimedesse saanud mitmest erinevast &#8230;<\/p>\n","protected":false},"author":185,"featured_media":0,"parent":0,"menu_order":0,"comment_status":"closed","ping_status":"closed","template":"","meta":{"_acf_changed":false,"inline_featured_image":false,"footnotes":""},"class_list":["post-315","page","type-page","status-publish","hentry"],"acf":[],"_links":{"self":[{"href":"https:\/\/sisu.ut.ee\/keeleylesanded\/wp-json\/wp\/v2\/pages\/315","targetHints":{"allow":["GET"]}}],"collection":[{"href":"https:\/\/sisu.ut.ee\/keeleylesanded\/wp-json\/wp\/v2\/pages"}],"about":[{"href":"https:\/\/sisu.ut.ee\/keeleylesanded\/wp-json\/wp\/v2\/types\/page"}],"author":[{"embeddable":true,"href":"https:\/\/sisu.ut.ee\/keeleylesanded\/wp-json\/wp\/v2\/users\/185"}],"replies":[{"embeddable":true,"href":"https:\/\/sisu.ut.ee\/keeleylesanded\/wp-json\/wp\/v2\/comments?post=315"}],"version-history":[{"count":1,"href":"https:\/\/sisu.ut.ee\/keeleylesanded\/wp-json\/wp\/v2\/pages\/315\/revisions"}],"predecessor-version":[{"id":1411,"href":"https:\/\/sisu.ut.ee\/keeleylesanded\/wp-json\/wp\/v2\/pages\/315\/revisions\/1411"}],"wp:attachment":[{"href":"https:\/\/sisu.ut.ee\/keeleylesanded\/wp-json\/wp\/v2\/media?parent=315"}],"curies":[{"name":"wp","href":"https:\/\/api.w.org\/{rel}","templated":true}]}}