{"id":313,"date":"2024-04-04T05:03:49","date_gmt":"2024-04-04T02:03:49","guid":{"rendered":"https:\/\/sisu.ut.ee\/keeleylesanded\/netikeelest-kirjakeeld-i\/"},"modified":"2024-11-29T10:49:42","modified_gmt":"2024-11-29T08:49:42","slug":"netikeelest-kirjakeeld-i","status":"publish","type":"page","link":"https:\/\/sisu.ut.ee\/keeleylesanded\/netikeelest-kirjakeeld-i\/","title":{"rendered":"Netikeelest kirjakeelde (I)"},"content":{"rendered":"<div style=\"text-align: justify;\"><strong>Lugege l\u00e4bi j\u00e4rgmine MSNis peetud dialoog ja kirjutage selle p\u00f5hjal kuni 50 s\u00f5na pikkune\u00a0korrektses kirjakeeles uudis, milles kajastate tulevaste \u00fcli\u00f5pilaste elamispinnaprobleeme.\u00a0Pealkirjastage tekst ise.\u00a0<\/strong><\/div>\n<div style=\"text-align: justify;\"><strong>Tooge tekstist v\u00e4lja v\u00e4hemalt kolm r\u00fchma kirjakeelde sobimatuid keelendeid, mida\u00a0tuli uudist kirja pannes v\u00e4ltida. Andke r\u00fchmadele sobiv nimetus ja esitage iga r\u00fchma juures\u00a0kolm tekstist leitud n\u00e4idet.<\/strong><\/div>\n<div style=\"text-align: justify;\"><\/div>\n<div style=\"text-align: justify;\">\n<div>S:jou, kas magama j\u00e4id seal?<\/div>\n<div>T: s\u00f6\u00f6mas k\u00e4isin naq<\/div>\n<div>S: hahaa\u2026 m\u00f5nsa<\/div>\n<div>T: m\u00f5tsin siin vahepeal et kui \u00fclikooli p\u00e4\u00e4sen, vaja ju kuskilt elamist sebida vist.<\/div>\n<div>S: sedant k\u00fcll, ma pole sellele veel \u00fcldse m\u00f5telnd.<\/div>\n<div>T: pmst mul tartus \u00fcks t\u00e4di kelle kostile v\u00f5iks ennast sokutada, see on mingi t\u00fc\u00fctu penskar. a \u00e4kki saaks tema juurde\u00a0tasuta toakese. irv<\/div>\n<div>S: jep, see ju v\u00e4\u00e4rt m\u00f5te, siis pole vaja \u00fchikaga jamada. ma olen kuuld, et \u00fchikakohta tartus suht raske saada. et pidada\u00a0ennast juba kohe juunis j\u00e4rj ekorda regama.<\/div>\n<div>T: ongi noh. karm v\u00e4rk. no aga kui sis veel ei teagi t\u00e4pselt, kas tahan kilulinna v\u00f5i tartusse.<\/div>\n<div>S: yeah, siis vaja k\u00e4belt otsustada ve :-0<\/div>\n<div>T:ja norm erakate hinnad pidid s\u00fcgisel ikka t\u00f5siselt laes olema.<\/div>\n<div>S: norm erakas sis selline, kus ikka keskk\u00fcte, eraldi toadja \u00fchine vets ja vannituba.<\/div>\n<div>T: tegelt on tartus v\u00e4\u00e4ga paljud tudengid k\u00f5ik norm erakad vist \u00e4ra h\u00f5ivand, mis m\u00f5istliku papi eest saadaval.<\/div>\n<div>S: ei tea, kas ntx \u00fc\u00fcrikasse koos minna tuleks soodsam?<\/div>\n<div>T: v\u00f5ix ju tegelt netist t\u0161ekata neid hindu, eksole?<\/div>\n<div>S: ok, siis ju strategy olemas. v\u00f5iks t\u00f5esti kahepeale mingi eraka\u00a0 sehkendada. odavam ja m\u00f5nsa ju ka kui on oma tuba ja\u00a0v\u00e4rki.<\/div>\n<div>T: njh, teeme \u00e4ra \ud83d\ude09<\/div>\n<div style=\"text-align: justify;\">\u2026\u2026\u2026\u2026\u2026\u2026\u2026\u2026\u2026\u2026\u2026\u2026\u2026\u2026\u2026\u2026\u2026\u2026\u2026\u2026\u2026\u2026\u2026\u2026\u2026\u2026\u2026\u2026\u2026\u2026\u2026\u2026\u2026\u2026\u2026\u2026\u2026\u2026\u2026\u2026\u2026\u2026\u2026\u2026\u2026\u2026\u2026\u2026\u2026\u2026\u2026\u2026\u2026.<\/div>\n<div style=\"text-align: justify;\">\n<div style=\"text-align: justify;\">\u2026\u2026\u2026\u2026\u2026\u2026\u2026\u2026\u2026\u2026\u2026\u2026\u2026\u2026\u2026\u2026\u2026\u2026\u2026\u2026\u2026\u2026\u2026\u2026\u2026\u2026\u2026\u2026\u2026\u2026\u2026\u2026\u2026\u2026\u2026\u2026\u2026\u2026\u2026\u2026\u2026\u2026\u2026\u2026\u2026\u2026\u2026\u2026\u2026\u2026\u2026\u2026\u2026.<\/div>\n<div style=\"text-align: justify;\">\n<div style=\"text-align: justify;\">\u2026\u2026\u2026\u2026\u2026\u2026\u2026\u2026\u2026\u2026\u2026\u2026\u2026\u2026\u2026\u2026\u2026\u2026\u2026\u2026\u2026\u2026\u2026\u2026\u2026\u2026\u2026\u2026\u2026\u2026\u2026\u2026\u2026\u2026\u2026\u2026\u2026\u2026\u2026\u2026\u2026\u2026\u2026\u2026\u2026\u2026\u2026\u2026\u2026\u2026\u2026\u2026\u2026.<\/div>\n<div style=\"text-align: justify;\">Kirjakeelde sobimatute keelendite r\u00fchmad ja n\u00e4ited:<\/div>\n<div style=\"text-align: justify;\">1) \u2026\u2026\u2026\u2026\u2026\u2026\u2026\u2026\u2026\u2026\u2026\u2026\u2026\u2026\u2026\u2026\u2026\u2026\u2026\u2026\u2026\u2026\u2026\u2026\u2026\u2026\u2026\u2026\u2026\u2026\u2026\u2026\u2026\u2026\u2026\u2026\u2026\u2026\u2026\u2026\u2026\u2026\u2026\u2026\u2026\u2026\u2026\u2026\u2026\u2026\u2026.<\/div>\n<div style=\"text-align: justify;\">2) \u2026\u2026\u2026\u2026\u2026\u2026\u2026\u2026\u2026\u2026\u2026\u2026\u2026\u2026\u2026\u2026\u2026\u2026\u2026\u2026\u2026\u2026\u2026\u2026\u2026\u2026\u2026\u2026\u2026\u2026\u2026\u2026\u2026\u2026\u2026\u2026\u2026\u2026\u2026\u2026\u2026\u2026\u2026\u2026\u2026\u2026\u2026\u2026\u2026\u2026\u2026\u2026<\/div>\n<div style=\"text-align: justify;\">3) \u2026\u2026\u2026\u2026\u2026\u2026\u2026\u2026\u2026\u2026\u2026\u2026\u2026\u2026\u2026\u2026\u2026\u2026\u2026\u2026\u2026\u2026\u2026\u2026\u2026\u2026\u2026\u2026\u2026\u2026\u2026\u2026\u2026\u2026\u2026\u2026\u2026\u2026\u2026\u2026\u2026\u2026\u2026\u2026\u2026\u2026\u2026\u2026\u2026\u2026\u2026\u2026<\/div>\n<div style=\"text-align: justify;\"><\/div>\n<div style=\"text-align: justify;\">2010<\/div>\n<div style=\"text-align: justify;\">vanem<\/div>\n<div style=\"text-align: justify;\">l\u00f5ppvoor<\/div>\n<\/div>\n<\/div>\n<p><a href=\"https:\/\/sisu.ut.ee\/keeleylesanded\/netikeelest-kirjakeelde-i-vastus\/\">Vastus<\/a><\/p>\n<\/div>\n","protected":false},"excerpt":{"rendered":"<p>Lugege l\u00e4bi j\u00e4rgmine MSNis peetud dialoog ja kirjutage selle p\u00f5hjal kuni 50 s\u00f5na pikkune\u00a0korrektses kirjakeeles uudis, milles kajastate tulevaste \u00fcli\u00f5pilaste elamispinnaprobleeme.\u00a0Pealkirjastage tekst ise.\u00a0 Tooge tekstist v\u00e4lja v\u00e4hemalt kolm r\u00fchma kirjakeelde sobimatuid keelendeid, mida\u00a0tuli uudist kirja pannes v\u00e4ltida. Andke r\u00fchmadele sobiv &#8230;<\/p>\n","protected":false},"author":185,"featured_media":0,"parent":0,"menu_order":0,"comment_status":"closed","ping_status":"closed","template":"","meta":{"_acf_changed":false,"inline_featured_image":false,"footnotes":""},"class_list":["post-313","page","type-page","status-publish","hentry"],"acf":[],"_links":{"self":[{"href":"https:\/\/sisu.ut.ee\/keeleylesanded\/wp-json\/wp\/v2\/pages\/313","targetHints":{"allow":["GET"]}}],"collection":[{"href":"https:\/\/sisu.ut.ee\/keeleylesanded\/wp-json\/wp\/v2\/pages"}],"about":[{"href":"https:\/\/sisu.ut.ee\/keeleylesanded\/wp-json\/wp\/v2\/types\/page"}],"author":[{"embeddable":true,"href":"https:\/\/sisu.ut.ee\/keeleylesanded\/wp-json\/wp\/v2\/users\/185"}],"replies":[{"embeddable":true,"href":"https:\/\/sisu.ut.ee\/keeleylesanded\/wp-json\/wp\/v2\/comments?post=313"}],"version-history":[{"count":2,"href":"https:\/\/sisu.ut.ee\/keeleylesanded\/wp-json\/wp\/v2\/pages\/313\/revisions"}],"predecessor-version":[{"id":1900,"href":"https:\/\/sisu.ut.ee\/keeleylesanded\/wp-json\/wp\/v2\/pages\/313\/revisions\/1900"}],"wp:attachment":[{"href":"https:\/\/sisu.ut.ee\/keeleylesanded\/wp-json\/wp\/v2\/media?parent=313"}],"curies":[{"name":"wp","href":"https:\/\/api.w.org\/{rel}","templated":true}]}}