{"id":31,"date":"2024-04-04T05:03:23","date_gmt":"2024-04-04T02:03:23","guid":{"rendered":"https:\/\/sisu.ut.ee\/keeleylesanded\/eurovanasonad-i\/"},"modified":"2024-11-28T23:20:05","modified_gmt":"2024-11-28T21:20:05","slug":"eurovanasonad-i","status":"publish","type":"page","link":"https:\/\/sisu.ut.ee\/keeleylesanded\/eurovanasonad-i\/","title":{"rendered":"Eurovanas\u00f5nad (I)"},"content":{"rendered":"<p><strong>Mis vanas\u00f5nadega on siin tegemist?<\/strong><\/p>\n<ol>\n<li>Rahalised ressursid k\u00e4ivitavad rataste s\u00fcsteemi.<\/li>\n<li>Vesise keskkonna tingimustuse p\u00f5hja suunduv isiksus haarab kinni ka torujast taimevarrest.<\/li>\n<li>Mittearglik alustamine garanteerib 50% v\u00f5idust.<\/li>\n<li>Kes kaaskodaniku jaoks organiseerib pinnases t\u00fchimikku, see ise sinna maandub.<\/li>\n<li>Vara t\u00f6\u00f6postile, hilja puhkeasemele, n\u00f5nda j\u00f5uti materiaalse heaolu k\u00f5rgele tasemele.<\/li>\n<li>H\u00e4da stimuleerib h\u00e4rgolendi veev\u00f5tus\u00fcvendisse.<\/li>\n<\/ol>\n<p>2004<\/p>\n<p>noorem<\/p>\n<p>l\u00f5ppvoor<\/p>\n<p><a href=\"https:\/\/sisu.ut.ee\/keeleylesanded\/eurovanasonad-i-vastus\/\">Vastus<\/a><\/p>\n","protected":false},"excerpt":{"rendered":"<p>Mis vanas\u00f5nadega on siin tegemist? Rahalised ressursid k\u00e4ivitavad rataste s\u00fcsteemi. Vesise keskkonna tingimustuse p\u00f5hja suunduv isiksus haarab kinni ka torujast taimevarrest. Mittearglik alustamine garanteerib 50% v\u00f5idust. Kes kaaskodaniku jaoks organiseerib pinnases t\u00fchimikku, see ise sinna maandub. Vara t\u00f6\u00f6postile, hilja puhkeasemele, &#8230;<\/p>\n","protected":false},"author":185,"featured_media":0,"parent":0,"menu_order":0,"comment_status":"closed","ping_status":"closed","template":"","meta":{"_acf_changed":false,"inline_featured_image":false,"footnotes":""},"class_list":["post-31","page","type-page","status-publish","hentry"],"acf":[],"_links":{"self":[{"href":"https:\/\/sisu.ut.ee\/keeleylesanded\/wp-json\/wp\/v2\/pages\/31","targetHints":{"allow":["GET"]}}],"collection":[{"href":"https:\/\/sisu.ut.ee\/keeleylesanded\/wp-json\/wp\/v2\/pages"}],"about":[{"href":"https:\/\/sisu.ut.ee\/keeleylesanded\/wp-json\/wp\/v2\/types\/page"}],"author":[{"embeddable":true,"href":"https:\/\/sisu.ut.ee\/keeleylesanded\/wp-json\/wp\/v2\/users\/185"}],"replies":[{"embeddable":true,"href":"https:\/\/sisu.ut.ee\/keeleylesanded\/wp-json\/wp\/v2\/comments?post=31"}],"version-history":[{"count":2,"href":"https:\/\/sisu.ut.ee\/keeleylesanded\/wp-json\/wp\/v2\/pages\/31\/revisions"}],"predecessor-version":[{"id":1826,"href":"https:\/\/sisu.ut.ee\/keeleylesanded\/wp-json\/wp\/v2\/pages\/31\/revisions\/1826"}],"wp:attachment":[{"href":"https:\/\/sisu.ut.ee\/keeleylesanded\/wp-json\/wp\/v2\/media?parent=31"}],"curies":[{"name":"wp","href":"https:\/\/api.w.org\/{rel}","templated":true}]}}