{"id":308,"date":"2024-04-04T05:03:49","date_gmt":"2024-04-04T02:03:49","guid":{"rendered":"https:\/\/sisu.ut.ee\/keeleylesanded\/ferdinand-johann-wiedemann\/"},"modified":"2024-11-28T23:22:36","modified_gmt":"2024-11-28T21:22:36","slug":"ferdinand-johann-wiedemann","status":"publish","type":"page","link":"https:\/\/sisu.ut.ee\/keeleylesanded\/ferdinand-johann-wiedemann\/","title":{"rendered":"Ferdinand Johann Wiedemann"},"content":{"rendered":"<ol>\n<li>Nimetage akadeemik Ferdinand Johann Wiedemanni s\u00fcnnilinn.<\/li>\n<li>Kes eesti keeleteadlastest on kirjutanud Wiedemanni monograafia?<\/li>\n<li>Wiedemanni eesti-saksa s\u00f5naraamat (\u201eEhstnisch-Deutsches W\u00f6rterbuch\u201d) on ilmunud neli korda. Millal? Kui palju on selle tr\u00fckke?<\/li>\n<li>Kuidas on Ferdinand Johann Wiedemanniga seotud eesti keeleteadlane ja folklorist Jakob Hurt?<\/li>\n<li>Mitu Wiedemanni keeleauhinna laureaati on kirjutanud luuletusi, seda nii professionaali kui ka asjaarmastajana. Kes neist on kasutanud luuletajanime Elli Nurk?<\/li>\n<li>Milline Wiedemanni keeleauhinna laureaat on kirjutanud s\u00fcnon\u00fc\u00fcmirohke jutu \u201cHunt ja susi\u201d?<\/li>\n<\/ol>\n<p><a href=\"https:\/\/sisu.ut.ee\/keeleylesanded\/ferdinand-johann-wiedemann-vastus\/\">Vastus<\/a><\/p>\n","protected":false},"excerpt":{"rendered":"<p>Nimetage akadeemik Ferdinand Johann Wiedemanni s\u00fcnnilinn. Kes eesti keeleteadlastest on kirjutanud Wiedemanni monograafia? Wiedemanni eesti-saksa s\u00f5naraamat (\u201eEhstnisch-Deutsches W\u00f6rterbuch\u201d) on ilmunud neli korda. Millal? Kui palju on selle tr\u00fckke? Kuidas on Ferdinand Johann Wiedemanniga seotud eesti keeleteadlane ja folklorist Jakob Hurt? &#8230;<\/p>\n","protected":false},"author":185,"featured_media":0,"parent":0,"menu_order":0,"comment_status":"closed","ping_status":"closed","template":"","meta":{"_acf_changed":false,"inline_featured_image":false,"footnotes":""},"class_list":["post-308","page","type-page","status-publish","hentry"],"acf":[],"_links":{"self":[{"href":"https:\/\/sisu.ut.ee\/keeleylesanded\/wp-json\/wp\/v2\/pages\/308","targetHints":{"allow":["GET"]}}],"collection":[{"href":"https:\/\/sisu.ut.ee\/keeleylesanded\/wp-json\/wp\/v2\/pages"}],"about":[{"href":"https:\/\/sisu.ut.ee\/keeleylesanded\/wp-json\/wp\/v2\/types\/page"}],"author":[{"embeddable":true,"href":"https:\/\/sisu.ut.ee\/keeleylesanded\/wp-json\/wp\/v2\/users\/185"}],"replies":[{"embeddable":true,"href":"https:\/\/sisu.ut.ee\/keeleylesanded\/wp-json\/wp\/v2\/comments?post=308"}],"version-history":[{"count":2,"href":"https:\/\/sisu.ut.ee\/keeleylesanded\/wp-json\/wp\/v2\/pages\/308\/revisions"}],"predecessor-version":[{"id":1829,"href":"https:\/\/sisu.ut.ee\/keeleylesanded\/wp-json\/wp\/v2\/pages\/308\/revisions\/1829"}],"wp:attachment":[{"href":"https:\/\/sisu.ut.ee\/keeleylesanded\/wp-json\/wp\/v2\/media?parent=308"}],"curies":[{"name":"wp","href":"https:\/\/api.w.org\/{rel}","templated":true}]}}