{"id":305,"date":"2024-04-04T05:03:49","date_gmt":"2024-04-04T02:03:49","guid":{"rendered":"https:\/\/sisu.ut.ee\/keeleylesanded\/keele-ja-stiilivead-ajalehelausetes-0\/"},"modified":"2024-11-28T23:41:02","modified_gmt":"2024-11-28T21:41:02","slug":"keele-ja-stiilivead-ajalehelausetes-0","status":"publish","type":"page","link":"https:\/\/sisu.ut.ee\/keeleylesanded\/keele-ja-stiilivead-ajalehelausetes-0\/","title":{"rendered":"Keele- ja stiilivead ajalehelausetes"},"content":{"rendered":"<div class=\"field field-name-body field-type-text-with-summary field-label-hidden\">\n<div class=\"field-items\">\n<div class=\"field-item even\">\n<p style=\"margin-bottom: 10.0pt; text-align: left;\" align=\"left\"><b>Parandage j\u00e4rgmistes ajalehelausetes k\u00f5ik keele- ja stiilivead. \u00dcks lause on \u00f5ige.<\/b><\/p>\n<ol>\n<li style=\"margin-bottom: 10.0pt; text-align: left;\">Tartu Treffner\u2019i g\u00fcmnaaseumi direktor Ott Ojaveere\u00a0s\u00f5nul pole sel aastal m\u00f5tete Eurorahadele loota.<\/li>\n<li style=\"margin-bottom: 10.0pt; text-align: left;\">\u201eSee on t\u00f5epoolest vaid tagantj\u00e4rgi tarkus\u201c, m\u00f6\u00f6nas direktor.<\/li>\n<li style=\"margin-bottom: 10.0pt; text-align: left;\">V\u00e4hem olulisem pole ka see, et Postimehes ei mainitud v\u00f5itjat kordagi.<\/li>\n<li style=\"margin-bottom: 10.0pt; text-align: left;\">Hellus jogurtid on seedimisele head.<\/li>\n<li style=\"margin-bottom: 10.0pt; text-align: left;\">Viljandi l\u00e4hedal peatati \u00e4randajad kinni.<\/li>\n<li style=\"margin-bottom: 10.0pt; text-align: left;\">Sel juhul tekib k\u00fcsimus, et kes neid \u00f5ppetoetus siis saab?<\/li>\n<li style=\"margin-bottom: 10.0pt; text-align: left;\">Olgugi et Raekoja platsil polnud kuigi palju istekohti, mahtusid k\u00f5ik huvilised etendust vaatama.<\/li>\n<li style=\"margin-bottom: 10.0pt; text-align: left;\">Ta on saavutanud viis korda NBA v\u00e4\u00e4rtuslikeima m\u00e4ngija tiitli.<\/li>\n<li style=\"margin-bottom: 10.0pt; text-align: left;\">Minister saabus ja lahkus peolt koos perega.<\/li>\n<\/ol>\n<p style=\"margin-bottom: 10.0pt; text-align: left;\">\n<\/p><p style=\"margin-bottom: 10.0pt; text-align: left;\">2010<\/p>\n<p style=\"margin-bottom: 10.0pt; text-align: left;\">vanem<\/p>\n<p style=\"margin-bottom: 10.0pt; text-align: left;\">l\u00f5ppvoor<\/p>\n<p style=\"margin-bottom: 10.0pt; text-align: left;\"><a href=\"https:\/\/sisu.ut.ee\/keeleylesanded\/keele-ja-stiilivead-ajalehelausetes-vastus-0\/\">Vastus<\/a><\/p>\n<\/div>\n<\/div>\n<\/div>\n","protected":false},"excerpt":{"rendered":"<p>Parandage j\u00e4rgmistes ajalehelausetes k\u00f5ik keele- ja stiilivead. \u00dcks lause on \u00f5ige. Tartu Treffner\u2019i g\u00fcmnaaseumi direktor Ott Ojaveere\u00a0s\u00f5nul pole sel aastal m\u00f5tete Eurorahadele loota. \u201eSee on t\u00f5epoolest vaid tagantj\u00e4rgi tarkus\u201c, m\u00f6\u00f6nas direktor. V\u00e4hem olulisem pole ka see, et Postimehes ei mainitud &#8230;<\/p>\n","protected":false},"author":185,"featured_media":0,"parent":0,"menu_order":0,"comment_status":"closed","ping_status":"closed","template":"","meta":{"_acf_changed":false,"inline_featured_image":false,"footnotes":""},"class_list":["post-305","page","type-page","status-publish","hentry"],"acf":[],"_links":{"self":[{"href":"https:\/\/sisu.ut.ee\/keeleylesanded\/wp-json\/wp\/v2\/pages\/305","targetHints":{"allow":["GET"]}}],"collection":[{"href":"https:\/\/sisu.ut.ee\/keeleylesanded\/wp-json\/wp\/v2\/pages"}],"about":[{"href":"https:\/\/sisu.ut.ee\/keeleylesanded\/wp-json\/wp\/v2\/types\/page"}],"author":[{"embeddable":true,"href":"https:\/\/sisu.ut.ee\/keeleylesanded\/wp-json\/wp\/v2\/users\/185"}],"replies":[{"embeddable":true,"href":"https:\/\/sisu.ut.ee\/keeleylesanded\/wp-json\/wp\/v2\/comments?post=305"}],"version-history":[{"count":2,"href":"https:\/\/sisu.ut.ee\/keeleylesanded\/wp-json\/wp\/v2\/pages\/305\/revisions"}],"predecessor-version":[{"id":1846,"href":"https:\/\/sisu.ut.ee\/keeleylesanded\/wp-json\/wp\/v2\/pages\/305\/revisions\/1846"}],"wp:attachment":[{"href":"https:\/\/sisu.ut.ee\/keeleylesanded\/wp-json\/wp\/v2\/media?parent=305"}],"curies":[{"name":"wp","href":"https:\/\/api.w.org\/{rel}","templated":true}]}}