{"id":304,"date":"2024-04-04T05:03:49","date_gmt":"2024-04-04T02:03:49","guid":{"rendered":"https:\/\/sisu.ut.ee\/keeleylesanded\/argisuhtlus-0\/"},"modified":"2024-11-28T14:59:42","modified_gmt":"2024-11-28T12:59:42","slug":"argisuhtlus-0","status":"publish","type":"page","link":"https:\/\/sisu.ut.ee\/keeleylesanded\/argisuhtlus-0\/","title":{"rendered":"Argisuhtlus"},"content":{"rendered":"<p><b><span lang=\"EN-US\">Uuri neid jututubade korpuse n\u00e4ited. N\u00e4idetes annab kohati \u00f5igekirjast lahknev kirjapilt edasi s\u00f5nade h\u00e4\u00e4ldust sellisena, nagu see on suulises suhtluses \u2013 enamiku n\u00e4idete korral siiski argisuhtluses. <\/span><\/b><\/p>\n<p><b><span lang=\"FI\">Mida \u00fctlevad need n\u00e4ited eesti keele suulise suhtluse h\u00e4\u00e4lduse ja kirjapildi erinevuste kohta?<\/span><\/b> <b><span lang=\"EN-US\">Kirjuta igast reast v\u00e4lja need s\u00f5nad, mis k\u00e4ivad sama h\u00e4\u00e4ldusn\u00e4htuse kohta. Kirjuta iga s\u00f5narea kohta kirjeldus, kuidas suulise suhtluse h\u00e4\u00e4ldus erineb \u00f5igekirjast. <\/span><\/b><\/p>\n<p><span lang=\"EN-US\">N\u00e4ited<\/span><\/p>\n<p><span lang=\"EN-US\">\u2022\u00a0\u00a0\u00a0\u00a0\u00a0\u00a0\u00a0\u00a0\u00a0 v\u00e4h\u00e4 ei ol\u00e4\u00e4\u00e4, need j\u00e4\u00e4vad ikka p\u00e4h\u00e4, tegelt ma p\u00e4rast l\u00e4h\u00e4n, ter\u00e4 raffas, sull\u00e4 kaaa, ei tul\u00e4 juu<\/span><\/p>\n<p><span lang=\"EN-US\">\u2022\u00a0\u00a0\u00a0\u00a0\u00a0\u00a0\u00a0\u00a0\u00a0 ma l\u00e4hen j\u00e4rgmine reede mitmex p\u00e4\u00e4vax \u00e4\u00e4, ja siis munam\u00e4\u00e4l k\u00e4isin j\u00e4lle, tee silmad lahti siis n\u00e4\u00e4d, k\u00e4\u00e4s oli v\u00e4ike valu, <\/span><\/p>\n<p><span lang=\"EN-US\">\u2022\u00a0\u00a0\u00a0\u00a0\u00a0\u00a0\u00a0\u00a0\u00a0 igap\u00e4ev on vaffa p\u00e4\u00e4v, ok leffake raffas \u2026 ma lahkun, see teeb sinust affide affi<\/span><\/p>\n<p><span lang=\"EN-US\">\u2022\u00a0\u00a0\u00a0\u00a0\u00a0\u00a0\u00a0\u00a0\u00a0 no lase k\u00e4ija, hoija oma l\u00f5uad kinni, ta on t\u00e4ijelik n\u00f5medik, lasteaija l\u00f5pupidu, aga tglt maitse \u00fcle ei vaijelda, ei sa nagu vaata ringi leijad neid kindlalt rohkem, suurte t\u00e4htedega ja miljon h\u00fcijum\u00e4rki<\/span><\/p>\n<p><span lang=\"EN-US\">\u2022\u00a0\u00a0\u00a0\u00a0\u00a0\u00a0\u00a0\u00a0\u00a0 a peale seda puhkus akkap koe, kama on ea aint keefiriga, ups iljaksa j\u00e4in, mind ehmatati nii irmasti, mida uvitavat on ka?<\/span><\/p>\n<ul>\n<li><span style=\"line-height: 150%;\"><span lang=\"EN-US\">\u2026\u2026\u2026\u2026\u2026\u2026\u2026\u2026\u2026\u2026\u2026\u2026\u2026\u2026\u2026\u2026\u2026\u2026\u2026\u2026\u2026\u2026\u2026\u2026\u2026\u2026\u2026\u2026\u2026\u2026\u2026\u2026\u2026\u2026\u2026\u2026\u2026\u2026\u2026\u2026\u2026\u2026\u2026\u2026\u2026\u2026\u2026 \u2026\u2026\u2026\u2026\u2026\u2026\u2026\u2026\u2026\u2026\u2026\u2026\u2026\u2026\u2026\u2026\u2026\u2026\u2026\u2026\u2026\u2026\u2026\u2026\u2026\u2026\u2026\u2026\u2026\u2026\u2026<\/span><\/span>\u2026\u2026\u2026\u2026\u2026\u2026\u2026\u2026\u2026\u2026\u2026\u2026\u2026\u2026\u2026\u2026\u2026.<\/li>\n<li><span style=\"line-height: 150%;\"><span lang=\"EN-US\">\u2026\u2026\u2026\u2026\u2026\u2026\u2026\u2026\u2026\u2026\u2026\u2026\u2026\u2026\u2026\u2026\u2026\u2026\u2026\u2026\u2026\u2026\u2026\u2026\u2026\u2026\u2026\u2026\u2026\u2026\u2026\u2026\u2026\u2026\u2026\u2026\u2026\u2026\u2026\u2026\u2026\u2026\u2026\u2026\u2026\u2026\u2026 \u2026\u2026\u2026\u2026\u2026\u2026\u2026\u2026\u2026\u2026\u2026\u2026\u2026\u2026\u2026\u2026\u2026\u2026\u2026\u2026\u2026\u2026\u2026\u2026\u2026\u2026\u2026\u2026\u2026\u2026\u2026<\/span><\/span>\u2026\u2026\u2026\u2026\u2026\u2026\u2026\u2026\u2026\u2026\u2026\u2026\u2026\u2026\u2026\u2026\u2026.<\/li>\n<li><span style=\"line-height: 150%;\"><span lang=\"EN-US\">\u2026\u2026\u2026\u2026\u2026\u2026\u2026\u2026\u2026\u2026\u2026\u2026\u2026\u2026\u2026\u2026\u2026\u2026\u2026\u2026\u2026\u2026\u2026\u2026\u2026\u2026\u2026\u2026\u2026\u2026\u2026\u2026\u2026\u2026\u2026\u2026\u2026\u2026\u2026\u2026\u2026\u2026\u2026\u2026\u2026\u2026\u2026 \u2026\u2026\u2026\u2026\u2026\u2026\u2026\u2026\u2026\u2026\u2026\u2026\u2026\u2026\u2026\u2026\u2026\u2026\u2026\u2026\u2026\u2026\u2026\u2026\u2026\u2026\u2026\u2026\u2026\u2026\u2026<\/span><\/span>\u2026\u2026\u2026\u2026\u2026\u2026\u2026\u2026\u2026\u2026\u2026\u2026\u2026\u2026\u2026\u2026\u2026..<\/li>\n<li><span style=\"line-height: 150%;\"><span lang=\"EN-US\">\u2026\u2026\u2026\u2026\u2026\u2026\u2026\u2026\u2026\u2026\u2026\u2026\u2026\u2026\u2026\u2026\u2026\u2026\u2026\u2026\u2026\u2026\u2026\u2026\u2026\u2026\u2026\u2026\u2026\u2026\u2026\u2026\u2026\u2026\u2026\u2026\u2026\u2026\u2026\u2026\u2026\u2026\u2026\u2026\u2026\u2026\u2026 \u2026\u2026\u2026\u2026\u2026\u2026\u2026\u2026\u2026\u2026\u2026\u2026\u2026\u2026\u2026\u2026\u2026\u2026\u2026\u2026\u2026\u2026\u2026\u2026\u2026\u2026\u2026\u2026\u2026\u2026\u2026<\/span><\/span>\u2026\u2026\u2026\u2026\u2026\u2026\u2026\u2026\u2026\u2026\u2026\u2026\u2026\u2026\u2026\u2026\u2026\u2026<\/li>\n<li><span style=\"line-height: 150%;\"><span lang=\"EN-US\">\u2026\u2026\u2026\u2026\u2026\u2026\u2026\u2026\u2026\u2026\u2026\u2026\u2026\u2026\u2026\u2026\u2026\u2026\u2026\u2026\u2026\u2026\u2026\u2026\u2026\u2026\u2026\u2026\u2026\u2026\u2026\u2026\u2026\u2026\u2026\u2026\u2026\u2026\u2026\u2026\u2026\u2026\u2026\u2026\u2026\u2026\u2026 \u2026\u2026\u2026\u2026\u2026\u2026\u2026\u2026\u2026\u2026\u2026\u2026\u2026\u2026\u2026\u2026\u2026\u2026\u2026\u2026\u2026\u2026\u2026\u2026\u2026\u2026\u2026\u2026\u2026\u2026\u2026<\/span><\/span>\u2026\u2026\u2026\u2026\u2026\u2026\u2026\u2026\u2026\u2026\u2026\u2026\u2026\u2026\u2026\u2026\u2026..<\/li>\n<\/ul>\n<p>2018<\/p>\n<p>l\u00f5ppvoor<\/p>\n<p>vanem<\/p>\n<p><a href=\"https:\/\/sisu.ut.ee\/keeleylesanded\/argisuhtlus-vastus\/\">Vastus<\/a><\/p>\n","protected":false},"excerpt":{"rendered":"<p>Uuri neid jututubade korpuse n\u00e4ited. N\u00e4idetes annab kohati \u00f5igekirjast lahknev kirjapilt edasi s\u00f5nade h\u00e4\u00e4ldust sellisena, nagu see on suulises suhtluses \u2013 enamiku n\u00e4idete korral siiski argisuhtluses. Mida \u00fctlevad need n\u00e4ited eesti keele suulise suhtluse h\u00e4\u00e4lduse ja kirjapildi erinevuste kohta? Kirjuta &#8230;<\/p>\n","protected":false},"author":185,"featured_media":0,"parent":0,"menu_order":0,"comment_status":"closed","ping_status":"closed","template":"","meta":{"_acf_changed":false,"inline_featured_image":false,"footnotes":""},"class_list":["post-304","page","type-page","status-publish","hentry"],"acf":[],"_links":{"self":[{"href":"https:\/\/sisu.ut.ee\/keeleylesanded\/wp-json\/wp\/v2\/pages\/304","targetHints":{"allow":["GET"]}}],"collection":[{"href":"https:\/\/sisu.ut.ee\/keeleylesanded\/wp-json\/wp\/v2\/pages"}],"about":[{"href":"https:\/\/sisu.ut.ee\/keeleylesanded\/wp-json\/wp\/v2\/types\/page"}],"author":[{"embeddable":true,"href":"https:\/\/sisu.ut.ee\/keeleylesanded\/wp-json\/wp\/v2\/users\/185"}],"replies":[{"embeddable":true,"href":"https:\/\/sisu.ut.ee\/keeleylesanded\/wp-json\/wp\/v2\/comments?post=304"}],"version-history":[{"count":2,"href":"https:\/\/sisu.ut.ee\/keeleylesanded\/wp-json\/wp\/v2\/pages\/304\/revisions"}],"predecessor-version":[{"id":1792,"href":"https:\/\/sisu.ut.ee\/keeleylesanded\/wp-json\/wp\/v2\/pages\/304\/revisions\/1792"}],"wp:attachment":[{"href":"https:\/\/sisu.ut.ee\/keeleylesanded\/wp-json\/wp\/v2\/media?parent=304"}],"curies":[{"name":"wp","href":"https:\/\/api.w.org\/{rel}","templated":true}]}}