{"id":303,"date":"2024-04-04T05:03:48","date_gmt":"2024-04-04T02:03:48","guid":{"rendered":"https:\/\/sisu.ut.ee\/keeleylesanded\/astmevaheldus-0\/"},"modified":"2024-11-28T15:05:19","modified_gmt":"2024-11-28T13:05:19","slug":"astmevaheldus-0","status":"publish","type":"page","link":"https:\/\/sisu.ut.ee\/keeleylesanded\/astmevaheldus-0\/","title":{"rendered":"Astmevaheldus"},"content":{"rendered":"<p>Nimeta iga s\u00f5na astmevahelduse liik (laadivaheldus v\u00f5i v\u00e4ltevaheldus), m\u00e4\u00e4ra aste (tugev v\u00f5i n\u00f5rk) ja moodusta s\u00f5nast vastupidine aste.<\/p>\n<table class=\"table table-hover\" style=\"width: 500px;\" border=\"1\" cellspacing=\"1\" cellpadding=\"1\">\n<thead>\n<tr>\n<th scope=\"col\">S\u00f5na<\/th>\n<th scope=\"col\">Astmevahelduse liik<\/th>\n<th scope=\"col\">Aste<\/th>\n<th scope=\"col\">S\u00f5na vastupidises astmes<\/th>\n<\/tr>\n<\/thead>\n<tbody>\n<tr>\n<td>hambas<\/td>\n<td><\/td>\n<td><\/td>\n<td><\/td>\n<\/tr>\n<tr>\n<td>habraste<\/td>\n<td><\/td>\n<td><\/td>\n<td><\/td>\n<\/tr>\n<tr>\n<td>k\u00fc\u00fcnlale<\/td>\n<td><\/td>\n<td><\/td>\n<td><\/td>\n<\/tr>\n<tr>\n<td>ooteks<\/td>\n<td><\/td>\n<td><\/td>\n<td><\/td>\n<\/tr>\n<tr>\n<td>joad<\/td>\n<td><\/td>\n<td><\/td>\n<td><\/td>\n<\/tr>\n<tr>\n<td>turve<\/td>\n<td><\/td>\n<td><\/td>\n<td><\/td>\n<\/tr>\n<tr>\n<td>tuge<\/td>\n<td><\/td>\n<td><\/td>\n<td><\/td>\n<\/tr>\n<tr>\n<td>n\u00f5udeks<\/td>\n<td><\/td>\n<td><\/td>\n<td><\/td>\n<\/tr>\n<tr>\n<td>s\u00f5jas<\/td>\n<td><\/td>\n<td><\/td>\n<td><\/td>\n<\/tr>\n<tr>\n<td>s\u00f5itis<\/td>\n<td><\/td>\n<td><\/td>\n<td><\/td>\n<\/tr>\n<tr>\n<td>pidama<\/td>\n<td><\/td>\n<td><\/td>\n<td><\/td>\n<\/tr>\n<tr>\n<td>otsima<\/td>\n<td><\/td>\n<td><\/td>\n<td><\/td>\n<\/tr>\n<tr>\n<td>v\u00f5tab<\/td>\n<td><\/td>\n<td><\/td>\n<td><\/td>\n<\/tr>\n<tr>\n<td>kiirgasid<\/td>\n<td><\/td>\n<td><\/td>\n<td><\/td>\n<\/tr>\n<tr>\n<td>t\u00f5ttan<\/td>\n<td><\/td>\n<td><\/td>\n<td><\/td>\n<\/tr>\n<\/tbody>\n<\/table>\n<p>2018<\/p>\n<p>vanem<\/p>\n<p>l\u00f5ppvoor<\/p>\n<p><a href=\"https:\/\/sisu.ut.ee\/keeleylesanded\/astmevaheldus-vastus\/\">Vastus<\/a><\/p>\n","protected":false},"excerpt":{"rendered":"<p>Nimeta iga s\u00f5na astmevahelduse liik (laadivaheldus v\u00f5i v\u00e4ltevaheldus), m\u00e4\u00e4ra aste (tugev v\u00f5i n\u00f5rk) ja moodusta s\u00f5nast vastupidine aste. S\u00f5na Astmevahelduse liik Aste S\u00f5na vastupidises astmes hambas habraste k\u00fc\u00fcnlale ooteks joad turve tuge n\u00f5udeks s\u00f5jas s\u00f5itis pidama otsima v\u00f5tab kiirgasid t\u00f5ttan &#8230;<\/p>\n","protected":false},"author":185,"featured_media":0,"parent":0,"menu_order":0,"comment_status":"closed","ping_status":"closed","template":"","meta":{"_acf_changed":false,"inline_featured_image":false,"footnotes":""},"class_list":["post-303","page","type-page","status-publish","hentry"],"acf":[],"_links":{"self":[{"href":"https:\/\/sisu.ut.ee\/keeleylesanded\/wp-json\/wp\/v2\/pages\/303","targetHints":{"allow":["GET"]}}],"collection":[{"href":"https:\/\/sisu.ut.ee\/keeleylesanded\/wp-json\/wp\/v2\/pages"}],"about":[{"href":"https:\/\/sisu.ut.ee\/keeleylesanded\/wp-json\/wp\/v2\/types\/page"}],"author":[{"embeddable":true,"href":"https:\/\/sisu.ut.ee\/keeleylesanded\/wp-json\/wp\/v2\/users\/185"}],"replies":[{"embeddable":true,"href":"https:\/\/sisu.ut.ee\/keeleylesanded\/wp-json\/wp\/v2\/comments?post=303"}],"version-history":[{"count":2,"href":"https:\/\/sisu.ut.ee\/keeleylesanded\/wp-json\/wp\/v2\/pages\/303\/revisions"}],"predecessor-version":[{"id":1797,"href":"https:\/\/sisu.ut.ee\/keeleylesanded\/wp-json\/wp\/v2\/pages\/303\/revisions\/1797"}],"wp:attachment":[{"href":"https:\/\/sisu.ut.ee\/keeleylesanded\/wp-json\/wp\/v2\/media?parent=303"}],"curies":[{"name":"wp","href":"https:\/\/api.w.org\/{rel}","templated":true}]}}