{"id":299,"date":"2024-04-04T05:03:48","date_gmt":"2024-04-04T02:03:48","guid":{"rendered":"https:\/\/sisu.ut.ee\/keeleylesanded\/kevadpuhade-lugu\/"},"modified":"2024-11-28T23:45:05","modified_gmt":"2024-11-28T21:45:05","slug":"kevadpuhade-lugu","status":"publish","type":"page","link":"https:\/\/sisu.ut.ee\/keeleylesanded\/kevadpuhade-lugu\/","title":{"rendered":"Kevadp\u00fchade lugu"},"content":{"rendered":"<p><strong>Lugege l\u00e4bi j\u00e4rgnev Postimehe artikkel ja t\u00e4itke selle p\u00f5hjal j\u00e4rgmised \u00fclesanded.<\/strong><\/p>\n<ol>\n<li>Kuidas v\u00f5ib veel kevadp\u00fchi nimetada?<\/li>\n<li>Kas see artikkel on ilmunud a) 1920ndatel, b) 1950ndatel v\u00f5i c) 1990ndatel aastatel? P\u00f5hjendage, miks teised k\u00fcmnendid ei sobi.<\/li>\n<li>Kirjeldage teksti p\u00f5hjal, kuidas veetsid inimesed kevadp\u00fchadel vaba aega. Tooge neli n\u00e4idet.<\/li>\n<li>Leidke tekstist neli s\u00f5na v\u00f5i s\u00f5navormi, mis t\u00e4henduse v\u00f5i kuju poolest ei vasta t\u00e4nap\u00e4eva kirjakeele normile. Kirjutage k\u00f5rvale t\u00e4nap\u00e4evane vorm.<\/li>\n<\/ol>\n<p><img loading=\"lazy\" decoding=\"async\" width=\"1225\" height=\"515\" class=\"alignnone wp-image-539\" title=\"kuidas_moodusid_puhad.jpg\" src=\"https:\/\/sisu.ut.ee\/wp-content\/uploads\/sites\/354\/kuidas_moodusid_puhad.jpg\" alt=\"Kuidas m\u00f6\u00f6dusid p\u00fchad\" srcset=\"https:\/\/sisu.ut.ee\/wp-content\/uploads\/sites\/354\/kuidas_moodusid_puhad.jpg 1225w, https:\/\/sisu.ut.ee\/wp-content\/uploads\/sites\/354\/kuidas_moodusid_puhad-300x126.jpg 300w, https:\/\/sisu.ut.ee\/wp-content\/uploads\/sites\/354\/kuidas_moodusid_puhad-1024x430.jpg 1024w, https:\/\/sisu.ut.ee\/wp-content\/uploads\/sites\/354\/kuidas_moodusid_puhad-768x323.jpg 768w\" sizes=\"auto, (max-width: 1225px) 100vw, 1225px\"><\/p>\n<p>2010<\/p>\n<p>keskmine<\/p>\n<p>piirkonnavoor<\/p>\n<p><a href=\"https:\/\/sisu.ut.ee\/keeleylesanded\/kevadpuhade-lugu-vastus\/\">Vastus<\/a><\/p>\n","protected":false},"excerpt":{"rendered":"<p>Lugege l\u00e4bi j\u00e4rgnev Postimehe artikkel ja t\u00e4itke selle p\u00f5hjal j\u00e4rgmised \u00fclesanded. Kuidas v\u00f5ib veel kevadp\u00fchi nimetada? Kas see artikkel on ilmunud a) 1920ndatel, b) 1950ndatel v\u00f5i c) 1990ndatel aastatel? P\u00f5hjendage, miks teised k\u00fcmnendid ei sobi. Kirjeldage teksti p\u00f5hjal, kuidas veetsid &#8230;<\/p>\n","protected":false},"author":185,"featured_media":0,"parent":0,"menu_order":0,"comment_status":"closed","ping_status":"closed","template":"","meta":{"_acf_changed":false,"inline_featured_image":false,"footnotes":""},"class_list":["post-299","page","type-page","status-publish","hentry"],"acf":[],"_links":{"self":[{"href":"https:\/\/sisu.ut.ee\/keeleylesanded\/wp-json\/wp\/v2\/pages\/299","targetHints":{"allow":["GET"]}}],"collection":[{"href":"https:\/\/sisu.ut.ee\/keeleylesanded\/wp-json\/wp\/v2\/pages"}],"about":[{"href":"https:\/\/sisu.ut.ee\/keeleylesanded\/wp-json\/wp\/v2\/types\/page"}],"author":[{"embeddable":true,"href":"https:\/\/sisu.ut.ee\/keeleylesanded\/wp-json\/wp\/v2\/users\/185"}],"replies":[{"embeddable":true,"href":"https:\/\/sisu.ut.ee\/keeleylesanded\/wp-json\/wp\/v2\/comments?post=299"}],"version-history":[{"count":2,"href":"https:\/\/sisu.ut.ee\/keeleylesanded\/wp-json\/wp\/v2\/pages\/299\/revisions"}],"predecessor-version":[{"id":1850,"href":"https:\/\/sisu.ut.ee\/keeleylesanded\/wp-json\/wp\/v2\/pages\/299\/revisions\/1850"}],"wp:attachment":[{"href":"https:\/\/sisu.ut.ee\/keeleylesanded\/wp-json\/wp\/v2\/media?parent=299"}],"curies":[{"name":"wp","href":"https:\/\/api.w.org\/{rel}","templated":true}]}}