{"id":298,"date":"2024-04-04T05:03:48","date_gmt":"2024-04-04T02:03:48","guid":{"rendered":"https:\/\/sisu.ut.ee\/keeleylesanded\/kantseliit-0\/"},"modified":"2024-11-28T23:40:06","modified_gmt":"2024-11-28T21:40:06","slug":"kantseliit-0","status":"publish","type":"page","link":"https:\/\/sisu.ut.ee\/keeleylesanded\/kantseliit-0\/","title":{"rendered":"Kantseliit"},"content":{"rendered":"<p style=\"text-align: justify;\"><b>Loe l\u00e4bi kantseliitlik e-kiri, mille on ametnik esitanud vastuseks teaben\u00f5ude vormis arup\u00e4rimisele t\u00e4nava halva seisukorra kohta. Nimeta kantseliidi tunnused, mis avalduvad selles tekstis nii lause- kui ka s\u00f5natasandil, ja tee parandusettepanekud.<\/b><\/p>\n<table class=\"table table-hover\" style=\"border-collapse: collapse;\" border=\"1\">\n<tbody>\n<tr>\n<td style=\"width: 467.5pt;\">\n<p style=\"margin-bottom: .0001pt;\">Lp A. O.<\/p>\n<p style=\"margin-bottom: 0.0001pt;\">Vastuseks Teie k\u00fcsimusele teatame, et seoses t\u00f6\u00f6mahu suurenemisega ehituse k\u00e4igus (suurenes lisat\u00f6\u00f6de maht sadeveekanalisatsiooni ja maja\u00fchenduste osas) saavad vastavad t\u00f6\u00f6d valmis juunikuu l\u00f5puks. Samal ajal teostame ka t\u00e4nava j\u00e4rjepidevat korrastamist. Mis puutub ehitust\u00f6\u00f6de l\u00e4biviimise korrektsusesse, me v\u00f5tame meetmeid tarvitusele selle parandamiseks.<\/p>\n<p style=\"margin-bottom: .0001pt;\">Lugupidamisega<\/p>\n<p style=\"margin-bottom: .0001pt;\">A. A.<\/p>\n<\/td>\n<\/tr>\n<\/tbody>\n<\/table>\n<p>2018<\/p>\n<p>vanem<\/p>\n<p>l\u00f5ppvoor<\/p>\n<p><a href=\"https:\/\/sisu.ut.ee\/keeleylesanded\/kantseliit-vastus\/\">Vastus<\/a><\/p>\n","protected":false},"excerpt":{"rendered":"<p>Loe l\u00e4bi kantseliitlik e-kiri, mille on ametnik esitanud vastuseks teaben\u00f5ude vormis arup\u00e4rimisele t\u00e4nava halva seisukorra kohta. Nimeta kantseliidi tunnused, mis avalduvad selles tekstis nii lause- kui ka s\u00f5natasandil, ja tee parandusettepanekud. Lp A. O. Vastuseks Teie k\u00fcsimusele teatame, et seoses &#8230;<\/p>\n","protected":false},"author":185,"featured_media":0,"parent":0,"menu_order":0,"comment_status":"closed","ping_status":"closed","template":"","meta":{"_acf_changed":false,"inline_featured_image":false,"footnotes":""},"class_list":["post-298","page","type-page","status-publish","hentry"],"acf":[],"_links":{"self":[{"href":"https:\/\/sisu.ut.ee\/keeleylesanded\/wp-json\/wp\/v2\/pages\/298","targetHints":{"allow":["GET"]}}],"collection":[{"href":"https:\/\/sisu.ut.ee\/keeleylesanded\/wp-json\/wp\/v2\/pages"}],"about":[{"href":"https:\/\/sisu.ut.ee\/keeleylesanded\/wp-json\/wp\/v2\/types\/page"}],"author":[{"embeddable":true,"href":"https:\/\/sisu.ut.ee\/keeleylesanded\/wp-json\/wp\/v2\/users\/185"}],"replies":[{"embeddable":true,"href":"https:\/\/sisu.ut.ee\/keeleylesanded\/wp-json\/wp\/v2\/comments?post=298"}],"version-history":[{"count":2,"href":"https:\/\/sisu.ut.ee\/keeleylesanded\/wp-json\/wp\/v2\/pages\/298\/revisions"}],"predecessor-version":[{"id":1845,"href":"https:\/\/sisu.ut.ee\/keeleylesanded\/wp-json\/wp\/v2\/pages\/298\/revisions\/1845"}],"wp:attachment":[{"href":"https:\/\/sisu.ut.ee\/keeleylesanded\/wp-json\/wp\/v2\/media?parent=298"}],"curies":[{"name":"wp","href":"https:\/\/api.w.org\/{rel}","templated":true}]}}