{"id":297,"date":"2024-04-04T05:03:48","date_gmt":"2024-04-04T02:03:48","guid":{"rendered":"https:\/\/sisu.ut.ee\/keeleylesanded\/sonad-ja-haalikud\/"},"modified":"2024-11-29T12:39:30","modified_gmt":"2024-11-29T10:39:30","slug":"sonad-ja-haalikud","status":"publish","type":"page","link":"https:\/\/sisu.ut.ee\/keeleylesanded\/sonad-ja-haalikud\/","title":{"rendered":"S\u00f5nad ja h\u00e4\u00e4likud"},"content":{"rendered":"<ol>\n<li>\u00a0Eesti kirjakeeles on kolm s\u00f5na, kus on k\u00f5rvuti \u2018ji\u2019. \u00dcks neist on <em>jidi\u0161<\/em>. Millised on \u00fclej\u00e4\u00e4nud kaks?<\/li>\n<li>\u00a0Missugune neljat\u00e4heline s\u00f5na sobib \u0137\u00f5ikide antud s\u00f5nade ette? _j<em>ook, _mees, _vald, _kaigas, _s\u00f5na<\/em><\/li>\n<li>Muutke s\u00f5na LEND kolme erineva s\u00f5na abil s\u00f5naks RIIS. Iga uue s\u00f5na kirjutamisel tohib muutuda vaid \u00fcks t\u00e4ht.<\/li>\n<li>Mille poolest on eriline s\u00f5na <em>vintsklema<\/em>?<\/li>\n<li>\u00a0Mille poolest on eriline s\u00f5na <em>kirstuv\u00f5ti<\/em>?<\/li>\n<\/ol>\n<p><a href=\"https:\/\/sisu.ut.ee\/keeleylesanded\/sonad-ja-haalikud-vastus\/\">Vastus<\/a><\/p>\n","protected":false},"excerpt":{"rendered":"<p>\u00a0Eesti kirjakeeles on kolm s\u00f5na, kus on k\u00f5rvuti \u2018ji\u2019. \u00dcks neist on jidi\u0161. Millised on \u00fclej\u00e4\u00e4nud kaks? \u00a0Missugune neljat\u00e4heline s\u00f5na sobib \u0137\u00f5ikide antud s\u00f5nade ette? _jook, _mees, _vald, _kaigas, _s\u00f5na Muutke s\u00f5na LEND kolme erineva s\u00f5na abil s\u00f5naks RIIS. Iga &#8230;<\/p>\n","protected":false},"author":185,"featured_media":0,"parent":0,"menu_order":0,"comment_status":"closed","ping_status":"closed","template":"","meta":{"_acf_changed":false,"inline_featured_image":false,"footnotes":""},"class_list":["post-297","page","type-page","status-publish","hentry"],"acf":[],"_links":{"self":[{"href":"https:\/\/sisu.ut.ee\/keeleylesanded\/wp-json\/wp\/v2\/pages\/297","targetHints":{"allow":["GET"]}}],"collection":[{"href":"https:\/\/sisu.ut.ee\/keeleylesanded\/wp-json\/wp\/v2\/pages"}],"about":[{"href":"https:\/\/sisu.ut.ee\/keeleylesanded\/wp-json\/wp\/v2\/types\/page"}],"author":[{"embeddable":true,"href":"https:\/\/sisu.ut.ee\/keeleylesanded\/wp-json\/wp\/v2\/users\/185"}],"replies":[{"embeddable":true,"href":"https:\/\/sisu.ut.ee\/keeleylesanded\/wp-json\/wp\/v2\/comments?post=297"}],"version-history":[{"count":2,"href":"https:\/\/sisu.ut.ee\/keeleylesanded\/wp-json\/wp\/v2\/pages\/297\/revisions"}],"predecessor-version":[{"id":1972,"href":"https:\/\/sisu.ut.ee\/keeleylesanded\/wp-json\/wp\/v2\/pages\/297\/revisions\/1972"}],"wp:attachment":[{"href":"https:\/\/sisu.ut.ee\/keeleylesanded\/wp-json\/wp\/v2\/media?parent=297"}],"curies":[{"name":"wp","href":"https:\/\/api.w.org\/{rel}","templated":true}]}}