{"id":296,"date":"2024-04-04T05:03:48","date_gmt":"2024-04-04T02:03:48","guid":{"rendered":"https:\/\/sisu.ut.ee\/keeleylesanded\/tahendus-0\/"},"modified":"2024-11-29T12:57:09","modified_gmt":"2024-11-29T10:57:09","slug":"tahendus-0","status":"publish","type":"page","link":"https:\/\/sisu.ut.ee\/keeleylesanded\/tahendus-0\/","title":{"rendered":"T\u00e4hendus lauses"},"content":{"rendered":"<p><b>J\u00e4rgnevates lausetes on iga s\u00f5na taha sulgudesse m\u00e4rgitud number, mis t\u00e4histab mingit t\u00e4hendust. Kirjuta l\u00fchidalt iga numbri t\u00e4hendus. Lisa nende t\u00e4henduste alusel numbrid kolme numbriteta lause s\u00f5nadele. <\/b><\/p>\n<p>Piloot (1) maandas (2) lennuki (3) lennuv\u00e4ljale (4).<\/p>\n<p>Paat (5) triivis (6) sihitult (7) j\u00e4rvel (8).<\/p>\n<p>Kuul (3) tulistati (2) r\u00f5dult (9).<\/p>\n<p>Sportlane (1) s\u00f5itis (6) jalgrattaga (10) Tartust (9) Paidesse (4).<\/p>\n<p>Tagatoas (8) harjutab (2) peret\u00fctar (1) laisalt (7) klaveril (10) romansse (3).<\/p>\n<table class=\"table table-hover\" style=\"width: 500px;\" border=\"0\" cellspacing=\"1\" cellpadding=\"1\">\n<tbody>\n<tr>\n<td>(1)<\/td>\n<td><\/td>\n<td>(6)<\/td>\n<td><\/td>\n<\/tr>\n<tr>\n<td>(2)<\/td>\n<td><\/td>\n<td>(7)<\/td>\n<td><\/td>\n<\/tr>\n<tr>\n<td>(3)<\/td>\n<td><\/td>\n<td>(8)<\/td>\n<td><\/td>\n<\/tr>\n<tr>\n<td>(4)<\/td>\n<td><\/td>\n<td>(9)<\/td>\n<td><\/td>\n<\/tr>\n<tr>\n<td>(5)<\/td>\n<td><\/td>\n<td>(10)<\/td>\n<td><\/td>\n<\/tr>\n<\/tbody>\n<\/table>\n<p>T\u00fcdrukukesed (\u00a0 ) tulid ( ) poest ( ) ja limpsisid (\u00a0 ) j\u00e4\u00e4tist (\u00a0 ).<\/p>\n<p>M\u00e4nguauto (\u00a0 ) vedeles ( ) nukralt ( ) aianurgas (\u00a0 ).<\/p>\n<p>Komposti (\u00a0 ) loobiti (\u00a0 ) labidaga (\u00a0 ) peenardele (\u00a0 ).<\/p>\n<p>2018<\/p>\n<p>vanem<\/p>\n<p>l\u00f5ppvoor<\/p>\n<p><a href=\"https:\/\/sisu.ut.ee\/keeleylesanded\/tahendus-vastus\/\">Vastus<\/a><\/p>\n","protected":false},"excerpt":{"rendered":"<p>J\u00e4rgnevates lausetes on iga s\u00f5na taha sulgudesse m\u00e4rgitud number, mis t\u00e4histab mingit t\u00e4hendust. Kirjuta l\u00fchidalt iga numbri t\u00e4hendus. Lisa nende t\u00e4henduste alusel numbrid kolme numbriteta lause s\u00f5nadele. Piloot (1) maandas (2) lennuki (3) lennuv\u00e4ljale (4). Paat (5) triivis (6) sihitult &#8230;<\/p>\n","protected":false},"author":185,"featured_media":0,"parent":0,"menu_order":0,"comment_status":"closed","ping_status":"closed","template":"","meta":{"_acf_changed":false,"inline_featured_image":false,"footnotes":""},"class_list":["post-296","page","type-page","status-publish","hentry"],"acf":[],"_links":{"self":[{"href":"https:\/\/sisu.ut.ee\/keeleylesanded\/wp-json\/wp\/v2\/pages\/296","targetHints":{"allow":["GET"]}}],"collection":[{"href":"https:\/\/sisu.ut.ee\/keeleylesanded\/wp-json\/wp\/v2\/pages"}],"about":[{"href":"https:\/\/sisu.ut.ee\/keeleylesanded\/wp-json\/wp\/v2\/types\/page"}],"author":[{"embeddable":true,"href":"https:\/\/sisu.ut.ee\/keeleylesanded\/wp-json\/wp\/v2\/users\/185"}],"replies":[{"embeddable":true,"href":"https:\/\/sisu.ut.ee\/keeleylesanded\/wp-json\/wp\/v2\/comments?post=296"}],"version-history":[{"count":2,"href":"https:\/\/sisu.ut.ee\/keeleylesanded\/wp-json\/wp\/v2\/pages\/296\/revisions"}],"predecessor-version":[{"id":1993,"href":"https:\/\/sisu.ut.ee\/keeleylesanded\/wp-json\/wp\/v2\/pages\/296\/revisions\/1993"}],"wp:attachment":[{"href":"https:\/\/sisu.ut.ee\/keeleylesanded\/wp-json\/wp\/v2\/media?parent=296"}],"curies":[{"name":"wp","href":"https:\/\/api.w.org\/{rel}","templated":true}]}}