{"id":292,"date":"2024-04-04T05:03:47","date_gmt":"2024-04-04T02:03:47","guid":{"rendered":"https:\/\/sisu.ut.ee\/keeleylesanded\/sonapered\/"},"modified":"2024-11-29T12:46:52","modified_gmt":"2024-11-29T10:46:52","slug":"sonapered","status":"publish","type":"page","link":"https:\/\/sisu.ut.ee\/keeleylesanded\/sonapered\/","title":{"rendered":"S\u00f5napered"},"content":{"rendered":"<p style=\"text-align: justify;\">S\u00f5napere on selliste s\u00f5nade r\u00fchm, kus k\u00f5ik s\u00f5nad on \u00fcksteisega seotud nii oma vormi kui ka t\u00e4henduse poolest. S\u00f5napere k\u00f5ige t\u00e4htsam liige on peas\u00f5na, mille t\u00fcvi kordub k\u00f5igis \u00fclej\u00e4\u00e4nud liikmetes. Peas\u00f5na on lihtt\u00fcveline s\u00f5na ehk juurs\u00f5na, mida ei saa enam osadeks jagada: aeg, ema, isa, laps, leht, maa, m\u00e4gi, org jne. Peas\u00f5na ei ole \u00fchestki teisest s\u00f5nast moodustatud, k\u00fcll aga k\u00f5ik \u00fclej\u00e4\u00e4nud s\u00f5nad. Vaatleme allpool s\u00f5napere <strong>S\u00d5BER<\/strong> (<a href=\"https:\/\/sisu.ut.ee\/wp-content\/uploads\/sites\/354\/sober_sonapere.png\" data-fid=\"42314\">s\u00f5napere S\u00d5BER<\/a>) l\u00fchendatud graafilist kujutist. Korduv lihtt\u00fcvi on k\u00f5igis pereliikmetes antud paksus kirjas. Tuletistes eristab tuletusliidet sidekriips (-) ja liits\u00f5nades t\u00e4histab moodustusosade liitumispiiri plussm\u00e4rk (+). Kaldkriips (\/) eraldab <em>ma<\/em>-tegevusnime tunnust. Nool (\u2192) n\u00e4itab, milline s\u00f5na on millest moodustatud. Need kaks s\u00f5na annavad kokku s\u00f5namoodustuspaari, kus esimene on aluss\u00f5na ja teine sellest moodustatud tuletis v\u00f5i liits\u00f5na. Teise s\u00f5na t\u00e4hendust saab seletada ta aluss\u00f5na abil, mitte aga vastupidi: <em>s\u00f5ber <\/em>\u2192 <em>s\u00f5bra<\/em>\u2013<em>tar <\/em>\u2018naissoost s\u00f5ber\u2019; <em>s\u00f5ber <\/em>\u2192 <em>s\u00f5pr<\/em>\u2013<em>us \u2018<\/em>s\u00f5pradele iseloomulik vahekord\u2019; <em>s\u00f5prus <\/em>\u2192 <em>s\u00f5prus<\/em>+<em>ring <\/em>\u2019inimeste ring, keda seob s\u00f5prus\u2019; <em>s\u00f5ber <\/em>\u2192 <em>s\u00f5bru<\/em>\u2013<em>sta<\/em>\/<em>ma <\/em>\u2018s\u00f5ber olema; end s\u00f5braks tegema\u2019 jne. K\u00fcsim\u00e4rk (?) t\u00e4histab v\u00f5imalikku, kuid antud juhul puuduvat pereliiget. Sageli on nii, et \u00fchest s\u00f5nast saab moodustada teise, sellest omakorda kolmanda jne. K\u00f5ik j\u00e4rjestikku omavahel seotud s\u00f5nad on kokku s\u00f5namoodustusahel: n\u00e4iteks <em>s\u00f5ber <\/em>\u2192 <em>s\u00f5pr<\/em>\u2013<em>us <\/em>\u2192 <em>s\u00f5prus<\/em>+<em>ring<\/em>. Ahelas k\u00f5rvuti s\u00f5nad annavad s\u00f5namoodustuspaari. Selle n\u00e4ite korral koosneb ahel kahest s\u00f5namoodustuspaarist: <em>s\u00f5<\/em><em>ber<\/em> \u2192<em>s\u00f5pr<\/em>\u2013<em>us <\/em>ja <em>s\u00f5prus <\/em>\u2192 <em>s\u00f5prus<\/em>+<em>ring<\/em>.<\/p>\n<ol>\n<li style=\"text-align: justify;\">T\u00e4iendage s\u00f5naperet S\u00d5BER. Leidke k\u00fcsim\u00e4rgi asemele sobiv tuletis v\u00f5i liits\u00f5na. Missugused uued s\u00f5namoodustuspaarid saite? Kas oleks v\u00f5imalik seda s\u00f5naperet veel t\u00e4iendada?<\/li>\n<li style=\"text-align: justify;\">Leidke allpool toodud s\u00f5nade hulgast s\u00f5napere peas\u00f5na (lihtt\u00fcveline s\u00f5na). Korrastage \u00fclej\u00e4\u00e4nud s\u00f5nad peas\u00f5nast l\u00e4htudes moodustuspaaride kaupa. V\u00f5tke eeskujuks s\u00f5napere S\u00d5BER. Kokku on v\u00f5imalik moodustada neli ahelat. <em>langevari, varjund, varjama, varjutama, vari, langevarjusport, varjundirikas, langevarjusportlane, varjutus, varjamine<\/em><\/li>\n<li style=\"text-align: justify;\">Allpool toodud s\u00f5nade hulgas on kahe s\u00f5napere liikmeid. Millised on nende peas\u00f5nad? Koostage antud s\u00f5nadest vastavad sonapered. <em>haavama, haavakoor, haavand, haavik, haavasikk, maohaavand, haavariisikas, haavahaigused, haavaarst, haavapuu, haavatu, haavikuemand<\/em><\/li>\n<li style=\"text-align: justify;\">Koostage allpool antud s\u00f5nadest s\u00f5napere, mille peas\u00f5na on POST \u2019postiasutus; postisaadetised\u2019. Millised s\u00f5nad sinna ei sobi? Miks? <em>postitama, aamoripost, v\u00e4ravapost, tuvipost, postitus, telefonipost, postipoiss, postitants, elektronpost, ametipost, h\u00e4bipost, pudelpost, otsepostitus<\/em><\/li>\n<li style=\"text-align: justify;\">Koostage j\u00e4rgmistest s\u00f5nadest kaks s\u00f5naperet, leides neile kummalegi sobiva t\u00e4hendusega peas\u00f5na. Toodud s\u00f5nade hulgas on viis numbritega t\u00e4histatud homon\u00fc\u00fcmipaari, kus kahel s\u00f5nal on \u00fchesugune kuju, kuid erinev t\u00e4hendus. Lisage neile t\u00e4hendus ja paigutage nad sobivasse s\u00f5naperesse.<em> teekond, teeline, j\u00e4\u00e4tee<sup>1<\/sup>, j\u00e4\u00e4tee<sup>2<\/sup>, elutee, kummelitee, jalgtee, liivatee<sup>1<\/sup>, liivatee<sup>2<\/sup>, unetee, raudtee, teeleht, raudteelane, teekruus<sup>1<\/sup>, teekruus<sup>2<\/sup>, teemasin<sup>1<\/sup>, teemasin<sup>2<\/sup>, teetass, teemeister<sup>1<\/sup>, teemeister<sup>2<\/sup>, n\u00f5mmeliivatee, manalatee<\/em><\/li>\n<\/ol>\n<p><a href=\"https:\/\/sisu.ut.ee\/keeleylesanded\/sonapered-vastus\/\">Vastus<\/a><\/p>\n<p>\u00a0<\/p>\n\n\n<figure class=\"wp-block-gallery has-nested-images columns-3 is-cropped wp-block-gallery-1 is-layout-flex wp-block-gallery-is-layout-flex\">\n<figure class=\"wp-block-image size-large\"><a href=\"https:\/\/sisu.ut.ee\/wp-content\/uploads\/sites\/354\/sober_sonapere.png\"><img decoding=\"async\" data-id=\"537\" src=\"https:\/\/sisu.ut.ee\/wp-content\/uploads\/sites\/354\/sober_sonapere.png\" alt=\"\" class=\"wp-ima&gt;&lt;\/figcaption&gt;&lt;\/figure&gt;\n\n\n\n&lt;figure class=\" wp-block-image size-large><\/a><a href=\"https:\/\/sisu.ut.ee\/wp-content\/uploads\/sites\/354\/suurendatud_sober.png\"><img decoding=\"async\" data-id=\"538\" src=\"https:\/\/sisu.ut.ee\/wp-content\/uploads\/sites\/354\/suurendatud_sober.png\" alt=\"\" class=\"wp-ima&gt;&lt;\/figcaption&gt;&lt;\/figure&gt;\n&lt;\/figure&gt;\n\"><\/a><\/figure><\/figure>","protected":false},"excerpt":{"rendered":"<p>S\u00f5napere on selliste s\u00f5nade r\u00fchm, kus k\u00f5ik s\u00f5nad on \u00fcksteisega seotud nii oma vormi kui ka t\u00e4henduse poolest. S\u00f5napere k\u00f5ige t\u00e4htsam liige on peas\u00f5na, mille t\u00fcvi kordub k\u00f5igis \u00fclej\u00e4\u00e4nud liikmetes. Peas\u00f5na on lihtt\u00fcveline s\u00f5na ehk juurs\u00f5na, mida ei saa enam &#8230;<\/p>\n","protected":false},"author":185,"featured_media":0,"parent":0,"menu_order":0,"comment_status":"closed","ping_status":"closed","template":"","meta":{"_acf_changed":false,"inline_featured_image":false,"footnotes":""},"class_list":["post-292","page","type-page","status-publish","hentry"],"acf":[],"_links":{"self":[{"href":"https:\/\/sisu.ut.ee\/keeleylesanded\/wp-json\/wp\/v2\/pages\/292","targetHints":{"allow":["GET"]}}],"collection":[{"href":"https:\/\/sisu.ut.ee\/keeleylesanded\/wp-json\/wp\/v2\/pages"}],"about":[{"href":"https:\/\/sisu.ut.ee\/keeleylesanded\/wp-json\/wp\/v2\/types\/page"}],"author":[{"embeddable":true,"href":"https:\/\/sisu.ut.ee\/keeleylesanded\/wp-json\/wp\/v2\/users\/185"}],"replies":[{"embeddable":true,"href":"https:\/\/sisu.ut.ee\/keeleylesanded\/wp-json\/wp\/v2\/comments?post=292"}],"version-history":[{"count":3,"href":"https:\/\/sisu.ut.ee\/keeleylesanded\/wp-json\/wp\/v2\/pages\/292\/revisions"}],"predecessor-version":[{"id":1981,"href":"https:\/\/sisu.ut.ee\/keeleylesanded\/wp-json\/wp\/v2\/pages\/292\/revisions\/1981"}],"wp:attachment":[{"href":"https:\/\/sisu.ut.ee\/keeleylesanded\/wp-json\/wp\/v2\/media?parent=292"}],"curies":[{"name":"wp","href":"https:\/\/api.w.org\/{rel}","templated":true}]}}