{"id":288,"date":"2024-04-04T05:03:47","date_gmt":"2024-04-04T02:03:47","guid":{"rendered":"https:\/\/sisu.ut.ee\/keeleylesanded\/sonade-tuleku-aeg\/"},"modified":"2024-11-29T12:42:48","modified_gmt":"2024-11-29T10:42:48","slug":"sonade-tuleku-aeg","status":"publish","type":"page","link":"https:\/\/sisu.ut.ee\/keeleylesanded\/sonade-tuleku-aeg\/","title":{"rendered":"S\u00f5nade tuleku aeg"},"content":{"rendered":"<p style=\"margin: 0cm 0cm 10.0pt 0cm;\"><span style=\"vertical-align: baseline;\"><b><span style=\"color: black;\">S\u00f5navara t\u00e4ieneb aja jooksul ning paljud uued s\u00f5nad on seotud kultuurimuutustega. Loendis on esitatud 20 s\u00f5na. Jaga need kirjakeelde tuleku aja p\u00f5hjal nelja r\u00fchma. Leia loendist 5 v\u00f5\u00f5rs\u00f5na. <\/span><\/b><\/span><\/p>\n<p style=\"margin: 0cm 0cm 10.0pt 0cm;\"><i><span style=\"color: black;\">nuhvel, juust, brokoli, selvekauplus, needus, pikksilm, male, l\u00e4mmastik, telefon, haigla, f\u00f6\u00f6niks, k\u00fc\u00fcnal, tofu, lunavara, taristu, ametnik, teadus, gild, hulgim\u00fc\u00fck, ravim<\/span><\/i><\/p>\n<p style=\"margin: 0cm 0cm 10.0pt 0cm;\">\n<\/p><table class=\"table table-hover\" style=\"width: 500px;\" border=\"1\" cellspacing=\"1\" cellpadding=\"1\">\n<thead>\n<tr>\n<th scope=\"col\">17. saj<\/th>\n<th scope=\"col\">19. saj<\/th>\n<th scope=\"col\">20. saj<\/th>\n<th scope=\"col\">21. saj<\/th>\n<\/tr>\n<\/thead>\n<tbody>\n<tr>\n<td><\/td>\n<td><\/td>\n<td><\/td>\n<td><\/td>\n<\/tr>\n<tr>\n<td><\/td>\n<td><\/td>\n<td><\/td>\n<td><\/td>\n<\/tr>\n<tr>\n<td><\/td>\n<td><\/td>\n<td><\/td>\n<td><\/td>\n<\/tr>\n<tr>\n<td><\/td>\n<td><\/td>\n<td><\/td>\n<td><\/td>\n<\/tr>\n<tr>\n<td><\/td>\n<td><\/td>\n<td><\/td>\n<td><\/td>\n<\/tr>\n<\/tbody>\n<\/table>\n<p>V\u00f5\u00f5rs\u00f5nad:<\/p>\n<p>2018<\/p>\n<p>vanem<\/p>\n<p>piirkonnavoor<\/p>\n<p><a href=\"https:\/\/sisu.ut.ee\/keeleylesanded\/sonade-tuleku-aeg-vastus\/\">Vastus<\/a><\/p>\n","protected":false},"excerpt":{"rendered":"<p>S\u00f5navara t\u00e4ieneb aja jooksul ning paljud uued s\u00f5nad on seotud kultuurimuutustega. Loendis on esitatud 20 s\u00f5na. Jaga need kirjakeelde tuleku aja p\u00f5hjal nelja r\u00fchma. Leia loendist 5 v\u00f5\u00f5rs\u00f5na. nuhvel, juust, brokoli, selvekauplus, needus, pikksilm, male, l\u00e4mmastik, telefon, haigla, f\u00f6\u00f6niks, k\u00fc\u00fcnal, &#8230;<\/p>\n","protected":false},"author":185,"featured_media":0,"parent":0,"menu_order":0,"comment_status":"closed","ping_status":"closed","template":"","meta":{"_acf_changed":false,"inline_featured_image":false,"footnotes":""},"class_list":["post-288","page","type-page","status-publish","hentry"],"acf":[],"_links":{"self":[{"href":"https:\/\/sisu.ut.ee\/keeleylesanded\/wp-json\/wp\/v2\/pages\/288","targetHints":{"allow":["GET"]}}],"collection":[{"href":"https:\/\/sisu.ut.ee\/keeleylesanded\/wp-json\/wp\/v2\/pages"}],"about":[{"href":"https:\/\/sisu.ut.ee\/keeleylesanded\/wp-json\/wp\/v2\/types\/page"}],"author":[{"embeddable":true,"href":"https:\/\/sisu.ut.ee\/keeleylesanded\/wp-json\/wp\/v2\/users\/185"}],"replies":[{"embeddable":true,"href":"https:\/\/sisu.ut.ee\/keeleylesanded\/wp-json\/wp\/v2\/comments?post=288"}],"version-history":[{"count":2,"href":"https:\/\/sisu.ut.ee\/keeleylesanded\/wp-json\/wp\/v2\/pages\/288\/revisions"}],"predecessor-version":[{"id":1976,"href":"https:\/\/sisu.ut.ee\/keeleylesanded\/wp-json\/wp\/v2\/pages\/288\/revisions\/1976"}],"wp:attachment":[{"href":"https:\/\/sisu.ut.ee\/keeleylesanded\/wp-json\/wp\/v2\/media?parent=288"}],"curies":[{"name":"wp","href":"https:\/\/api.w.org\/{rel}","templated":true}]}}