{"id":285,"date":"2024-04-04T05:03:47","date_gmt":"2024-04-04T02:03:47","guid":{"rendered":"https:\/\/sisu.ut.ee\/keeleylesanded\/arvude-ja-numbrite-oigekirjutus-0\/"},"modified":"2024-11-28T15:03:37","modified_gmt":"2024-11-28T13:03:37","slug":"arvude-ja-numbrite-oigekirjutus-0","status":"publish","type":"page","link":"https:\/\/sisu.ut.ee\/keeleylesanded\/arvude-ja-numbrite-oigekirjutus-0\/","title":{"rendered":"Arvude ja numbrite \u00f5igekirjutus"},"content":{"rendered":"<p style=\"margin-bottom: .0001pt;\"><span style=\"line-height: normal;\"><b><span style=\"color: black;\">Paranda arvude ja numbrite \u00f5igekirjutuse vead. Kirjuta punktiirjoonele ainult \u00f5ige keelend, mitte terve lause. NB! Igas lauses viga ei olegi. <\/span><\/b><\/span><\/p>\n<p style=\"margin-bottom: .0001pt;\">\n<\/p><p class=\"CxSpMiddle\" style=\"margin-bottom: .0001pt;\"><span style=\"line-height: 200%;\"><span style=\"line-height: 200%;\"><span style=\"color: black;\">2. jaanuari seisuga \u00f5pib IX. klassides 76 \u00f5pilast.\u00a0 \u2026\u2026\u2026\u2026\u2026\u2026\u2026\u2026\u2026\u2026\u2026\u2026\u2026\u2026\u2026\u2026\u2026\u2026\u2026<\/span><\/span><\/span><\/p>\n<p class=\"CxSpMiddle\" style=\"margin-bottom: .0001pt;\"><span style=\"line-height: 200%;\"><span style=\"line-height: 200%;\"><span style=\"color: black;\">Palju \u00f5nne, olete selle FB-grupi 5000-s liige. \u2026\u2026\u2026\u2026\u2026\u2026\u2026\u2026\u2026\u2026\u2026\u2026\u2026\u2026.\u2026\u2026\u2026\u2026\u2026\u2026.<\/span><\/span><\/span><\/p>\n<p class=\"CxSpMiddle\" style=\"margin-bottom: .0001pt;\"><span style=\"line-height: 200%;\"><span style=\"line-height: 200%;\"><span style=\"color: black;\">Soovin \u00fc\u00fcrida 1-he toalist korterit. \u2026\u2026\u2026\u2026\u2026\u2026\u2026\u2026\u2026\u2026\u2026\u2026\u2026\u2026.\u2026\u2026\u2026\u2026\u2026\u2026\u2026\u2026\u2026\u2026<\/span><\/span><\/span><\/p>\n<p class=\"CxSpMiddle\" style=\"margin-bottom: .0001pt;\"><span style=\"line-height: 200%;\"><span style=\"line-height: 200%;\"><span style=\"color: black;\">Kristjan Ilvese v\u00f5istlus eba\u00f5nnestus ja ta tuli 43ndaks. \u2026\u2026\u2026\u2026\u2026\u2026\u2026\u2026\u2026\u2026\u2026\u2026\u2026\u2026\u2026\u2026\u2026<\/span><\/span><\/span><\/p>\n<p class=\"CxSpMiddle\" style=\"margin-bottom: .0001pt;\"><span style=\"line-height: 200%;\"><span style=\"line-height: 200%;\"><span style=\"color: black;\">Tabelis 4A on esitatud detsembris laekunud summad. \u2026\u2026\u2026\u2026\u2026\u2026\u2026\u2026\u2026\u2026\u2026\u2026\u2026\u2026\u2026\u2026\u2026<\/span><\/span><\/span><\/p>\n<p class=\"CxSpMiddle\" style=\"margin-bottom: .0001pt;\"><span style=\"line-height: 200%;\"><span style=\"line-height: 200%;\"><span style=\"color: black;\">Vastasin aasta viimasel p\u00e4eval juba 3000-le p\u00f6\u00f6rdumisele (mullu ainult 2132 p\u00f6\u00f6rdumist) toodete ja teenuste madala kvaliteedi p\u00e4rast. \u2026\u2026\u2026\u2026\u2026\u2026\u2026\u2026\u2026\u2026\u2026\u2026\u2026\u2026.\u2026\u2026\u2026\u2026\u2026\u2026\u2026\u2026\u2026\u2026\u2026<\/span><\/span><\/span><\/p>\n<p class=\"CxSpMiddle\" style=\"margin-bottom: .0001pt;\"><span style=\"line-height: 200%;\"><span style=\"line-height: 200%;\"><span style=\"color: black;\">S\u00f5pruse sild sai valmis 1980ndal aastal. \u2026\u2026\u2026\u2026\u2026\u2026\u2026\u2026\u2026\u2026\u2026\u2026\u2026\u2026.\u2026\u2026\u2026\u2026\u2026\u2026\u2026\u2026\u2026<\/span><\/span><\/span><\/p>\n<p class=\"CxSpMiddle\" style=\"margin-bottom: .0001pt;\"><span style=\"line-height: 200%;\"><span style=\"line-height: 200%;\"><span style=\"color: black;\">Riigikogus k\u00e4sitleti valimis\u00f5iguse vanusepiiri langetamist 16. eluaastale. \u2026\u2026\u2026\u2026\u2026\u2026\u2026\u2026\u2026\u2026\u2026<\/span><\/span><\/span><\/p>\n<p class=\"CxSpMiddle\" style=\"margin-bottom: .0001pt;\"><span style=\"line-height: 200%;\"><span style=\"line-height: 200%;\"><span style=\"color: black;\">Kooli 120.-nda aastap\u00e4eva pidustused kestsid terve oktoobrikuu. \u2026\u2026\u2026\u2026\u2026\u2026\u2026\u2026.\u2026\u2026\u2026\u2026\u2026<\/span><\/span><\/span><\/p>\n<p class=\"CxSpMiddle\" style=\"margin-bottom: .0001pt;\"><span style=\"line-height: 200%;\"><span style=\"line-height: 200%;\"><span style=\"color: black;\">Alates aastast 2018 on igas kortermajas korteri\u00fchistu kohustuslik. \u2026\u2026\u2026\u2026\u2026\u2026\u2026\u2026\u2026\u2026\u2026\u2026\u2026.<\/span><\/span><\/span><\/p>\n<p><span style=\"line-height: 200%;\"><span style=\"background: white;\"><span style=\"line-height: 200%;\"><span style=\"color: black;\">7.b klass viibib klassiekskursioonil L\u00e4tis 10\u201311.\u00a0 maini. \u2026\u2026\u2026\u2026\u2026\u2026\u2026\u2026\u2026\u2026\u2026\u2026\u2026\u2026\u2026\u2026\u2026..<\/span><\/span><\/span><\/span><\/p>\n<p>2018<\/p>\n<p>keskmine, vanem<\/p>\n<p>piirkonnavoor<\/p>\n<p><a href=\"https:\/\/sisu.ut.ee\/keeleylesanded\/arvude-ja-numbrite-oigekirjutus-vastus\/\">Vastus<\/a><\/p>\n","protected":false},"excerpt":{"rendered":"<p>Paranda arvude ja numbrite \u00f5igekirjutuse vead. Kirjuta punktiirjoonele ainult \u00f5ige keelend, mitte terve lause. NB! Igas lauses viga ei olegi. 2. jaanuari seisuga \u00f5pib IX. klassides 76 \u00f5pilast.\u00a0 \u2026\u2026\u2026\u2026\u2026\u2026\u2026\u2026\u2026\u2026\u2026\u2026\u2026\u2026\u2026\u2026\u2026\u2026\u2026 Palju \u00f5nne, olete selle FB-grupi 5000-s liige. \u2026\u2026\u2026\u2026\u2026\u2026\u2026\u2026\u2026\u2026\u2026\u2026\u2026\u2026.\u2026\u2026\u2026\u2026\u2026\u2026. Soovin \u00fc\u00fcrida 1-he &#8230;<\/p>\n","protected":false},"author":185,"featured_media":0,"parent":0,"menu_order":0,"comment_status":"closed","ping_status":"closed","template":"","meta":{"_acf_changed":false,"inline_featured_image":false,"footnotes":""},"class_list":["post-285","page","type-page","status-publish","hentry"],"acf":[],"_links":{"self":[{"href":"https:\/\/sisu.ut.ee\/keeleylesanded\/wp-json\/wp\/v2\/pages\/285","targetHints":{"allow":["GET"]}}],"collection":[{"href":"https:\/\/sisu.ut.ee\/keeleylesanded\/wp-json\/wp\/v2\/pages"}],"about":[{"href":"https:\/\/sisu.ut.ee\/keeleylesanded\/wp-json\/wp\/v2\/types\/page"}],"author":[{"embeddable":true,"href":"https:\/\/sisu.ut.ee\/keeleylesanded\/wp-json\/wp\/v2\/users\/185"}],"replies":[{"embeddable":true,"href":"https:\/\/sisu.ut.ee\/keeleylesanded\/wp-json\/wp\/v2\/comments?post=285"}],"version-history":[{"count":2,"href":"https:\/\/sisu.ut.ee\/keeleylesanded\/wp-json\/wp\/v2\/pages\/285\/revisions"}],"predecessor-version":[{"id":1795,"href":"https:\/\/sisu.ut.ee\/keeleylesanded\/wp-json\/wp\/v2\/pages\/285\/revisions\/1795"}],"wp:attachment":[{"href":"https:\/\/sisu.ut.ee\/keeleylesanded\/wp-json\/wp\/v2\/media?parent=285"}],"curies":[{"name":"wp","href":"https:\/\/api.w.org\/{rel}","templated":true}]}}