{"id":283,"date":"2024-04-04T05:03:47","date_gmt":"2024-04-04T02:03:47","guid":{"rendered":"https:\/\/sisu.ut.ee\/keeleylesanded\/mata-vormid\/"},"modified":"2024-11-29T10:44:33","modified_gmt":"2024-11-29T08:44:33","slug":"mata-vormid","status":"publish","type":"page","link":"https:\/\/sisu.ut.ee\/keeleylesanded\/mata-vormid\/","title":{"rendered":"mata-vormid"},"content":{"rendered":"<p><strong>J\u00e4rgnevates lausetes on kasutatud tegus\u00f5na\u00a0<em>mata-<\/em>vormi. Nende lausete vahel on \u00fcks oluline t\u00e4henduserinevus, mille alusel saab laused jagada kahte r\u00fchma. \u00fcks lause sobib m\u00f5lemasse r\u00fchma.<\/strong><\/p>\n<p><em>P\u00e4ike on t\u00f5usmata.<\/em><\/p>\n<p><em>Karu on magamata.<\/em><\/p>\n<p><em>Raamat on avamata.<\/em><\/p>\n<p><em>Kruus on pesemata.<\/em><\/p>\n<p><em>S\u00fcnnip\u00e4evalaps on \u00f5nnitlemata.<\/em><\/p>\n<p><em>Kana on s\u00f6\u00f6mata.<\/em><\/p>\n<p><em>P\u00f5rand on p\u00fchkimata.<\/em><\/p>\n<p><em>V\u00f5istlus on l\u00f5ppemata.<\/em><\/p>\n<p><em>K\u00fclalised on tulemata.<\/em><\/p>\n<ol>\n<li><strong>Jagage laused selle t\u00e4henduserinevuse alusel kahte r\u00fchma.<\/strong><\/li>\n<li><strong>Leidke lause, mis sobiks m\u00f5lemasse r\u00fchma (kahem\u00f5tteline lause).<\/strong><\/li>\n<li><strong>S\u00f5nastage, mille alusel r\u00fchmad kujunevad mis on t\u00e4henduserinevus).<\/strong><\/li>\n<\/ol>\n<p>I r\u00fchm:<\/p>\n<p>II r\u00fchm:<\/p>\n<p>M\u00f5lemasse r\u00fchma sobib \u2026..<\/p>\n<p>2010<\/p>\n<p>keskmine<\/p>\n<p>piirkonnavoor<\/p>\n<p><a href=\"https:\/\/sisu.ut.ee\/keeleylesanded\/mata-vormid-vastus\/\">Vastus<\/a><\/p>\n","protected":false},"excerpt":{"rendered":"<p>J\u00e4rgnevates lausetes on kasutatud tegus\u00f5na\u00a0mata-vormi. Nende lausete vahel on \u00fcks oluline t\u00e4henduserinevus, mille alusel saab laused jagada kahte r\u00fchma. \u00fcks lause sobib m\u00f5lemasse r\u00fchma. P\u00e4ike on t\u00f5usmata. Karu on magamata. Raamat on avamata. Kruus on pesemata. S\u00fcnnip\u00e4evalaps on \u00f5nnitlemata. Kana &#8230;<\/p>\n","protected":false},"author":185,"featured_media":0,"parent":0,"menu_order":0,"comment_status":"closed","ping_status":"closed","template":"","meta":{"_acf_changed":false,"inline_featured_image":false,"footnotes":""},"class_list":["post-283","page","type-page","status-publish","hentry"],"acf":[],"_links":{"self":[{"href":"https:\/\/sisu.ut.ee\/keeleylesanded\/wp-json\/wp\/v2\/pages\/283","targetHints":{"allow":["GET"]}}],"collection":[{"href":"https:\/\/sisu.ut.ee\/keeleylesanded\/wp-json\/wp\/v2\/pages"}],"about":[{"href":"https:\/\/sisu.ut.ee\/keeleylesanded\/wp-json\/wp\/v2\/types\/page"}],"author":[{"embeddable":true,"href":"https:\/\/sisu.ut.ee\/keeleylesanded\/wp-json\/wp\/v2\/users\/185"}],"replies":[{"embeddable":true,"href":"https:\/\/sisu.ut.ee\/keeleylesanded\/wp-json\/wp\/v2\/comments?post=283"}],"version-history":[{"count":2,"href":"https:\/\/sisu.ut.ee\/keeleylesanded\/wp-json\/wp\/v2\/pages\/283\/revisions"}],"predecessor-version":[{"id":1892,"href":"https:\/\/sisu.ut.ee\/keeleylesanded\/wp-json\/wp\/v2\/pages\/283\/revisions\/1892"}],"wp:attachment":[{"href":"https:\/\/sisu.ut.ee\/keeleylesanded\/wp-json\/wp\/v2\/media?parent=283"}],"curies":[{"name":"wp","href":"https:\/\/api.w.org\/{rel}","templated":true}]}}