{"id":280,"date":"2024-04-04T05:03:46","date_gmt":"2024-04-04T02:03:46","guid":{"rendered":"https:\/\/sisu.ut.ee\/keeleylesanded\/tuvemitmus-vanas-opikus-ii-0\/"},"modified":"2024-11-29T13:10:59","modified_gmt":"2024-11-29T11:10:59","slug":"tuvemitmus-vanas-opikus-ii-0","status":"publish","type":"page","link":"https:\/\/sisu.ut.ee\/keeleylesanded\/tuvemitmus-vanas-opikus-ii-0\/","title":{"rendered":"T\u00fcvemitmus vanas \u00f5pikus (II)"},"content":{"rendered":"<p style=\"text-align: justify;\"><span style=\"line-height: 107%;\">T\u00e4nap\u00e4evases eesti keeles kasutatakse tuvemitmust peamiselt osastavas k\u00e4\u00e4ndes (v.a <i>\u00f5nnelik-<\/i>t\u00fc\u00fcp, kus tuvemitmus on <i>de-<\/i>mitmusest tavalisem). Muid k\u00e4\u00e4ndevorme kasutatakse fraseologismides ja liits\u00f5nades (nt <b><i>k\u00e4sil <\/i><\/b><i>olema, <b>munele <\/b>hakkama<\/i>). Vanemas keelepruugis on tuvemitmus m\u00e4rksa sagedasem.<br>\nVarem nimetati tuvemitmust <i>i-<\/i>mitmuseks, sest keeleajalooliselt on tegemist <i>i-<\/i>tunnuselise vormiga.<\/span><\/p>\n<p style=\"text-align: justify;\"><span style=\"line-height: 107%;\">J\u00e4rgnev reeglistik on p\u00e4rit 1942. aastal ilmunud \u00f5pikust \u201eEesti keele grammatika g\u00fcmnaasiumile III. T\u00e4iendav kursus\u201c (autor Henno J\u00e4nes).<\/span><\/p>\n<p style=\"text-align: justify;\"><span style=\"line-height: 107%;\">(partitiiv = osastav k\u00e4\u00e4ne, genitiiv = omastav k\u00e4\u00e4ne)<\/span><\/p>\n<hr>\n<p style=\"text-align: justify;\"><span style=\"line-height: 107%;\"><span style=\"letter-spacing: 3.0pt;\">L\u00fchike mitmuse partitiiv<\/span><\/span><span style=\"line-height: 107%;\">. L\u00fchikese mitmuse partitiivi l\u00f5pul v\u00f5ib leiduda <b>e<\/b>, <b>u<\/b> v\u00f5i <b>i<\/b>. See oleneb s\u00f5na <span style=\"letter-spacing: 2.0pt;\">t\u00fcvevokaalist<\/span> ja a-t\u00fcvelistel pealeselle veel <span style=\"letter-spacing: 2.0pt;\">esimese silbi<\/span> esimesest <span style=\"letter-spacing: 2.0pt;\">vokaalist<\/span>. J\u00e4rgmise tabeli p\u00f5hjal on v\u00f5imalik leida l\u00fchikese mitm. partitiivi l\u00f5ppvokaal.<\/span><\/p>\n<table class=\"table table-hover\" border=\"1\" width=\"714\" cellspacing=\"3\" cellpadding=\"3\">\n<thead>\n<tr>\n<th scope=\"col\">I silbi vokaal<\/th>\n<th scope=\"col\">T\u00fcve l\u00f5pp-vokaal<\/th>\n<th scope=\"col\">Mitm.part. l\u00f5ppvokaal<\/th>\n<th scope=\"col\">N\u00e4ited<\/th>\n<th scope=\"col\">Erandid<\/th>\n<\/tr>\n<\/thead>\n<tbody>\n<tr>\n<td><\/td>\n<td style=\"width: 50px;\">e<\/td>\n<td style=\"width: 15px;\">i<\/td>\n<td style=\"width: 150px;\"><em>hetki, nurmi<\/em><\/td>\n<td><\/td>\n<\/tr>\n<tr>\n<td><\/td>\n<td>i<\/td>\n<td>e<\/td>\n<td style=\"width: 20px;\"><em>keppe, sokke, piiskoppe<\/em><\/td>\n<td><\/td>\n<\/tr>\n<tr>\n<td><\/td>\n<td>u<\/td>\n<td>e<\/td>\n<td><em>kulme, iseloome<\/em><\/td>\n<td><\/td>\n<\/tr>\n<tr>\n<td>ai\n<p>\u00f5<\/p>\n<p>i<\/p>\n<p>ei<\/p>\n<p>\u00e4i<\/p><\/td>\n<td colspan=\"1\" rowspan=\"2\">a<\/td>\n<td>u<\/td>\n<td><em>kanu, aegu, asju<\/em><em>sigu, linnu<\/em>\n<p><em>m\u00f5\u00f5ku, \u00f5unu<\/em><\/p>\n<p><em>seinu<\/em><\/p>\n<p><em>\u00e4iu<\/em><\/p><\/td>\n<td><em>pikk \u2013 pikki<\/em><em>king \u2013 kingi<\/em>\n<p><span style=\"line-height: normal;\"><i>silm \u2013 silmi<\/i><a title=\"\" href=\"#_ftn1\" name=\"_ftnref1\"><span style=\"line-height: 107%;\">[1]<\/span><\/a><\/span><\/p><\/td>\n<\/tr>\n<tr>\n<td><\/td>\n<td><\/td>\n<td><em>keni, relvi; kelli, metsi<\/em><\/td>\n<td>\n<p style=\"margin-bottom: .0001pt; padding: 0cm5.4pt0cm5.4pt;\"><span style=\"line-height: normal;\">1) <i>i <\/i>ja <i>j <\/i>j\u00e4rel <b>i <\/b>muutub <b>e<\/b>-ks: <i>nuie<\/i>, <i>t\u00fchje<\/i><a title=\"\" href=\"#_ftn2\" name=\"_ftnref2\"><span style=\"line-height: 107%;\">[2]<\/span><\/a>;<\/span><\/p>\n<p style=\"margin-bottom: .0001pt; padding: 0cm5.4pt0cm5.4pt;\"><span style=\"line-height: normal;\">2) 2-silbilistel esmav\u00e4ltelistel s\u00f5nadel, mil on esimeses silbis <b>o <\/b>v\u00f5i <b>u<\/b>, on mitm. partitiivis <b>e<\/b> (v\u00e4lja arvatud <i>oma, osa \u2013 omi, osi<\/i>)<\/span><\/p>\n<p style=\"margin-bottom: .0001pt; padding: 0cm5.4pt0cm5.4pt;\"><span style=\"line-height: normal;\"><i>oda \u2013 ode; muna \u2013 mune; tuba \u2013 tube<\/i><\/span><\/p>\n<\/td>\n<\/tr>\n<\/tbody>\n<\/table>\n<p style=\"margin: 6.0pt 0cm 6.0pt 0cm;\"><i><span style=\"line-height: 107%;\"><span style=\"letter-spacing: 2.0pt;\">i-<\/span><\/span><\/i><span style=\"line-height: 107%;\"><span style=\"letter-spacing: 2.0pt;\">mitmuse<\/span><\/span><span style=\"line-height: 107%;\"> k\u00e4\u00e4nded moodustatakse mitm. partitiivi p\u00f5hjal j\u00e4rgmiselt:<\/span><\/p>\n<ol>\n<li style=\"margin-top: 0cm; margin-right: 0cm; margin-bottom: 10.0pt;\"><span style=\"line-height: 115%;\"><span style=\"line-height: 115%;\">Kui mitm. partitiivi l\u00f5pul on <b>-id<\/b>, siis j\u00e4etakse <b>-d<\/b> l\u00f5pust \u00e4ra ja liidetakse saadud t\u00fcvele soovitava k\u00e4\u00e4nde l\u00f5pp: <i>m\u00f5ttei-d \u2013 m\u00f5ttei-s, mai-d \u2013 mai-le.<\/i><\/span><\/span><\/li>\n<li style=\"margin-top: 0cm; margin-right: 0cm; margin-bottom: 10.0pt;\"><span style=\"line-height: 115%;\"><span style=\"line-height: 115%;\">Kui mitm. partitiivi l\u00f5pul on <b><i>u, i <\/i><\/b>v\u00f5i <b><i>e<\/i><\/b>, siis liidetakse mitm. partitiivile soovitava k\u00e4\u00e4nde l\u00f5pp. Astmevahelduslikel s\u00f5nul muudetakse seejuures tugevaastmeline t\u00fcvi n\u00f5rgaastmeliseks: <i>vanu \u2013 vanule, kive \u2013 kivel, \u00f5nnelikke \u2013 \u00f5nnelikele, lehti \u2013 lehile.<\/i><\/span><\/span><\/li>\n<li style=\"margin-top: 0cm; margin-right: 0cm; margin-bottom: 10.0pt;\"><span style=\"line-height: 115%;\"><span style=\"line-height: 115%;\">S\u00f5nadel, mil mitm. partitiivi l\u00f5pul on <b>sid<\/b>, i-mitmus puudub.<\/span><\/span><\/li>\n<li style=\"margin-top: 0cm; margin-right: 0cm; margin-bottom: 10.0pt;\"><span style=\"line-height: 115%;\"><span style=\"line-height: 115%;\">Kui <i>i-<\/i>mitmuses <i>j <\/i>sattub <i>i <\/i>ette, siis ei j\u00e4\u00e4 h\u00e4\u00e4liku\u00fchend <i>ji <\/i>p\u00fcsima, vaid:<\/span><\/span>\n<ol>\n<li style=\"margin-top: 0cm; margin-right: 0cm; margin-bottom: 10.0pt;\"><span style=\"line-height: 115%;\"><i><span style=\"line-height: 115%;\">a-<\/span><\/i><span style=\"line-height: 115%;\">t\u00fcvelistel s\u00f5nadel muutub <i>ji je-<\/i>ks (<i>n\u00e4lg \u2013 n\u00e4ljele, h\u00e4rg \u2013 h\u00e4rjele<\/i>)<\/span><\/span><\/li>\n<li style=\"margin-top: 0cm; margin-right: 0cm; margin-bottom: 10.0pt;\"><span style=\"line-height: 115%;\"><i><span style=\"line-height: 115%;\">e-<\/span><\/i><span style=\"line-height: 115%;\">t\u00fcvelistel s\u00f5nadel <i>ji <\/i>muutub <i>i-<\/i>ks (<i>j\u00e4lg \u2013 j\u00e4lile, k\u00fclg \u2013 k\u00fclile<\/i>).<\/span><\/span><\/li>\n<\/ol>\n<\/li>\n<li style=\"margin-top: 0cm; margin-right: 0cm; margin-bottom: 10.0pt;\">Mitm. partitiivi t\u00fcves olev <i>s <\/i>j\u00e4\u00e4b <i>i-<\/i>mitmuses p\u00fcsima (<i>uusi \u2013 uusile, varsi \u2013 varsil<\/i>).<\/li>\n<\/ol>\n<div id=\"ftn2\"><\/div>\n<div id=\"ftn1\">\n<p class=\"MsoFootnoteText\"><span style=\"font-size: 12px;\"><a title=\"\" href=\"#_ftnref1\" name=\"_ftn1\"><span style=\"line-height: 107%;\">[1]<\/span><\/a> Lisaks neile kolmele veel viis v\u00e4hem esinevat s\u00f5na: <i>iga \u2013 igi, isa \u2013 isi, iva \u2013 ivi, lisa \u2013 lisi, nisa \u2013 nisi. <\/i>S\u00f5nust <i>iga, isa, lisa <\/i>tarvitatakse harilikult aga <i>sid-<\/i>l\u00f5pulisi vorme: <i>igasid, isasid, lisasid.<\/i><\/span><\/p>\n<\/div>\n<div id=\"ftn2\">\n<p class=\"MsoFootnoteText\"><span style=\"font-size: 12px;\"><a title=\"\" href=\"#_ftnref2\" name=\"_ftn2\"><span style=\"line-height: 107%;\">[2]<\/span><\/a> S\u00f5nadest <i>neli <\/i>ja <i>v\u00e4li <\/i>on lubatud reeglip\u00e4raste vormide <i>nelje, v\u00e4lje <\/i>k\u00f5rval tarvitada ka vorme <i>nelju, v\u00e4lju<\/i>, mis viimased ongi eelistatavad.<\/span><\/p>\n<\/div>\n<hr>\n<div class=\"WordSection1\">\n<p><b><i><span style=\"line-height: 107%;\">i-<\/span><\/i><\/b><b><span style=\"line-height: 107%;\">mitmuse tarvitamist peeti ebasoovitavaks, kui eespool esitatud reeglite j\u00e4rgi moodustatud <i>i-<\/i>mitmuse vorm langes kokku m\u00f5ne muu s\u00f5na m\u00f5ne vormiga. J\u00e4rgnevad n\u00e4ited sellistest mitmusevormidest. Kirjuta iga s\u00f5navormi j\u00e4rele, millisest s\u00f5nast see i-mitmuse vorm on saadud. <\/span><\/b><\/p>\n<p><b><span style=\"line-height: 107%;\">N\u00e4ide: \u00f5lul \u2013 algvorm \u00f5lg <\/span><\/b><\/p>\n<p><b><span style=\"line-height: 107%;\">M\u00f5ne s\u00f5na puhul on mitu v\u00f5imalust, aga \u00fchest piisab.<\/span><\/b><\/p>\n<table class=\"table table-hover\" style=\"width: 500px;\" border=\"0\" cellspacing=\"1\" cellpadding=\"1\">\n<tbody>\n<tr>\n<td>metsis<\/td>\n<td><\/td>\n<td>vahel<\/td>\n<td><\/td>\n<\/tr>\n<tr>\n<td>emis<\/td>\n<td><\/td>\n<td>p\u00f5llul<\/td>\n<td><\/td>\n<\/tr>\n<tr>\n<td>v\u00f5ides<\/td>\n<td><\/td>\n<td>rajul<\/td>\n<td><\/td>\n<\/tr>\n<tr>\n<td>v\u00f5lus<\/td>\n<td><\/td>\n<td>pardel<\/td>\n<td><\/td>\n<\/tr>\n<tr>\n<td>pikiks<\/td>\n<td><\/td>\n<td>kohina<\/td>\n<td><\/td>\n<\/tr>\n<tr>\n<td>\u00f5lile<\/td>\n<td><\/td>\n<td>ajul<\/td>\n<td><\/td>\n<\/tr>\n<tr>\n<td>t\u00e4his<\/td>\n<td><\/td>\n<td>rahus<\/td>\n<td><\/td>\n<\/tr>\n<tr>\n<td>valgesse<\/td>\n<td><\/td>\n<td>juustesse<\/td>\n<td><\/td>\n<\/tr>\n<\/tbody>\n<\/table>\n<\/div>\n<div class=\"WordSection2\"><\/div>\n<div>\n<hr align=\"left\" size=\"1\" width=\"33%\">\n<div id=\"ftn1\">\n<p class=\"MsoFootnoteText\">\n<\/p><\/div>\n<div id=\"ftn2\"><\/div>\n<\/div>\n<p>2018<\/p>\n<p>vanem<\/p>\n<p>piirkonnavoor<\/p>\n<p><a href=\"https:\/\/sisu.ut.ee\/keeleylesanded\/tuvemitmus-vanas-opikus-ii-vastus\/\">Vastus<\/a><\/p>\n","protected":false},"excerpt":{"rendered":"<p>T\u00e4nap\u00e4evases eesti keeles kasutatakse tuvemitmust peamiselt osastavas k\u00e4\u00e4ndes (v.a \u00f5nnelik-t\u00fc\u00fcp, kus tuvemitmus on de-mitmusest tavalisem). Muid k\u00e4\u00e4ndevorme kasutatakse fraseologismides ja liits\u00f5nades (nt k\u00e4sil olema, munele hakkama). Vanemas keelepruugis on tuvemitmus m\u00e4rksa sagedasem. Varem nimetati tuvemitmust i-mitmuseks, sest keeleajalooliselt on tegemist &#8230;<\/p>\n","protected":false},"author":185,"featured_media":0,"parent":0,"menu_order":0,"comment_status":"closed","ping_status":"closed","template":"","meta":{"_acf_changed":false,"inline_featured_image":false,"footnotes":""},"class_list":["post-280","page","type-page","status-publish","hentry"],"acf":[],"_links":{"self":[{"href":"https:\/\/sisu.ut.ee\/keeleylesanded\/wp-json\/wp\/v2\/pages\/280","targetHints":{"allow":["GET"]}}],"collection":[{"href":"https:\/\/sisu.ut.ee\/keeleylesanded\/wp-json\/wp\/v2\/pages"}],"about":[{"href":"https:\/\/sisu.ut.ee\/keeleylesanded\/wp-json\/wp\/v2\/types\/page"}],"author":[{"embeddable":true,"href":"https:\/\/sisu.ut.ee\/keeleylesanded\/wp-json\/wp\/v2\/users\/185"}],"replies":[{"embeddable":true,"href":"https:\/\/sisu.ut.ee\/keeleylesanded\/wp-json\/wp\/v2\/comments?post=280"}],"version-history":[{"count":3,"href":"https:\/\/sisu.ut.ee\/keeleylesanded\/wp-json\/wp\/v2\/pages\/280\/revisions"}],"predecessor-version":[{"id":2012,"href":"https:\/\/sisu.ut.ee\/keeleylesanded\/wp-json\/wp\/v2\/pages\/280\/revisions\/2012"}],"wp:attachment":[{"href":"https:\/\/sisu.ut.ee\/keeleylesanded\/wp-json\/wp\/v2\/media?parent=280"}],"curies":[{"name":"wp","href":"https:\/\/api.w.org\/{rel}","templated":true}]}}