{"id":279,"date":"2024-04-04T05:03:46","date_gmt":"2024-04-04T02:03:46","guid":{"rendered":"https:\/\/sisu.ut.ee\/keeleylesanded\/diktofonilindilt-ajalehte\/"},"modified":"2024-11-28T21:06:29","modified_gmt":"2024-11-28T19:06:29","slug":"diktofonilindilt-ajalehte","status":"publish","type":"page","link":"https:\/\/sisu.ut.ee\/keeleylesanded\/diktofonilindilt-ajalehte\/","title":{"rendered":"Diktofonilindilt ajalehte"},"content":{"rendered":"<p><strong>Kujutage ette, et olete ajalehetoimetaja ja peate diktofonilindilt t\u00e4pselt \u00fcleskirjutatu vormistama korralikuks tekstiks. Mahakirjutus lindilt on selline:<\/strong><\/p>\n<p style=\"text-align: justify;\">\u201cAafrikas on koe-, koerad on muuseas t\u00f5esti no t\u00f5esti ma ei tea, on nagu eriline elamus ja ma ei tea, kas see tuleb sellest soojast ilmast v\u00f5i \u2026 Nad on nagu v\u00e4ikesekasvulised \u2026 neil ei ole nagu, on nagu ilma suurema karvastikuta. Nad on no ma ei tea nagu niisukest kahtlast kollast v\u00e4rvi sellele v\u00e4rvile ma usun et isegi m\u00f5ni suurep\u00e4rane kunstnik v\u00f5i nii ei oskakski sellele toonile mingit nime \u00f6elda. See on see no t\u00e4itsa jube toon ma \u00fctleks. See on nii jube, et paljast sellest pealtvaatamisest hakkab nagu sellest koerast tohutult kahju.\u201d<\/p>\n<p style=\"text-align: justify;\"><strong>Tihendage see jutt alla 40-s\u00f5naliseks sujuvaks kirjakeelseks terviktekstiks.<\/strong><\/p>\n<p style=\"text-align: justify;\">\n<\/p><p style=\"text-align: justify;\">2010, 2000<\/p>\n<p style=\"text-align: justify;\">keskmine<\/p>\n<p style=\"text-align: justify;\">piirkonnavoor (2000 l\u00f5ppvoor)<\/p>\n<p><a href=\"https:\/\/sisu.ut.ee\/keeleylesanded\/diktofonilindilt-ajalehte-vastus\/\">Vastus<\/a><\/p>\n","protected":false},"excerpt":{"rendered":"<p>Kujutage ette, et olete ajalehetoimetaja ja peate diktofonilindilt t\u00e4pselt \u00fcleskirjutatu vormistama korralikuks tekstiks. Mahakirjutus lindilt on selline: \u201cAafrikas on koe-, koerad on muuseas t\u00f5esti no t\u00f5esti ma ei tea, on nagu eriline elamus ja ma ei tea, kas see tuleb &#8230;<\/p>\n","protected":false},"author":185,"featured_media":0,"parent":0,"menu_order":0,"comment_status":"closed","ping_status":"closed","template":"","meta":{"_acf_changed":false,"inline_featured_image":false,"footnotes":""},"class_list":["post-279","page","type-page","status-publish","hentry"],"acf":[],"_links":{"self":[{"href":"https:\/\/sisu.ut.ee\/keeleylesanded\/wp-json\/wp\/v2\/pages\/279","targetHints":{"allow":["GET"]}}],"collection":[{"href":"https:\/\/sisu.ut.ee\/keeleylesanded\/wp-json\/wp\/v2\/pages"}],"about":[{"href":"https:\/\/sisu.ut.ee\/keeleylesanded\/wp-json\/wp\/v2\/types\/page"}],"author":[{"embeddable":true,"href":"https:\/\/sisu.ut.ee\/keeleylesanded\/wp-json\/wp\/v2\/users\/185"}],"replies":[{"embeddable":true,"href":"https:\/\/sisu.ut.ee\/keeleylesanded\/wp-json\/wp\/v2\/comments?post=279"}],"version-history":[{"count":2,"href":"https:\/\/sisu.ut.ee\/keeleylesanded\/wp-json\/wp\/v2\/pages\/279\/revisions"}],"predecessor-version":[{"id":1804,"href":"https:\/\/sisu.ut.ee\/keeleylesanded\/wp-json\/wp\/v2\/pages\/279\/revisions\/1804"}],"wp:attachment":[{"href":"https:\/\/sisu.ut.ee\/keeleylesanded\/wp-json\/wp\/v2\/media?parent=279"}],"curies":[{"name":"wp","href":"https:\/\/api.w.org\/{rel}","templated":true}]}}