{"id":277,"date":"2024-04-04T05:03:46","date_gmt":"2024-04-04T02:03:46","guid":{"rendered":"https:\/\/sisu.ut.ee\/keeleylesanded\/vordlused-ja-konekaanud\/"},"modified":"2024-11-29T13:55:55","modified_gmt":"2024-11-29T11:55:55","slug":"vordlused-ja-konekaanud","status":"publish","type":"page","link":"https:\/\/sisu.ut.ee\/keeleylesanded\/vordlused-ja-konekaanud\/","title":{"rendered":"V\u00f5rdlused ja k\u00f5nek\u00e4\u00e4nud"},"content":{"rendered":"<ol>\n<li>Mida t\u00e4hendab v\u00e4ljend <em>nagu l\u00f5hnast v\u00f5etud?<\/em><\/li>\n<li>Kes on <em>ubailves<\/em>?<\/li>\n<li>Kellel on <em>\u2026neli korda aastas odratalgud, iga kord kolm kuud korraga<\/em> ja mida see t\u00e4hendab?<\/li>\n<li>Mis on v\u00e4ljendi <em>n\u00f5nnagu kiie ja oie<\/em> kirjakeelne vaste?<\/li>\n<li>Saunas soovitakse leiliv\u00f5tjale <em>H\u00fcva leili!\u00a0 <\/em>v\u00f5i <em>Jumal sekka!<\/em> Kuidas sellele vastatakse?<\/li>\n<li>Mida t\u00e4hendas algselt <em>odratolgus<\/em> ja mis kandi mehi sedaviisi on kutsutud?<\/li>\n<li>L\u00f5peta \u00fctlus \u00fchiskonnategelaste nimedega: <em>meil on kaks tarka, need on \u2026<\/em><\/li>\n<li>Kes on <em>Kasuka-Andrus<\/em>?<\/li>\n<li>Mida teeb inimene, kui ta teenib tondile tubakaraha?<\/li>\n<li>Kus v\u00f5ib lugemata kordi peksa saada?<\/li>\n<li>Mis on juhtunud toiduga, kuhu vanarahva \u00fctlemise j\u00e4rgi on <em>K\u00e4rt k\u00e4pa sisse pistnud<\/em>?<\/li>\n<\/ol>\n<p><a href=\"https:\/\/sisu.ut.ee\/keeleylesanded\/vordlused-ja-konekaanud-vastus\/\">Vastus<\/a><\/p>\n","protected":false},"excerpt":{"rendered":"<p>Mida t\u00e4hendab v\u00e4ljend nagu l\u00f5hnast v\u00f5etud? Kes on ubailves? Kellel on \u2026neli korda aastas odratalgud, iga kord kolm kuud korraga ja mida see t\u00e4hendab? Mis on v\u00e4ljendi n\u00f5nnagu kiie ja oie kirjakeelne vaste? Saunas soovitakse leiliv\u00f5tjale H\u00fcva leili!\u00a0 v\u00f5i Jumal &#8230;<\/p>\n","protected":false},"author":185,"featured_media":0,"parent":0,"menu_order":0,"comment_status":"closed","ping_status":"closed","template":"","meta":{"_acf_changed":false,"inline_featured_image":false,"footnotes":""},"class_list":["post-277","page","type-page","status-publish","hentry"],"acf":[],"_links":{"self":[{"href":"https:\/\/sisu.ut.ee\/keeleylesanded\/wp-json\/wp\/v2\/pages\/277","targetHints":{"allow":["GET"]}}],"collection":[{"href":"https:\/\/sisu.ut.ee\/keeleylesanded\/wp-json\/wp\/v2\/pages"}],"about":[{"href":"https:\/\/sisu.ut.ee\/keeleylesanded\/wp-json\/wp\/v2\/types\/page"}],"author":[{"embeddable":true,"href":"https:\/\/sisu.ut.ee\/keeleylesanded\/wp-json\/wp\/v2\/users\/185"}],"replies":[{"embeddable":true,"href":"https:\/\/sisu.ut.ee\/keeleylesanded\/wp-json\/wp\/v2\/comments?post=277"}],"version-history":[{"count":2,"href":"https:\/\/sisu.ut.ee\/keeleylesanded\/wp-json\/wp\/v2\/pages\/277\/revisions"}],"predecessor-version":[{"id":2079,"href":"https:\/\/sisu.ut.ee\/keeleylesanded\/wp-json\/wp\/v2\/pages\/277\/revisions\/2079"}],"wp:attachment":[{"href":"https:\/\/sisu.ut.ee\/keeleylesanded\/wp-json\/wp\/v2\/media?parent=277"}],"curies":[{"name":"wp","href":"https:\/\/api.w.org\/{rel}","templated":true}]}}