{"id":273,"date":"2024-04-04T05:03:46","date_gmt":"2024-04-04T02:03:46","guid":{"rendered":"https:\/\/sisu.ut.ee\/keeleylesanded\/hoiakud-ajalehes\/"},"modified":"2024-11-28T23:27:22","modified_gmt":"2024-11-28T21:27:22","slug":"hoiakud-ajalehes","status":"publish","type":"page","link":"https:\/\/sisu.ut.ee\/keeleylesanded\/hoiakud-ajalehes\/","title":{"rendered":"Hoiakud ajalehes"},"content":{"rendered":"<p><strong>Kolmes ajalehes avaldati samateemaline uudis, aga erinevate pealkirjade all. \u00dcks pealkiri on neutraalne, kaks v\u00e4ljendavad kirjutaja suhtumist ja hoiakuid. V\u00f5rrelge pealkirjade erinevusi ja hinnake nende m\u00f5ju lugejale. Vastake j\u00e4rgmistele k\u00fcsimustele.<\/strong><\/p>\n<ol style=\"margin-left: 40px;\">\n<li><em><strong>Vene noored kahtlevad eesti keele vajalikkuses<\/strong><\/em><\/li>\n<li><em><strong>Kuuendik muulastest ei pea eesti keele oskust vajalikuks<\/strong><\/em><\/li>\n<li><em><strong>Kolmandik vene noori s\u00fclitab eesti keelele<\/strong><\/em><\/li>\n<\/ol>\n<ol>\n<li>Milline pealkiri on k\u00f5ige neutraalsem?<\/li>\n<li>Milline peakiri on k\u00f5ige tugevama hoiakuga?<\/li>\n<li>Tooge v\u00e4lja ja selgitage keelelisi vahendeid, millega kahe mitteneutraalse pealkirja puhul on suhtumist v\u00e4ljendatud.<\/li>\n<\/ol>\n<p>2010<\/p>\n<p>vanem<\/p>\n<p>piirkonnavoor<\/p>\n<p><a href=\"https:\/\/sisu.ut.ee\/keeleylesanded\/hoiakud-ajalehes-vastus\/\">Vastus<\/a><\/p>\n","protected":false},"excerpt":{"rendered":"<p>Kolmes ajalehes avaldati samateemaline uudis, aga erinevate pealkirjade all. \u00dcks pealkiri on neutraalne, kaks v\u00e4ljendavad kirjutaja suhtumist ja hoiakuid. V\u00f5rrelge pealkirjade erinevusi ja hinnake nende m\u00f5ju lugejale. Vastake j\u00e4rgmistele k\u00fcsimustele. Vene noored kahtlevad eesti keele vajalikkuses Kuuendik muulastest ei pea &#8230;<\/p>\n","protected":false},"author":185,"featured_media":0,"parent":0,"menu_order":0,"comment_status":"closed","ping_status":"closed","template":"","meta":{"_acf_changed":false,"inline_featured_image":false,"footnotes":""},"class_list":["post-273","page","type-page","status-publish","hentry"],"acf":[],"_links":{"self":[{"href":"https:\/\/sisu.ut.ee\/keeleylesanded\/wp-json\/wp\/v2\/pages\/273","targetHints":{"allow":["GET"]}}],"collection":[{"href":"https:\/\/sisu.ut.ee\/keeleylesanded\/wp-json\/wp\/v2\/pages"}],"about":[{"href":"https:\/\/sisu.ut.ee\/keeleylesanded\/wp-json\/wp\/v2\/types\/page"}],"author":[{"embeddable":true,"href":"https:\/\/sisu.ut.ee\/keeleylesanded\/wp-json\/wp\/v2\/users\/185"}],"replies":[{"embeddable":true,"href":"https:\/\/sisu.ut.ee\/keeleylesanded\/wp-json\/wp\/v2\/comments?post=273"}],"version-history":[{"count":2,"href":"https:\/\/sisu.ut.ee\/keeleylesanded\/wp-json\/wp\/v2\/pages\/273\/revisions"}],"predecessor-version":[{"id":1834,"href":"https:\/\/sisu.ut.ee\/keeleylesanded\/wp-json\/wp\/v2\/pages\/273\/revisions\/1834"}],"wp:attachment":[{"href":"https:\/\/sisu.ut.ee\/keeleylesanded\/wp-json\/wp\/v2\/media?parent=273"}],"curies":[{"name":"wp","href":"https:\/\/api.w.org\/{rel}","templated":true}]}}