{"id":272,"date":"2024-04-04T05:03:46","date_gmt":"2024-04-04T02:03:46","guid":{"rendered":"https:\/\/sisu.ut.ee\/keeleylesanded\/voormojulised-valjendid-0\/"},"modified":"2024-11-29T13:49:56","modified_gmt":"2024-11-29T11:49:56","slug":"voormojulised-valjendid-0","status":"publish","type":"page","link":"https:\/\/sisu.ut.ee\/keeleylesanded\/voormojulised-valjendid-0\/","title":{"rendered":"V\u00f5\u00f5rm\u00f5julised v\u00e4ljendid"},"content":{"rendered":"<div class=\"field field-name-body field-type-text-with-summary field-label-hidden\">\n<div class=\"field-items\">\n<div class=\"field-item even\">\n<p style=\"margin: 12pt 56.25pt 12pt 0cm; text-align: justify;\"><b><span style=\"color: #333333;\">Asenda poolpaksus kirjas v\u00f5\u00f5rs\u00f5nad ja v\u00f5\u00f5rm\u00f5julised v\u00e4ljendid omas\u00f5nade ja tavap\u00e4rasematega. <\/span><\/b><\/p>\n<p style=\"margin: 12pt 56.25pt 12pt 0cm; text-align: justify;\">\n<\/p><p style=\"margin: 12pt 56.15pt 12pt 0cm; text-align: justify;\"><a id=\"_Hlk504130964\" name=\"_Hlk504130964\"><\/a><span style=\"color: #333333;\">Me oleme n\u00e4inud tarkvaraga seotud riigihankeid paarik\u00fcmnes riigis ning alati on hanke k\u00f5ige t\u00e4htsam <b>komponent<\/b> ______________________ sisuline pakkumine. Tellija tahab n\u00e4ha, et pakkuja saab aru sellest, mida <b>reaalselt<\/b> _________________________ on vaja, saab aru tellija \u00ab\u00e4rist\u00bb, suudab kokku tuua maailmast parima <b>praktika<\/b> _________________________ ja n\u00e4eb vajalikke seoseid.<\/span><\/p>\n<p style=\"margin: 12pt 56.15pt 12pt 0cm; text-align: justify;\"><span style=\"color: #333333;\">Keskmise infos\u00fcsteemi eluiga on <b>10+<\/b> <b>aastat<\/b> <\/span><span style=\"color: #333333;\">______________________________<\/span><span style=\"color: #333333;\">, aga keskmise alustava IT-ettev\u00f5tte eluiga on paar aastat. Otsitakse partnereid, kes on juba t\u00f5estanud oma eluj\u00f5ulisust, kes on reaalselt investeerinud oma <b>infrastruktuuri<\/b> <\/span><span style=\"color: #333333;\">_________________________<\/span><span style=\"color: #333333;\"> ja kvaliteedis\u00fcsteemi ega tee enam asju p\u00f5lve otsas. Maailmas v\u00e4ga levinud praktika on see, et lepingu s\u00f5lmimise eeldus on 10 protsenti lepingu mahust katva panga<b>garantii<\/b> <\/span><span style=\"color: #333333;\">_________________________<\/span><span style=\"color: #333333;\"> esitamine, mis peaks kaitsma tellijat <b>teostaja eba\u00f5nnestumise<\/b> <\/span><span style=\"color: #333333;\">_______________________________________________<\/span><span style=\"color: #333333;\"> korral.<\/span><\/p>\n<p style=\"margin: 12pt 56.15pt 12pt 0cm; text-align: justify;\"><span style=\"color: #333333;\">K\u00f5ikjal \u00fcritavad tellijad kaitsta ennast \u00fchep\u00e4evaliblikate eest. Need on ettev\u00f5tted, kellel pole eba\u00f5nnestumise korral midagi kaotada. Ehk siis on tegemist br\u00e4ndiv\u00e4\u00e4rtuse ning bilansita (suhteliselt uue) kehaga, mida on <b>potentsiaalse<\/b> <\/span><span style=\"color: #333333;\">_______________________<\/span><span style=\"color: #333333;\"> kahjumi<b>situatsiooni<\/b> <\/span><span style=\"color: #333333;\">_________________________<\/span><span style=\"color: #333333;\"> korral lihtne allavett lasta, selle asemel, et v\u00f5etud kohustused aktsion\u00e4ride raha eest siiski t\u00e4ita.<\/span><\/p>\n<p style=\"margin: 12pt 56.15pt 12pt 0cm; text-align: justify;\"><span style=\"color: #333333;\">K\u00f5ige keerulisem on alati hindamis<b>kriteeriumite <\/b><\/span><span style=\"color: #333333;\">________________________ <\/span><span style=\"color: #333333;\">seadmine. Kuidas <b>balansseerida <\/b><\/span><span style=\"color: #333333;\">________________________ <\/span><span style=\"color: #333333;\">\u00fchekordse investeeringu ning pideva hoolduse kulude hindamine? Soomes n\u00e4iteks kasutatakse aeg-ajalt s\u00fcsteemi, kus automaatselt <b>elimineeritakse <\/b><\/span><span style=\"color: #333333;\">_________________________ <\/span><span style=\"color: #333333;\">valemist k\u00f5ige odavam ja kallim hind ning asutakse alles p\u00e4rast seda pakkujaid omavahel v\u00f5rdlema.<\/span><\/p>\n<p style=\"margin: 12.0pt 56.15pt 12.0pt 0cm;\"><span style=\"color: #333333;\">Priit Alam\u00e4e \u201eTarga tellimise kunst\u201c Postimees 26.5.2015<\/span><\/p>\n<p style=\"margin: 12.0pt 56.15pt 12.0pt 0cm;\">\n<\/p><p style=\"margin: 12.0pt 56.15pt 12.0pt 0cm;\">\n<\/p><p style=\"margin: 12.0pt 56.15pt 12.0pt 0cm;\"><span style=\"color: #333333;\">2018<\/span><\/p>\n<p style=\"margin: 12.0pt 56.15pt 12.0pt 0cm;\"><span style=\"color: #333333;\">vanem<\/span><\/p>\n<p style=\"margin: 12.0pt 56.15pt 12.0pt 0cm;\"><span style=\"color: #333333;\">piirkonnavoor<\/span><\/p>\n<p><a href=\"https:\/\/sisu.ut.ee\/keeleylesanded\/voormojulised-valjendid-0\/\">Vastus<\/a><\/p>\n<\/div>\n<\/div>\n<\/div>\n","protected":false},"excerpt":{"rendered":"<p>Asenda poolpaksus kirjas v\u00f5\u00f5rs\u00f5nad ja v\u00f5\u00f5rm\u00f5julised v\u00e4ljendid omas\u00f5nade ja tavap\u00e4rasematega. Me oleme n\u00e4inud tarkvaraga seotud riigihankeid paarik\u00fcmnes riigis ning alati on hanke k\u00f5ige t\u00e4htsam komponent ______________________ sisuline pakkumine. Tellija tahab n\u00e4ha, et pakkuja saab aru sellest, mida reaalselt _________________________ on &#8230;<\/p>\n","protected":false},"author":185,"featured_media":0,"parent":0,"menu_order":0,"comment_status":"closed","ping_status":"closed","template":"","meta":{"_acf_changed":false,"inline_featured_image":false,"footnotes":""},"class_list":["post-272","page","type-page","status-publish","hentry"],"acf":[],"_links":{"self":[{"href":"https:\/\/sisu.ut.ee\/keeleylesanded\/wp-json\/wp\/v2\/pages\/272","targetHints":{"allow":["GET"]}}],"collection":[{"href":"https:\/\/sisu.ut.ee\/keeleylesanded\/wp-json\/wp\/v2\/pages"}],"about":[{"href":"https:\/\/sisu.ut.ee\/keeleylesanded\/wp-json\/wp\/v2\/types\/page"}],"author":[{"embeddable":true,"href":"https:\/\/sisu.ut.ee\/keeleylesanded\/wp-json\/wp\/v2\/users\/185"}],"replies":[{"embeddable":true,"href":"https:\/\/sisu.ut.ee\/keeleylesanded\/wp-json\/wp\/v2\/comments?post=272"}],"version-history":[{"count":2,"href":"https:\/\/sisu.ut.ee\/keeleylesanded\/wp-json\/wp\/v2\/pages\/272\/revisions"}],"predecessor-version":[{"id":2069,"href":"https:\/\/sisu.ut.ee\/keeleylesanded\/wp-json\/wp\/v2\/pages\/272\/revisions\/2069"}],"wp:attachment":[{"href":"https:\/\/sisu.ut.ee\/keeleylesanded\/wp-json\/wp\/v2\/media?parent=272"}],"curies":[{"name":"wp","href":"https:\/\/api.w.org\/{rel}","templated":true}]}}