{"id":266,"date":"2024-04-04T05:03:45","date_gmt":"2024-04-04T02:03:45","guid":{"rendered":"https:\/\/sisu.ut.ee\/keeleylesanded\/peitvaited\/"},"modified":"2024-11-29T12:05:28","modified_gmt":"2024-11-29T10:05:28","slug":"peitvaited","status":"publish","type":"page","link":"https:\/\/sisu.ut.ee\/keeleylesanded\/peitvaited\/","title":{"rendered":"Peitv\u00e4ited"},"content":{"rendered":"<div><strong>Ajakirjanikud kasutavad intervjuudes sageli k\u00fcsimustesse peidetud v\u00e4iteid. Sellised\u00a0k\u00fcsimused ei ole neutraalsed ega objektiivsed, vaid sisaldavad k\u00fcsija hoiakuid v\u00f5i\u00a0eeloletusi. N\u00e4iteks k\u00fcsimuses <em>Miks on Reformierakond valimistel alati nii edukas<\/em>?\u00a0k\u00fcsitakse p\u00f5hjust, aga selles on peitv\u00e4ide, et Reformierakond on valimistel alati\u00a0edukas. K\u00fcsimuses <em>Kuidas parandada riigieksamite tulemusi? <\/em>sisaldub peitv\u00e4ide,\u00a0et\u00a0riigieksamite tulemused on halvad ja neid tuleks parandada.\u00a0<\/strong><\/div>\n<div><strong>Millised peitvaited on j\u00e4rgmistes k\u00fcsimustes:<\/strong><\/div>\n<ol>\n<li>Kui sageli olete m\u00f5elnud ametit vahetada?<\/li>\n<li>Miks rahvas poliitikuid ei armasta?<\/li>\n<li>Milliseid heategevusfonde teie j\u00f5ulu ajal toetasite?<\/li>\n<li>Millal v\u00f5iks Eesti saada esimese naispeaministri?<\/li>\n<li>Kui palju Reiljan ja Kangur altk\u00e4emaksu v\u00f5tsid?<\/li>\n<\/ol>\n<div>Moodustage ise \u00fcks peitv\u00e4itega k\u00fcsimus ja tooge v\u00e4lja, mis v\u00e4ide selles peitub.<\/div>\n<div>K\u00fcsimus:<\/div>\n<div>Peitv\u00e4ide:<\/div>\n<div><\/div>\n<div><\/div>\n<div>2010<\/div>\n<div>vanem<\/div>\n<div>piirkonnavoor<\/div>\n<div><\/div>\n<div><a href=\"https:\/\/sisu.ut.ee\/keeleylesanded\/peitvaited-vastus\/\">Vastus<\/a><\/div>\n<div><\/div>\n","protected":false},"excerpt":{"rendered":"<p>Ajakirjanikud kasutavad intervjuudes sageli k\u00fcsimustesse peidetud v\u00e4iteid. Sellised\u00a0k\u00fcsimused ei ole neutraalsed ega objektiivsed, vaid sisaldavad k\u00fcsija hoiakuid v\u00f5i\u00a0eeloletusi. N\u00e4iteks k\u00fcsimuses Miks on Reformierakond valimistel alati nii edukas?\u00a0k\u00fcsitakse p\u00f5hjust, aga selles on peitv\u00e4ide, et Reformierakond on valimistel alati\u00a0edukas. K\u00fcsimuses Kuidas parandada &#8230;<\/p>\n","protected":false},"author":185,"featured_media":0,"parent":0,"menu_order":0,"comment_status":"closed","ping_status":"closed","template":"","meta":{"_acf_changed":false,"inline_featured_image":false,"footnotes":""},"class_list":["post-266","page","type-page","status-publish","hentry"],"acf":[],"_links":{"self":[{"href":"https:\/\/sisu.ut.ee\/keeleylesanded\/wp-json\/wp\/v2\/pages\/266","targetHints":{"allow":["GET"]}}],"collection":[{"href":"https:\/\/sisu.ut.ee\/keeleylesanded\/wp-json\/wp\/v2\/pages"}],"about":[{"href":"https:\/\/sisu.ut.ee\/keeleylesanded\/wp-json\/wp\/v2\/types\/page"}],"author":[{"embeddable":true,"href":"https:\/\/sisu.ut.ee\/keeleylesanded\/wp-json\/wp\/v2\/users\/185"}],"replies":[{"embeddable":true,"href":"https:\/\/sisu.ut.ee\/keeleylesanded\/wp-json\/wp\/v2\/comments?post=266"}],"version-history":[{"count":2,"href":"https:\/\/sisu.ut.ee\/keeleylesanded\/wp-json\/wp\/v2\/pages\/266\/revisions"}],"predecessor-version":[{"id":1934,"href":"https:\/\/sisu.ut.ee\/keeleylesanded\/wp-json\/wp\/v2\/pages\/266\/revisions\/1934"}],"wp:attachment":[{"href":"https:\/\/sisu.ut.ee\/keeleylesanded\/wp-json\/wp\/v2\/media?parent=266"}],"curies":[{"name":"wp","href":"https:\/\/api.w.org\/{rel}","templated":true}]}}