{"id":261,"date":"2024-04-04T05:03:45","date_gmt":"2024-04-04T02:03:45","guid":{"rendered":"https:\/\/sisu.ut.ee\/keeleylesanded\/murdesonad-kirjandusteoses-0\/"},"modified":"2024-11-29T10:47:40","modified_gmt":"2024-11-29T08:47:40","slug":"murdesonad-kirjandusteoses-0","status":"publish","type":"page","link":"https:\/\/sisu.ut.ee\/keeleylesanded\/murdesonad-kirjandusteoses-0\/","title":{"rendered":"Murdes\u00f5nad kirjandusteoses"},"content":{"rendered":"<p style=\"text-align: justify;\"><b>Valentin Rasputini romaani \u201eLahkumine Matjorast\u201c (eesti keeles ilmunud 1980) tegevus toimub k\u00fclas, mis asub saarel keset Angara j\u00f5ge. J\u00f5ele hakatakse ehitama h\u00fcdrolekrijaama ja saart ootab \u00fcleujutamine. See kevad j\u00e4\u00e4b vanematele k\u00fclaelanikele viimaseks oma praeguses kodus. Meeleolu edasiandmisel on t\u00f5lkija Olev J\u00f5gi kasutanud rohkesti murdes\u00f5nu. Need on romaanikatkendi all t\u00e4hestikulises j\u00e4rjestuses. Vali igasse l\u00fcnka sobiv s\u00f5na ja kirjuta see l\u00fcnka \u00f5iges vormis.<\/b><\/p>\n<p style=\"text-align: justify;\">\n<\/p><p style=\"text-align: justify;\">Vana Darja, pikka kasvu kondine vanaeit, \u2026\u2026\u2026\u2026\u2026\u2026\u2026\u2026\u2026\u2026\u2026.. millelegi m\u00f5eldes n\u00f5usolevalt pead. Samal ajal aga \u2026\u2026\u2026\u2026\u2026\u2026\u2026\u2026\u2026. Jegor teisel pool t\u00e4navat, k\u00f5\u00f5ritades tigedalt ning abitult silmanurgast Nastasja poole. See oli suur kaupmehesamovar, vanaaegne t\u00f6\u00f6, puhtast vasest, punakalt l\u00e4ikiv, masajad jalad kenasti rangis, alaosas ribuline rest, kus s\u00f6ed sees \u2026\u2026\u2026\u2026\u2026\u2026\u2026\u2026\u2026<\/p>\n<p style=\"text-align: justify;\">Teemasinas \u2026\u2026\u2026\u2026\u2026\u2026\u2026\u2026\u2026\u2026. S\u00f6ej\u00e4\u00e4nustest immitses magusat vingu, \u2026\u2026\u2026\u2026\u2026\u2026\u2026.. laisa p\u00e4iksetriibuna p\u00fcsis laua kohal vaevalt liikuvat tolmu. M\u00fchavalt n\u00e4gu katvate karvatortide vahelt paistis vaid lihav n\u00e4saline ninakonts ja \u2026\u2026\u2026\u2026\u2026\u2026. punased \u2026\u2026\u2026\u2026\u2026\u2026.. silmad.<\/p>\n<p style=\"text-align: justify;\">Darja tegi ikooni poole ristit\u00e4he ning hakkas \u2026\u2026\u2026\u2026\u2026\u2026\u2026\u2026\u2026.. teemasinat seadma. Orasest l\u00e4bikasvanud aganates sahmerdavad varblased ja maas vedeleb lademetena \u2026\u2026\u2026\u2026\u2026\u2026.. p\u00f5hku. Darja t\u00f5stis v\u00e4riku kolksatust kuuldes pea, n\u00e4gi, kuidas Pavel \u00f5ueaeda astus ning \u2026\u2026\u2026\u2026\u2026.. seljakoti \u00f5lalt maha viskas.<\/p>\n<p style=\"text-align: justify;\">\n<\/p><p style=\"text-align: justify;\"><i>hiiluma,\u00a0 huumav, kabinal, kimelema, k\u00f5ngutama, lontsakil, l\u00e4mpama, repetanud, verdunud, viilitine <\/i><\/p>\n<p style=\"text-align: justify;\">\n<\/p><p style=\"text-align: justify;\">\n<\/p><p style=\"text-align: justify;\">2014<\/p>\n<p style=\"text-align: justify;\">vanem<\/p>\n<p style=\"text-align: justify;\">l\u00f5ppvoor<\/p>\n<p><a href=\"https:\/\/sisu.ut.ee\/keeleylesanded\/murdesonad-kirjandusteoses-vastus-0\/\">Vastus<\/a><\/p>\n","protected":false},"excerpt":{"rendered":"<p>Valentin Rasputini romaani \u201eLahkumine Matjorast\u201c (eesti keeles ilmunud 1980) tegevus toimub k\u00fclas, mis asub saarel keset Angara j\u00f5ge. J\u00f5ele hakatakse ehitama h\u00fcdrolekrijaama ja saart ootab \u00fcleujutamine. See kevad j\u00e4\u00e4b vanematele k\u00fclaelanikele viimaseks oma praeguses kodus. Meeleolu edasiandmisel on t\u00f5lkija Olev &#8230;<\/p>\n","protected":false},"author":185,"featured_media":0,"parent":0,"menu_order":0,"comment_status":"closed","ping_status":"closed","template":"","meta":{"_acf_changed":false,"inline_featured_image":false,"footnotes":""},"class_list":["post-261","page","type-page","status-publish","hentry"],"acf":[],"_links":{"self":[{"href":"https:\/\/sisu.ut.ee\/keeleylesanded\/wp-json\/wp\/v2\/pages\/261","targetHints":{"allow":["GET"]}}],"collection":[{"href":"https:\/\/sisu.ut.ee\/keeleylesanded\/wp-json\/wp\/v2\/pages"}],"about":[{"href":"https:\/\/sisu.ut.ee\/keeleylesanded\/wp-json\/wp\/v2\/types\/page"}],"author":[{"embeddable":true,"href":"https:\/\/sisu.ut.ee\/keeleylesanded\/wp-json\/wp\/v2\/users\/185"}],"replies":[{"embeddable":true,"href":"https:\/\/sisu.ut.ee\/keeleylesanded\/wp-json\/wp\/v2\/comments?post=261"}],"version-history":[{"count":2,"href":"https:\/\/sisu.ut.ee\/keeleylesanded\/wp-json\/wp\/v2\/pages\/261\/revisions"}],"predecessor-version":[{"id":1897,"href":"https:\/\/sisu.ut.ee\/keeleylesanded\/wp-json\/wp\/v2\/pages\/261\/revisions\/1897"}],"wp:attachment":[{"href":"https:\/\/sisu.ut.ee\/keeleylesanded\/wp-json\/wp\/v2\/media?parent=261"}],"curies":[{"name":"wp","href":"https:\/\/api.w.org\/{rel}","templated":true}]}}