{"id":26,"date":"2024-04-04T05:03:23","date_gmt":"2024-04-04T02:03:23","guid":{"rendered":"https:\/\/sisu.ut.ee\/keeleylesanded\/aaviku-sonad\/"},"modified":"2024-11-28T14:38:57","modified_gmt":"2024-11-28T12:38:57","slug":"aaviku-sonad","status":"publish","type":"page","link":"https:\/\/sisu.ut.ee\/keeleylesanded\/aaviku-sonad\/","title":{"rendered":"Aaviku s\u00f5nad"},"content":{"rendered":"<p style=\"text-align: justify;\"><span style=\"line-height: normal;\"><b>20. sajandi esimesel poolel tegeles s\u00f5naloomega k\u00f5ige aktiivsemalt Johannes Aavik. \u00dcksteise all on tema loodud s\u00f5nad ja all loetelus on t\u00e4hestikulises j\u00e4rjekorras nende vasted. Kirjuta Aaviku s\u00f5na taha \u00f5ige vaste. S\u00f5nade t\u00e4hendust aitavad m\u00f5ista n\u00e4itelaused. <\/b><\/span><\/p>\n<p><span style=\"line-height: 115%;\">luutlik\u00a0\u00a0\u00a0\u00a0\u00a0\u00a0\u00a0\u00a0\u00a0\u00a0 \u2026\u2026\u2026\u2026\u2026\u2026\u2026\u2026\u2026\u2026\u2026\u2026\u2026\u2026..<\/span><\/p>\n<p><span style=\"line-height: 115%;\">kaavitus\u00a0\u00a0\u00a0\u00a0\u00a0\u00a0\u00a0 \u2026\u2026\u2026\u2026\u2026\u2026\u2026\u2026\u2026\u2026\u2026\u2026\u2026\u2026..\u00a0\u00a0\u00a0\u00a0\u00a0\u00a0\u00a0\u00a0\u00a0\u00a0\u00a0\u00a0\u00a0\u00a0\u00a0\u00a0\u00a0\u00a0\u00a0\u00a0\u00a0\u00a0\u00a0\u00a0\u00a0\u00a0\u00a0\u00a0\u00a0\u00a0\u00a0\u00a0\u00a0\u00a0\u00a0 <\/span><\/p>\n<p><span style=\"line-height: 115%;\">neik\u00a0\u00a0\u00a0\u00a0\u00a0\u00a0\u00a0\u00a0\u00a0\u00a0\u00a0\u00a0\u00a0\u00a0\u00a0 \u2026\u2026\u2026\u2026\u2026\u2026\u2026\u2026\u2026\u2026\u2026\u2026\u2026\u2026..\u00a0\u00a0\u00a0\u00a0\u00a0\u00a0\u00a0\u00a0\u00a0\u00a0\u00a0\u00a0\u00a0\u00a0\u00a0\u00a0\u00a0\u00a0\u00a0\u00a0\u00a0\u00a0\u00a0\u00a0\u00a0\u00a0\u00a0\u00a0\u00a0\u00a0\u00a0\u00a0\u00a0\u00a0\u00a0 <\/span><\/p>\n<p><span style=\"line-height: 115%;\">n\u00f5nge\u00a0\u00a0\u00a0\u00a0\u00a0\u00a0\u00a0\u00a0\u00a0\u00a0\u00a0\u00a0 \u2026\u2026\u2026\u2026\u2026\u2026\u2026\u2026\u2026\u2026\u2026\u2026\u2026\u2026..\u00a0\u00a0\u00a0\u00a0\u00a0\u00a0\u00a0\u00a0\u00a0\u00a0\u00a0\u00a0\u00a0\u00a0\u00a0\u00a0\u00a0\u00a0\u00a0\u00a0\u00a0\u00a0\u00a0\u00a0\u00a0\u00a0\u00a0\u00a0\u00a0\u00a0\u00a0\u00a0\u00a0\u00a0\u00a0 <\/span><\/p>\n<p><span style=\"line-height: 115%;\">jaunis\u00a0\u00a0\u00a0\u00a0\u00a0\u00a0\u00a0\u00a0\u00a0\u00a0\u00a0\u00a0 \u2026\u2026\u2026\u2026\u2026\u2026\u2026\u2026\u2026\u2026\u2026\u2026\u2026\u2026..\u00a0\u00a0\u00a0\u00a0\u00a0\u00a0\u00a0\u00a0\u00a0\u00a0\u00a0\u00a0\u00a0\u00a0\u00a0\u00a0\u00a0\u00a0\u00a0\u00a0\u00a0\u00a0\u00a0 <\/span><\/p>\n<p><span style=\"line-height: 115%;\">malnis\u00a0\u00a0\u00a0\u00a0\u00a0\u00a0\u00a0\u00a0\u00a0\u00a0\u00a0 \u2026\u2026\u2026\u2026\u2026\u2026\u2026\u2026\u2026\u2026\u2026\u2026\u2026\u2026..\u00a0\u00a0\u00a0\u00a0\u00a0\u00a0\u00a0\u00a0\u00a0\u00a0\u00a0\u00a0 \u00a0\u00a0\u00a0\u00a0\u00a0\u00a0\u00a0\u00a0\u00a0\u00a0\u00a0 <\/span><\/p>\n<p><span style=\"line-height: 115%;\">lave\u00a0\u00a0\u00a0\u00a0\u00a0\u00a0\u00a0\u00a0\u00a0\u00a0\u00a0\u00a0\u00a0\u00a0\u00a0 \u2026\u2026\u2026\u2026\u2026\u2026\u2026\u2026\u2026\u2026\u2026\u2026\u2026\u2026..\u00a0\u00a0\u00a0\u00a0\u00a0\u00a0\u00a0\u00a0\u00a0\u00a0\u00a0\u00a0\u00a0\u00a0\u00a0\u00a0\u00a0\u00a0\u00a0\u00a0\u00a0\u00a0\u00a0 <\/span><\/p>\n<p><span style=\"line-height: 115%;\">n\u00f5mik\u00a0\u00a0\u00a0\u00a0\u00a0\u00a0\u00a0\u00a0\u00a0\u00a0\u00a0 \u2026\u2026\u2026\u2026\u2026\u2026\u2026\u2026\u2026\u2026\u2026\u2026\u2026\u2026..\u00a0\u00a0\u00a0\u00a0\u00a0\u00a0\u00a0\u00a0\u00a0\u00a0\u00a0\u00a0\u00a0\u00a0\u00a0\u00a0\u00a0\u00a0\u00a0\u00a0\u00a0\u00a0\u00a0 <\/span><\/p>\n<p><span style=\"line-height: 115%;\">reivik\u00a0\u00a0\u00a0\u00a0\u00a0\u00a0\u00a0\u00a0\u00a0\u00a0\u00a0\u00a0 \u2026\u2026\u2026\u2026\u2026\u2026\u2026\u2026\u2026\u2026\u2026\u2026\u2026\u2026..\u00a0\u00a0\u00a0\u00a0\u00a0\u00a0\u00a0\u00a0\u00a0\u00a0\u00a0\u00a0 <\/span><\/p>\n<p><span style=\"line-height: 115%;\">eede\u00a0\u00a0\u00a0\u00a0\u00a0\u00a0\u00a0\u00a0\u00a0\u00a0\u00a0\u00a0\u00a0\u00a0 \u2026\u2026\u2026\u2026\u2026\u2026\u2026\u2026\u2026\u2026\u2026\u2026\u2026\u2026..\u00a0\u00a0\u00a0\u00a0\u00a0\u00a0\u00a0\u00a0\u00a0\u00a0\u00a0\u00a0\u00a0\u00a0\u00a0\u00a0\u00a0\u00a0\u00a0\u00a0\u00a0\u00a0\u00a0 <\/span><\/p>\n<p><span style=\"line-height: normal;\">detail, ettepanek, juuresolev, kaasa aitamine, kangekaelne, paljus\u00f5naline, suursugune, teadmisteta inimene, v\u00f5istleja, v\u00e4listav <\/span><\/p>\n<p><b><span style=\"line-height: 115%;\">N\u00e4itelaused<\/span><\/b><\/p>\n<p class=\"CxSpMiddle\"><span style=\"line-height: 115%;\">\u00dcllataval kombel leidsid hiljuti aset luutlikud s\u00fcndmused.<\/span><\/p>\n<p class=\"CxSpMiddle\"><span style=\"line-height: 115%;\">Poiss sai isa kaavitusel pildi joonistatud.<\/span><\/p>\n<p class=\"CxSpMiddle\"><span style=\"line-height: 115%;\">\u00dckski neik ei j\u00e4\u00e4nud t\u00e4helepanuta.<\/span><\/p>\n<p class=\"CxSpMiddle\"><span style=\"line-height: 115%;\">Teda pahandas mehe n\u00f5nge vaikimine.<\/span><\/p>\n<p class=\"CxSpMiddle\"><span style=\"line-height: 115%;\">Kas on jaunis j\u00e4\u00e4da oma suguv\u00f5sa viimaseks liikmeks?<\/span><\/p>\n<p class=\"CxSpMiddle\"><span style=\"line-height: 115%;\">Ei tea, kus ta k\u00fcll selle aja v\u00f5tab, aga ta on malnis k\u00f5ikjal.<\/span><\/p>\n<p class=\"CxSpMiddle\"><span style=\"line-height: 115%;\">J\u00e4ime lavedat dokumenti lugema.<\/span><\/p>\n<p class=\"CxSpMiddle\"><span style=\"line-height: 115%;\">Ei maksa sisendada endale, et su \u00fcmber on vaid n\u00f5mikud.<\/span><\/p>\n<p class=\"CxSpMiddle\"><span style=\"line-height: 115%;\">Ta n\u00e4gi igas klassivennas reivikut.<\/span><\/p>\n<p style=\"margin-bottom: 8.0pt;\"><span style=\"line-height: 107%;\"><span style=\"line-height: 107%;\">Arvestati k\u00f5iki eeteid.<\/span><\/span><\/p>\n<p style=\"margin-bottom: 8.0pt;\"><span style=\"line-height: 107%;\"><span style=\"line-height: 107%;\">2018<\/span><\/span><\/p>\n<p style=\"margin-bottom: 8.0pt;\"><span style=\"line-height: 107%;\"><span style=\"line-height: 107%;\">noorem<\/span><\/span><\/p>\n<p style=\"margin-bottom: 8.0pt;\"><span style=\"line-height: 107%;\"><span style=\"line-height: 107%;\">l\u00f5ppvoor<\/span><\/span><\/p>\n<p><a href=\"https:\/\/sisu.ut.ee\/keeleylesanded\/aaviku-sonad-vastus\/\">Vastus<\/a><\/p>\n","protected":false},"excerpt":{"rendered":"<p>20. sajandi esimesel poolel tegeles s\u00f5naloomega k\u00f5ige aktiivsemalt Johannes Aavik. \u00dcksteise all on tema loodud s\u00f5nad ja all loetelus on t\u00e4hestikulises j\u00e4rjekorras nende vasted. Kirjuta Aaviku s\u00f5na taha \u00f5ige vaste. S\u00f5nade t\u00e4hendust aitavad m\u00f5ista n\u00e4itelaused. luutlik\u00a0\u00a0\u00a0\u00a0\u00a0\u00a0\u00a0\u00a0\u00a0\u00a0 \u2026\u2026\u2026\u2026\u2026\u2026\u2026\u2026\u2026\u2026\u2026\u2026\u2026\u2026.. kaavitus\u00a0\u00a0\u00a0\u00a0\u00a0\u00a0\u00a0 \u2026\u2026\u2026\u2026\u2026\u2026\u2026\u2026\u2026\u2026\u2026\u2026\u2026\u2026..\u00a0\u00a0\u00a0\u00a0\u00a0\u00a0\u00a0\u00a0\u00a0\u00a0\u00a0\u00a0\u00a0\u00a0\u00a0\u00a0\u00a0\u00a0\u00a0\u00a0\u00a0\u00a0\u00a0\u00a0\u00a0\u00a0\u00a0\u00a0\u00a0\u00a0\u00a0\u00a0\u00a0\u00a0\u00a0 neik\u00a0\u00a0\u00a0\u00a0\u00a0\u00a0\u00a0\u00a0\u00a0\u00a0\u00a0\u00a0\u00a0\u00a0\u00a0 &#8230;<\/p>\n","protected":false},"author":185,"featured_media":0,"parent":0,"menu_order":0,"comment_status":"closed","ping_status":"closed","template":"","meta":{"_acf_changed":false,"inline_featured_image":false,"footnotes":""},"class_list":["post-26","page","type-page","status-publish","hentry"],"acf":[],"_links":{"self":[{"href":"https:\/\/sisu.ut.ee\/keeleylesanded\/wp-json\/wp\/v2\/pages\/26","targetHints":{"allow":["GET"]}}],"collection":[{"href":"https:\/\/sisu.ut.ee\/keeleylesanded\/wp-json\/wp\/v2\/pages"}],"about":[{"href":"https:\/\/sisu.ut.ee\/keeleylesanded\/wp-json\/wp\/v2\/types\/page"}],"author":[{"embeddable":true,"href":"https:\/\/sisu.ut.ee\/keeleylesanded\/wp-json\/wp\/v2\/users\/185"}],"replies":[{"embeddable":true,"href":"https:\/\/sisu.ut.ee\/keeleylesanded\/wp-json\/wp\/v2\/comments?post=26"}],"version-history":[{"count":3,"href":"https:\/\/sisu.ut.ee\/keeleylesanded\/wp-json\/wp\/v2\/pages\/26\/revisions"}],"predecessor-version":[{"id":1786,"href":"https:\/\/sisu.ut.ee\/keeleylesanded\/wp-json\/wp\/v2\/pages\/26\/revisions\/1786"}],"wp:attachment":[{"href":"https:\/\/sisu.ut.ee\/keeleylesanded\/wp-json\/wp\/v2\/media?parent=26"}],"curies":[{"name":"wp","href":"https:\/\/api.w.org\/{rel}","templated":true}]}}