{"id":259,"date":"2024-04-04T05:03:44","date_gmt":"2024-04-04T02:03:44","guid":{"rendered":"https:\/\/sisu.ut.ee\/keeleylesanded\/vanad-sonad-tanapaeva\/"},"modified":"2024-11-29T13:40:26","modified_gmt":"2024-11-29T11:40:26","slug":"vanad-sonad-tanapaeva","status":"publish","type":"page","link":"https:\/\/sisu.ut.ee\/keeleylesanded\/vanad-sonad-tanapaeva\/","title":{"rendered":"Vanad s\u00f5nad t\u00e4nap\u00e4eva"},"content":{"rendered":"<p style=\"margin-bottom: 10.0pt;\"><span style=\"line-height: 115%;\"><b>Ajakirjanduse kaudu tutvustatakse lugejatele sageli uusi ja v\u00f5\u00f5raid m\u00f5isteid, milega lugejad varem kokku puutunud ei ole. J\u00e4rgmised l\u00f5igud p\u00e4rinevad \u201eMarahwa N\u00e4ddala-Lehest\u201c (1821\u20131825), mida andis v\u00e4lja Otto Wilhelm Masing. P\u00fc\u00fcdke aru saada, mida lausetes allajoonitud s\u00f5nad ja s\u00f5na\u00fchendid t\u00e4hendada v\u00f5iksid ning kuidas t\u00e4nap\u00e4eval samu asju nimetatakse. T\u00e4nap\u00e4evane s\u00f5na kirjutage iga l\u00f5igu j\u00e4rele punktiirjoonele.<\/b><\/span><\/p>\n<p style=\"margin-bottom: 10.0pt;\"><span style=\"line-height: 115%;\">(1) Weel t\u00f5ises k\u00f5hhas prugiwad sesuggusid aidu piddada, mis <b><u>ellawaks aiaks <\/u><\/b>nimmetakse Need on sesuggused, mis norist t\u00f5ine t\u00f5ise k\u00f5rwa istutud puist tewad; mis s\u00fc\u00b4lla k\u00f5rguseks lassewad kaswada; \u00fcllewelt kaswud igga aasta tassaseks leikawad, ja \u00f5ksadega, mis kahhelt poolt w\u00e4ljaajawa, seddasamma tewad ..<\/span><\/p>\n<p style=\"margin-bottom: 10.0pt;\"><span style=\"line-height: 115%;\">\u2026\u2026\u2026\u2026\u2026\u2026\u2026\u2026\u2026\u2026\u2026\u2026\u2026\u2026\u2026\u2026\u2026\u2026\u2026\u2026\u2026\u2026\u2026\u2026\u2026\u2026\u2026\u2026\u2026\u2026..<\/span><\/p>\n<p style=\"margin-bottom: 10.0pt;\"><span style=\"line-height: 115%;\">(2) <b><u>Kunstkambriks<\/u><\/b> nimmetakse sesuggust koggopaika, kuhhu asju koggutakse, ja k\u00f5igile n\u00e4itawaks seisma pannakse, mis immelikud on, olgo nemmad Jummala lodud, ehk innimeese tehtud.<\/span><\/p>\n<p style=\"margin-bottom: 10.0pt;\"><span style=\"line-height: 115%;\">\u2026\u2026\u2026\u2026\u2026\u2026\u2026\u2026\u2026\u2026\u2026\u2026\u2026\u2026\u2026\u2026\u2026\u2026\u2026\u2026\u2026\u2026..<\/span><\/p>\n<p style=\"margin-bottom: 10.0pt;\"><span style=\"line-height: 115%;\">(3) .. ja kaupmehhele pandi m\u00f5nni sadda taalrid trahwi pe\u00e4le; mis <b><u>Waestelaste-maja<\/u><\/b> kapitali jure lissati.<\/span><\/p>\n<p style=\"margin-bottom: 10.0pt;\"><span style=\"line-height: 115%;\">\u2026\u2026\u2026\u2026\u2026\u2026\u2026\u2026\u2026\u2026\u2026\u2026\u2026\u2026\u2026\u2026\u2026\u2026\u2026\u2026\u2026.<\/span><\/p>\n<p style=\"margin-bottom: 10.0pt;\"><span style=\"line-height: 115%;\">(4) <b><u>Weej\u00e4llestus<\/u><\/b> on \u00fcks hirmus waew, se on se; et kui innimesed, kel se \u00f5nnetus tulnud, et \u00fcks hul kas, koer, ehk hunt, neid ammustand, m\u00f5nne aja p\u00e4rrast ehk umbhulluks sawad, ehk et nemmad wet ei w\u00f5i sallida, ei sedda n\u00e4hha, weel w\u00e4hhemalt tedda suhhu w\u00f5tta; sest et neid siis hirmsaste rapputakse, p\u00f5rrutakse, ehk nende liikmid kokkko kostakse \u2026 Neist, kes ollid purretud, surri 20 innimest <b><u> weej\u00e4llestuse<\/u><\/b> waewa.<\/span><\/p>\n<p style=\"margin-bottom: 10.0pt;\"><span style=\"line-height: 115%;\">\u2026\u2026\u2026\u2026\u2026\u2026\u2026\u2026\u2026\u2026\u2026\u2026\u2026\u2026\u2026\u2026\u2026\u2026\u2026\u2026\u2026\u2026..<\/span><\/p>\n<p style=\"margin-bottom: 10.0pt;\"><span style=\"line-height: 115%;\">(5) <b><u>M\u00e4emehhiks<\/u><\/b> h\u00fctakse neid, kes lapse p\u00f5lwest selle raske t\u00f6e pe\u00e4le \u00f5ppind, m\u00e4ggede sissikonde l\u00e4bbituhnima, ja rauda, waske, kulda ja h\u00f5bbedad ma al kaewama, ja ma alt w\u00e4ljatoma.<\/span><\/p>\n<p style=\"margin-bottom: 10.0pt;\"><span style=\"line-height: 115%;\">\u2026\u2026\u2026\u2026\u2026\u2026\u2026\u2026\u2026\u2026\u2026\u2026\u2026\u2026\u2026\u2026\u2026\u2026.<\/span><\/p>\n<p>2010<\/p>\n<p>vanem<\/p>\n<p>l\u00f5ppvoor<\/p>\n<p><a href=\"https:\/\/sisu.ut.ee\/keeleylesanded\/vanad-sonad-tanapaeva-vastus\/\">Vastus<\/a><\/p>\n","protected":false},"excerpt":{"rendered":"<p>Ajakirjanduse kaudu tutvustatakse lugejatele sageli uusi ja v\u00f5\u00f5raid m\u00f5isteid, milega lugejad varem kokku puutunud ei ole. J\u00e4rgmised l\u00f5igud p\u00e4rinevad \u201eMarahwa N\u00e4ddala-Lehest\u201c (1821\u20131825), mida andis v\u00e4lja Otto Wilhelm Masing. P\u00fc\u00fcdke aru saada, mida lausetes allajoonitud s\u00f5nad ja s\u00f5na\u00fchendid t\u00e4hendada v\u00f5iksid ning &#8230;<\/p>\n","protected":false},"author":185,"featured_media":0,"parent":0,"menu_order":0,"comment_status":"closed","ping_status":"closed","template":"","meta":{"_acf_changed":false,"inline_featured_image":false,"footnotes":""},"class_list":["post-259","page","type-page","status-publish","hentry"],"acf":[],"_links":{"self":[{"href":"https:\/\/sisu.ut.ee\/keeleylesanded\/wp-json\/wp\/v2\/pages\/259","targetHints":{"allow":["GET"]}}],"collection":[{"href":"https:\/\/sisu.ut.ee\/keeleylesanded\/wp-json\/wp\/v2\/pages"}],"about":[{"href":"https:\/\/sisu.ut.ee\/keeleylesanded\/wp-json\/wp\/v2\/types\/page"}],"author":[{"embeddable":true,"href":"https:\/\/sisu.ut.ee\/keeleylesanded\/wp-json\/wp\/v2\/users\/185"}],"replies":[{"embeddable":true,"href":"https:\/\/sisu.ut.ee\/keeleylesanded\/wp-json\/wp\/v2\/comments?post=259"}],"version-history":[{"count":2,"href":"https:\/\/sisu.ut.ee\/keeleylesanded\/wp-json\/wp\/v2\/pages\/259\/revisions"}],"predecessor-version":[{"id":2054,"href":"https:\/\/sisu.ut.ee\/keeleylesanded\/wp-json\/wp\/v2\/pages\/259\/revisions\/2054"}],"wp:attachment":[{"href":"https:\/\/sisu.ut.ee\/keeleylesanded\/wp-json\/wp\/v2\/media?parent=259"}],"curies":[{"name":"wp","href":"https:\/\/api.w.org\/{rel}","templated":true}]}}