{"id":258,"date":"2024-04-04T05:03:44","date_gmt":"2024-04-04T02:03:44","guid":{"rendered":"https:\/\/sisu.ut.ee\/keeleylesanded\/vigane-kuulutus\/"},"modified":"2024-11-29T13:45:34","modified_gmt":"2024-11-29T11:45:34","slug":"vigane-kuulutus","status":"publish","type":"page","link":"https:\/\/sisu.ut.ee\/keeleylesanded\/vigane-kuulutus\/","title":{"rendered":"Vigane kuulutus"},"content":{"rendered":"<p><strong>Paranda kuulutuses vead, kuid \u00e4ra muuda ajav\u00e4ljendeid numberkuup\u00e4evaks.<\/strong><\/p>\n<p>Head \u00f5pilased!<br>\nReedel 2el m\u00e4rtsil kell 15 p\u00e4rastl\u00f5unal toimub kohtumine maadleja Heiki Nabiga, kes v\u00f5itis 2012dal aastal ol\u00fcmpiamedali.<br>\nHuvilistel palun anda enda tulekust teada 28nda veebruarini meiliaadressil mar-ja.mahl@hotmail.com.<br>\nHuvijuht<\/p>\n<p>2013<\/p>\n<p>vanem<\/p>\n<p>piirkonnavoor<\/p>\n<p><a href=\"https:\/\/sisu.ut.ee\/keeleylesanded\/vigane-kuulutus-vastus\/\">Vastus<\/a><\/p>\n","protected":false},"excerpt":{"rendered":"<p>Paranda kuulutuses vead, kuid \u00e4ra muuda ajav\u00e4ljendeid numberkuup\u00e4evaks. Head \u00f5pilased! Reedel 2el m\u00e4rtsil kell 15 p\u00e4rastl\u00f5unal toimub kohtumine maadleja Heiki Nabiga, kes v\u00f5itis 2012dal aastal ol\u00fcmpiamedali. Huvilistel palun anda enda tulekust teada 28nda veebruarini meiliaadressil mar-ja.mahl@hotmail.com. Huvijuht 2013 vanem piirkonnavoor &#8230;<\/p>\n","protected":false},"author":185,"featured_media":0,"parent":0,"menu_order":0,"comment_status":"closed","ping_status":"closed","template":"","meta":{"_acf_changed":false,"inline_featured_image":false,"footnotes":""},"class_list":["post-258","page","type-page","status-publish","hentry"],"acf":[],"_links":{"self":[{"href":"https:\/\/sisu.ut.ee\/keeleylesanded\/wp-json\/wp\/v2\/pages\/258","targetHints":{"allow":["GET"]}}],"collection":[{"href":"https:\/\/sisu.ut.ee\/keeleylesanded\/wp-json\/wp\/v2\/pages"}],"about":[{"href":"https:\/\/sisu.ut.ee\/keeleylesanded\/wp-json\/wp\/v2\/types\/page"}],"author":[{"embeddable":true,"href":"https:\/\/sisu.ut.ee\/keeleylesanded\/wp-json\/wp\/v2\/users\/185"}],"replies":[{"embeddable":true,"href":"https:\/\/sisu.ut.ee\/keeleylesanded\/wp-json\/wp\/v2\/comments?post=258"}],"version-history":[{"count":2,"href":"https:\/\/sisu.ut.ee\/keeleylesanded\/wp-json\/wp\/v2\/pages\/258\/revisions"}],"predecessor-version":[{"id":2062,"href":"https:\/\/sisu.ut.ee\/keeleylesanded\/wp-json\/wp\/v2\/pages\/258\/revisions\/2062"}],"wp:attachment":[{"href":"https:\/\/sisu.ut.ee\/keeleylesanded\/wp-json\/wp\/v2\/media?parent=258"}],"curies":[{"name":"wp","href":"https:\/\/api.w.org\/{rel}","templated":true}]}}