{"id":257,"date":"2024-04-04T05:03:44","date_gmt":"2024-04-04T02:03:44","guid":{"rendered":"https:\/\/sisu.ut.ee\/keeleylesanded\/mine-vormid\/"},"modified":"2024-11-29T10:45:44","modified_gmt":"2024-11-29T08:45:44","slug":"mine-vormid","status":"publish","type":"page","link":"https:\/\/sisu.ut.ee\/keeleylesanded\/mine-vormid\/","title":{"rendered":"mine-vormid"},"content":{"rendered":"<p><strong>J\u00e4rgnevalt on toodud fraase, mille p\u00f5his\u00f5naks on\u00a0<em>mine<\/em>-vorm. Nende fraaside vahel on \u00fcks oluline t\u00e4henduserinevus, mille alusel saab fraase h\u00f5lpsasti jagada kahte r\u00fchma. \u00dcks fraas sobib m\u00f5lemasse r\u00fchma.<\/strong><\/p>\n<p><em>kooli l\u00f5petamine, kana s\u00f6\u00f6mine, p\u00e4ikese t\u00f5usmine, \u00f5petaja naasmine, tule kustutamine, udu hajumine, oma vara valvamine, heeringa soolamine, minu kohalviibimine<\/em><\/p>\n<div><strong>1. Jagage fraasid selle t\u00e4henduskomponendi alusel kahte r\u00fchma.<\/strong><\/div>\n<div><strong>2. Leidke fraas, mis sobiks m\u00f5lemasse r\u00fchma (kahem\u00f5tteline fraas).<\/strong><\/div>\n<div><strong>3. S\u00f5nastage, mille alusel r\u00fchmad kujunevad (mis on see t\u00e4henduserinevus\u00a0nende vahel).<\/strong><\/div>\n<div><\/div>\n<div>I r\u00fchm:<\/div>\n<div><\/div>\n<div>II r\u00fchm:<\/div>\n<div><\/div>\n<div>III r\u00fchm:<\/div>\n<div><\/div>\n<div><\/div>\n<div>2010<\/div>\n<div>vanem<\/div>\n<div>piirkonnavoor<\/div>\n<div><\/div>\n<div><a href=\"https:\/\/sisu.ut.ee\/keeleylesanded\/mine-vormid-vastus\/\">Vastus<\/a><\/div>\n","protected":false},"excerpt":{"rendered":"<p>J\u00e4rgnevalt on toodud fraase, mille p\u00f5his\u00f5naks on\u00a0mine-vorm. Nende fraaside vahel on \u00fcks oluline t\u00e4henduserinevus, mille alusel saab fraase h\u00f5lpsasti jagada kahte r\u00fchma. \u00dcks fraas sobib m\u00f5lemasse r\u00fchma. kooli l\u00f5petamine, kana s\u00f6\u00f6mine, p\u00e4ikese t\u00f5usmine, \u00f5petaja naasmine, tule kustutamine, udu hajumine, oma &#8230;<\/p>\n","protected":false},"author":185,"featured_media":0,"parent":0,"menu_order":0,"comment_status":"closed","ping_status":"closed","template":"","meta":{"_acf_changed":false,"inline_featured_image":false,"footnotes":""},"class_list":["post-257","page","type-page","status-publish","hentry"],"acf":[],"_links":{"self":[{"href":"https:\/\/sisu.ut.ee\/keeleylesanded\/wp-json\/wp\/v2\/pages\/257","targetHints":{"allow":["GET"]}}],"collection":[{"href":"https:\/\/sisu.ut.ee\/keeleylesanded\/wp-json\/wp\/v2\/pages"}],"about":[{"href":"https:\/\/sisu.ut.ee\/keeleylesanded\/wp-json\/wp\/v2\/types\/page"}],"author":[{"embeddable":true,"href":"https:\/\/sisu.ut.ee\/keeleylesanded\/wp-json\/wp\/v2\/users\/185"}],"replies":[{"embeddable":true,"href":"https:\/\/sisu.ut.ee\/keeleylesanded\/wp-json\/wp\/v2\/comments?post=257"}],"version-history":[{"count":2,"href":"https:\/\/sisu.ut.ee\/keeleylesanded\/wp-json\/wp\/v2\/pages\/257\/revisions"}],"predecessor-version":[{"id":1894,"href":"https:\/\/sisu.ut.ee\/keeleylesanded\/wp-json\/wp\/v2\/pages\/257\/revisions\/1894"}],"wp:attachment":[{"href":"https:\/\/sisu.ut.ee\/keeleylesanded\/wp-json\/wp\/v2\/media?parent=257"}],"curies":[{"name":"wp","href":"https:\/\/api.w.org\/{rel}","templated":true}]}}