{"id":254,"date":"2024-04-04T05:03:44","date_gmt":"2024-04-04T02:03:44","guid":{"rendered":"https:\/\/sisu.ut.ee\/keeleylesanded\/kujundlikud-pealkirjad\/"},"modified":"2024-11-29T10:31:23","modified_gmt":"2024-11-29T08:31:23","slug":"kujundlikud-pealkirjad","status":"publish","type":"page","link":"https:\/\/sisu.ut.ee\/keeleylesanded\/kujundlikud-pealkirjad\/","title":{"rendered":"Kujundlikud pealkirjad"},"content":{"rendered":"<p style=\"margin-bottom: 10.0pt;\"><span style=\"line-height: 115%;\"><b>Lugege l\u00e4bi j\u00e4rgnevad kujundlikud pealkirjad ja jaotage need kolme v\u00f5rdsesse r\u00fchma, l\u00e4htudes teemavaldkonnast, mis on m\u00f5tet kandva kujundi puhul t\u00e4hendus\u00fclekande aluseks. S\u00f5nastage r\u00fchmade teemad ja kirjutage pealkirja ees olev number sobiva t\u00e4hendusr\u00fchma juurde.<\/b><\/span><\/p>\n<p style=\"margin-bottom: 10.0pt;\"><span style=\"line-height: 115%;\">N\u00e4ide: Politseinikud <u>k\u00fctivad<\/u> liikluseeskirjade rikkujaid. (JAHINDUS)<\/span><\/p>\n<ol>\n<li style=\"margin-bottom: 10.0pt;\"><span style=\"line-height: 115%;\">Kiire nokaut SMS-laenudele.<\/span><\/li>\n<li style=\"margin-bottom: 10.0pt;\"><span style=\"line-height: 115%;\">Poola maadleb natside ja kommunistide ajal konfiskeeritud varaga.<\/span><\/li>\n<li style=\"margin-bottom: 10.0pt;\"><span style=\"line-height: 115%;\">Informaatikan\u00f5ukogu puhub varjusurmas e-tiigrile elu sisse.<\/span><\/li>\n<li style=\"margin-bottom: 10.0pt;\"><span style=\"line-height: 115%;\">Plahvatav pomm valitsuse istumise all.<\/span><\/li>\n<li style=\"margin-bottom: 10.0pt;\"><span style=\"line-height: 115%;\">Tervitustoostide maraton Gruusias.<\/span><\/li>\n<li style=\"margin-bottom: 10.0pt;\"><span style=\"line-height: 115%;\">Demokraatia kollaps Eestis.<\/span><\/li>\n<li style=\"margin-bottom: 10.0pt;\"><span style=\"line-height: 115%;\">\u00dchinemisidee lasti ettev\u00f5tte n\u00f5ukogus s\u00f5elap\u00f5hjaks.<\/span><\/li>\n<li style=\"margin-bottom: 10.0pt;\"><span style=\"line-height: 115%;\">Hooldekeskuse kliendid valmistavad kauplustele peavalu.<\/span><\/li>\n<li style=\"margin-bottom: 10.0pt;\"><span style=\"line-height: 115%;\">New York kuulutas s\u00f5ja liigsuurele \u00f5gimisele.<\/span><\/li>\n<li style=\"margin-bottom: 10.0pt;\"><span style=\"line-height: 115%;\">Kultuurikatel sai miljonitesse ulatuva p\u00e4\u00e4stva rahas\u00fcsti.<\/span><\/li>\n<li style=\"margin-bottom: 10.0pt;\"><span style=\"line-height: 115%;\">Rakvere v\u00f5rkpallurid l\u00e4hevad lahinguid andma.<\/span><\/li>\n<li style=\"margin-bottom: 10.0pt;\"><span style=\"line-height: 115%;\">Euroopa aktsiaturgude ralli l\u00f5peb peagi.<\/span><\/li>\n<\/ol>\n<p style=\"margin-bottom: 10.0pt;\"><span style=\"line-height: 115%;\"><b>I r\u00fchm: <\/b>teema: \u2026\u2026\u2026\u2026\u2026\u2026\u2026\u2026\u2026\u2026\u2026\u2026\u2026\u2026., pealkirjade numbrid:<\/span><\/p>\n<p style=\"margin-bottom: 10.0pt;\"><span style=\"line-height: 115%;\"><b>II r\u00fchm: <\/b>teema: \u2026\u2026\u2026\u2026\u2026\u2026\u2026\u2026\u2026\u2026\u2026\u2026\u2026\u2026., pealkirjade numbrid:<\/span><\/p>\n<p style=\"margin-bottom: 10.0pt;\"><span style=\"line-height: 115%;\"><b>III r\u00fchm: <\/b>teema: \u2026\u2026\u2026\u2026\u2026\u2026\u2026\u2026\u2026\u2026\u2026\u2026\u2026\u2026., pealkirjade numbrid:<\/span><\/p>\n<p style=\"margin-bottom: 10.0pt;\">\n<\/p><p><a title=\"\" href=\"https:\/\/sisu.ut.ee\/keeleylesanded\/kujundlikud-pealkirjad-vastus\" target=\"_blank\" rel=\"noopener\" data-url=\" https:\/\/sisu.ut.ee\/keeleylesanded\/kujundlikud-pealkirjad-vastus\">2<\/a>010<\/p>\n<p>vanem<\/p>\n<p>l\u00f5ppvoor<\/p>\n<p><a href=\"https:\/\/sisu.ut.ee\/keeleylesanded\/kujundlikud-pealkirjad-vastus\/\">Vastus<\/a><\/p>\n","protected":false},"excerpt":{"rendered":"<p>Lugege l\u00e4bi j\u00e4rgnevad kujundlikud pealkirjad ja jaotage need kolme v\u00f5rdsesse r\u00fchma, l\u00e4htudes teemavaldkonnast, mis on m\u00f5tet kandva kujundi puhul t\u00e4hendus\u00fclekande aluseks. S\u00f5nastage r\u00fchmade teemad ja kirjutage pealkirja ees olev number sobiva t\u00e4hendusr\u00fchma juurde. N\u00e4ide: Politseinikud k\u00fctivad liikluseeskirjade rikkujaid. (JAHINDUS) Kiire &#8230;<\/p>\n","protected":false},"author":185,"featured_media":0,"parent":0,"menu_order":0,"comment_status":"closed","ping_status":"closed","template":"","meta":{"_acf_changed":false,"inline_featured_image":false,"footnotes":""},"class_list":["post-254","page","type-page","status-publish","hentry"],"acf":[],"_links":{"self":[{"href":"https:\/\/sisu.ut.ee\/keeleylesanded\/wp-json\/wp\/v2\/pages\/254","targetHints":{"allow":["GET"]}}],"collection":[{"href":"https:\/\/sisu.ut.ee\/keeleylesanded\/wp-json\/wp\/v2\/pages"}],"about":[{"href":"https:\/\/sisu.ut.ee\/keeleylesanded\/wp-json\/wp\/v2\/types\/page"}],"author":[{"embeddable":true,"href":"https:\/\/sisu.ut.ee\/keeleylesanded\/wp-json\/wp\/v2\/users\/185"}],"replies":[{"embeddable":true,"href":"https:\/\/sisu.ut.ee\/keeleylesanded\/wp-json\/wp\/v2\/comments?post=254"}],"version-history":[{"count":2,"href":"https:\/\/sisu.ut.ee\/keeleylesanded\/wp-json\/wp\/v2\/pages\/254\/revisions"}],"predecessor-version":[{"id":1875,"href":"https:\/\/sisu.ut.ee\/keeleylesanded\/wp-json\/wp\/v2\/pages\/254\/revisions\/1875"}],"wp:attachment":[{"href":"https:\/\/sisu.ut.ee\/keeleylesanded\/wp-json\/wp\/v2\/media?parent=254"}],"curies":[{"name":"wp","href":"https:\/\/api.w.org\/{rel}","templated":true}]}}