{"id":251,"date":"2024-04-04T05:03:44","date_gmt":"2024-04-04T02:03:44","guid":{"rendered":"https:\/\/sisu.ut.ee\/keeleylesanded\/uued-sonad-17-sajandil-0\/"},"modified":"2024-11-29T13:26:59","modified_gmt":"2024-11-29T11:26:59","slug":"uued-sonad-17-sajandil-0","status":"publish","type":"page","link":"https:\/\/sisu.ut.ee\/keeleylesanded\/uued-sonad-17-sajandil-0\/","title":{"rendered":"Uued s\u00f5nad 17. sajandil"},"content":{"rendered":"<p style=\"text-align: justify;\"><b>Kui 17. sajandil hakkasid Eesti sakslastest pastorid koostama eesti keele s\u00f5naraamatuid ja kirja panema eestikeelseid jutlusi, ei teadnud nad vahel m\u00f5ne ladina v\u00f5i saksa s\u00f5na eesti vastet. Osa n\u00e4htus olid talupojakultuuri jaoks uued ja nende kohta ei olnudki veel eesti keeles s\u00f5na olemas. Ka eestlased kasutasid sel juhul pikemat, sageli kujundlikku v\u00e4ljendit.<\/b><\/p>\n<p style=\"text-align: justify;\"><b>\u00dcleval on tolleaegsed eesti keele s\u00f5nad ja all t\u00e4hestikulises j\u00e4rjestuses nende t\u00e4nap\u00e4evased vasted. Kirjuta iga vana s\u00f5na j\u00e4rele sobiva t\u00e4nap\u00e4evase vaste j\u00e4rel olev t\u00e4ht (nt A, kui sobiv vaste on <i>eesel<\/i>).<\/b><\/p>\n<table class=\"table table-hover\" border=\"1\" width=\"261\" cellspacing=\"1\" cellpadding=\"1\">\n<tbody>\n<tr>\n<td>1)<\/td>\n<td>lahtikoda<\/td>\n<td><\/td>\n<\/tr>\n<tr>\n<td>2)<\/td>\n<td>vesikaar<\/td>\n<td><\/td>\n<\/tr>\n<tr>\n<td>3)<\/td>\n<td>kitkukabel<\/td>\n<td><\/td>\n<\/tr>\n<tr>\n<td>4)<\/td>\n<td>Saksa marja\u00f5un<\/td>\n<td><\/td>\n<\/tr>\n<tr>\n<td>5)<\/td>\n<td>k\u00fclgvits<\/td>\n<td><\/td>\n<\/tr>\n<tr>\n<td>6)<\/td>\n<td>kurnakorv<\/td>\n<td><\/td>\n<\/tr>\n<tr>\n<td>7)<\/td>\n<td>\u00a0p\u00e4evapool<\/td>\n<td><\/td>\n<\/tr>\n<tr>\n<td>8)<\/td>\n<td>metshobune<\/td>\n<td><\/td>\n<\/tr>\n<tr>\n<td>9)<\/td>\n<td>Hollandimaa \u00f5un<\/td>\n<td><\/td>\n<\/tr>\n<tr>\n<td>10)<\/td>\n<td>savisiug<\/td>\n<td><\/td>\n<\/tr>\n<\/tbody>\n<\/table>\n<table class=\"table table-hover\" border=\"0\" width=\"211\" cellspacing=\"1\" cellpadding=\"1\">\n<tbody>\n<tr>\n<td>A.<\/td>\n<td>eesel<\/td>\n<\/tr>\n<tr>\n<td>B.<\/td>\n<td>k\u00f5blas<\/td>\n<\/tr>\n<tr>\n<td>C.<\/td>\n<td>l\u00e4\u00e4s<\/td>\n<\/tr>\n<tr>\n<td>D.<\/td>\n<td>pirn<\/td>\n<\/tr>\n<tr>\n<td>E.<\/td>\n<td>p\u00f5hi<\/td>\n<\/tr>\n<tr>\n<td>F.<\/td>\n<td>roie<\/td>\n<\/tr>\n<tr>\n<td>G.<\/td>\n<td>sidrun<\/td>\n<\/tr>\n<tr>\n<td>H.<\/td>\n<td>s\u00f5el<\/td>\n<\/tr>\n<tr>\n<td>I.<\/td>\n<td>tapamaja<\/td>\n<\/tr>\n<tr>\n<td>J.<\/td>\n<td>vaskuss<\/td>\n<\/tr>\n<\/tbody>\n<\/table>\n<p>2014<\/p>\n<p>vanem<\/p>\n<p>l\u00f5ppvoor<\/p>\n<p><a href=\"https:\/\/sisu.ut.ee\/keeleylesanded\/uued-sonad-17-sajandil-vastus\/\">Vastus<\/a><\/p>\n","protected":false},"excerpt":{"rendered":"<p>Kui 17. sajandil hakkasid Eesti sakslastest pastorid koostama eesti keele s\u00f5naraamatuid ja kirja panema eestikeelseid jutlusi, ei teadnud nad vahel m\u00f5ne ladina v\u00f5i saksa s\u00f5na eesti vastet. Osa n\u00e4htus olid talupojakultuuri jaoks uued ja nende kohta ei olnudki veel eesti &#8230;<\/p>\n","protected":false},"author":185,"featured_media":0,"parent":0,"menu_order":0,"comment_status":"closed","ping_status":"closed","template":"","meta":{"_acf_changed":false,"inline_featured_image":false,"footnotes":""},"class_list":["post-251","page","type-page","status-publish","hentry"],"acf":[],"_links":{"self":[{"href":"https:\/\/sisu.ut.ee\/keeleylesanded\/wp-json\/wp\/v2\/pages\/251","targetHints":{"allow":["GET"]}}],"collection":[{"href":"https:\/\/sisu.ut.ee\/keeleylesanded\/wp-json\/wp\/v2\/pages"}],"about":[{"href":"https:\/\/sisu.ut.ee\/keeleylesanded\/wp-json\/wp\/v2\/types\/page"}],"author":[{"embeddable":true,"href":"https:\/\/sisu.ut.ee\/keeleylesanded\/wp-json\/wp\/v2\/users\/185"}],"replies":[{"embeddable":true,"href":"https:\/\/sisu.ut.ee\/keeleylesanded\/wp-json\/wp\/v2\/comments?post=251"}],"version-history":[{"count":2,"href":"https:\/\/sisu.ut.ee\/keeleylesanded\/wp-json\/wp\/v2\/pages\/251\/revisions"}],"predecessor-version":[{"id":2033,"href":"https:\/\/sisu.ut.ee\/keeleylesanded\/wp-json\/wp\/v2\/pages\/251\/revisions\/2033"}],"wp:attachment":[{"href":"https:\/\/sisu.ut.ee\/keeleylesanded\/wp-json\/wp\/v2\/media?parent=251"}],"curies":[{"name":"wp","href":"https:\/\/api.w.org\/{rel}","templated":true}]}}