{"id":249,"date":"2024-04-04T05:03:44","date_gmt":"2024-04-04T02:03:44","guid":{"rendered":"https:\/\/sisu.ut.ee\/keeleylesanded\/kone-ja-saatelause\/"},"modified":"2024-11-29T10:21:58","modified_gmt":"2024-11-29T08:21:58","slug":"kone-ja-saatelause","status":"publish","type":"page","link":"https:\/\/sisu.ut.ee\/keeleylesanded\/kone-ja-saatelause\/","title":{"rendered":"K\u00f5ne ja saatelause"},"content":{"rendered":"<p><strong>Lauset (v\u00f5i lausest suuremat tekstil\u00f5iku), mis annab edasi teise isiku k\u00f5net, nimetatakse lause\u00f5petuses referaadiks. Referaat koosneb tavaliselt kahest osast: referaatosast (see, mida \u00f6eldi) ja saatev\u00e4ljendist (nimetab \u00fctlemist, \u00fctlejat, vahel ka seda, kellele \u00f6eldi). Saatev\u00e4ljendiks v\u00f5ib olla lause\u00a0(<em>Peeter \u00fctles<\/em>) v\u00f5i fraas (<em>Peetri jutu j\u00e4rgi<\/em>). Referaati v\u00f5ib edasi anda otsek\u00f5nes v\u00f5i kaudk\u00f5nes. Leidke j\u00e4rgnevast ajalehetekstist referaadid ja liigitage nad vastavalt struktuurile kolme r\u00fchma.<\/strong><\/p>\n<ol>\n<li>Otsek\u00f5ne saatelausega:<\/li>\n<li>Kaudk\u00f5ne saatelausega:<\/li>\n<li>Kaudk\u00f5ne saatefraasiga:<\/li>\n<\/ol>\n<div style=\"text-align: center;\"><em>Sotsid plaanivad liitumisk\u00f5nelusi roheliste ja Rahvaliiduga<\/em><\/div>\n<div style=\"text-align: center;\"><em>Eesti P\u00e4evaleht, 3. november 2009<\/em><\/div>\n<div style=\"text-align: center;\"><em>Kerttu Kaldoja<\/em><\/div>\n<div>Sotsiaaldemokraatliku Erakonna juhatus otsustas eile\u00a0\u00fcksmeelselt alustada l\u00e4birii\u00e4kimisi\u00a0Rahvaliidu ja rohelistega, et arutada v\u00f5imalikku koost\u00f6\u00f6d ja liitumist\u00a0sotsiaaldemokraatidega.<\/div>\n<div>Sotsid moodustasid l\u00e4biriiiikimisteks ka t\u00f6\u00f6r\u00fchma, mida juhib aseesimees\u00a0Indrek\u00a0Saar, teatas erakond.<\/div>\n<div>Sotsiaaldemokraatide esimees J\u00fcri Pihl kommenteeris, et\u00a0sotsiaaldemokraatidel on\u00a0selge \u00fchisosa nii roheliste kui ka Rahvaliiduga. \u201cRahvaliiduga on meil sarnased vaated\u00a0regionaalpoliitikale\u00a0 ning rohelistega jagame l\u00e4hedasi vaateid keskkonnapoliitikas,\u201d m\u00e4rkis\u00a0Pihl. Ta lisas, et Eesti poliitika vasaktsentristlik tiib tugevneks\u00a0m\u00e4rgatavalt, kui Rahvaliit ja\u00a0rohelised liituksid Sotsiaaldemokraatliku Erakonnaga.<\/div>\n<div>Ettepanek liituda sotside ja rohelistega on k\u00f5lanud varem juba ka\u00a0Rahvaliidu poolelt,\u00a0kui selle k\u00e4isid v\u00e4lja Jaak Allik, Tiit Tammsaar,\u00a0Jaanus M\u00e4nnik ja Jaan \u00d5unapuu. Rahvaliitu\u00a0on omakorda liituma kutsunud ka Keskerakond.<\/div>\n<div>Selle n\u00e4dala l\u00f5puni toimuvad Rahvaliidu 17\u00a0maakonna- ja linna\u00fchenduse<\/div>\n<div>konverentsid, kus kohalikud erakonna liikmed arutavad erakonna tuleviku \u00fcle ning kaaluvad v\u00f5imalikku \u00fchisosa ja koost\u00f6\u00f6d teiste erakondadega. Kokkuv\u00f5tte teeb\u00a0Rahvaliidu volikogu tuleval esmasp\u00e4eval.<\/div>\n<div>Erakonna Eestimaa Rohelised volikogu arutas liitumise k\u00fcsimust laup\u00e4eval ja praegu\u00a0on see erakonnas n-\u00f6 v\u00f5rguarutlusel.<\/div>\n<div><\/div>\n<div><strong>Strandberg on skeptiline<\/strong><\/div>\n<div>Mingit kokkulepet erakonna sees v\u00f5i delegatsiooni moodustamist veel pole, kuid erakonna\u00a0eestk\u00f5neleja Marek Strandbergi s\u00f5nul on \u00fcldine hoiak, et l\u00e4bi r\u00e4\u00e4kida ju v\u00f5ib. ,,Samas on\u00a0t\u00e4naseid Eesti rohelisi vasakul olevaks pidada k\u00fcllalt keeruline,\u201d kommenteeris ta.<\/div>\n<div>Eesm\u00e4rgid on Strandbergi arvates k\u00f5igil erakondadel sarnased, kuid roheliste\u00a0koost\u00f6\u00f6 teiste parteidega saab toimuda ainult siis, kui inimese ja\u00a0 keskkonna k\u00fcsimustes\u00a0laiendatakse oma arusaamade baasi just\u00a0rohelistele iseloomulikult.<\/div>\n<div><\/div>\n<div><\/div>\n<div>2010<\/div>\n<div>vanem<\/div>\n<div>piirkonnavoor<\/div>\n<div><\/div>\n<div><a href=\"https:\/\/sisu.ut.ee\/keeleylesanded\/kone-ja-saatelause-vastus\/\">Vastus<\/a><\/div>\n","protected":false},"excerpt":{"rendered":"<p>Lauset (v\u00f5i lausest suuremat tekstil\u00f5iku), mis annab edasi teise isiku k\u00f5net, nimetatakse lause\u00f5petuses referaadiks. Referaat koosneb tavaliselt kahest osast: referaatosast (see, mida \u00f6eldi) ja saatev\u00e4ljendist (nimetab \u00fctlemist, \u00fctlejat, vahel ka seda, kellele \u00f6eldi). Saatev\u00e4ljendiks v\u00f5ib olla lause\u00a0(Peeter \u00fctles) v\u00f5i fraas &#8230;<\/p>\n","protected":false},"author":185,"featured_media":0,"parent":0,"menu_order":0,"comment_status":"closed","ping_status":"closed","template":"","meta":{"_acf_changed":false,"inline_featured_image":false,"footnotes":""},"class_list":["post-249","page","type-page","status-publish","hentry"],"acf":[],"_links":{"self":[{"href":"https:\/\/sisu.ut.ee\/keeleylesanded\/wp-json\/wp\/v2\/pages\/249","targetHints":{"allow":["GET"]}}],"collection":[{"href":"https:\/\/sisu.ut.ee\/keeleylesanded\/wp-json\/wp\/v2\/pages"}],"about":[{"href":"https:\/\/sisu.ut.ee\/keeleylesanded\/wp-json\/wp\/v2\/types\/page"}],"author":[{"embeddable":true,"href":"https:\/\/sisu.ut.ee\/keeleylesanded\/wp-json\/wp\/v2\/users\/185"}],"replies":[{"embeddable":true,"href":"https:\/\/sisu.ut.ee\/keeleylesanded\/wp-json\/wp\/v2\/comments?post=249"}],"version-history":[{"count":2,"href":"https:\/\/sisu.ut.ee\/keeleylesanded\/wp-json\/wp\/v2\/pages\/249\/revisions"}],"predecessor-version":[{"id":1865,"href":"https:\/\/sisu.ut.ee\/keeleylesanded\/wp-json\/wp\/v2\/pages\/249\/revisions\/1865"}],"wp:attachment":[{"href":"https:\/\/sisu.ut.ee\/keeleylesanded\/wp-json\/wp\/v2\/media?parent=249"}],"curies":[{"name":"wp","href":"https:\/\/api.w.org\/{rel}","templated":true}]}}