{"id":247,"date":"2024-04-04T05:03:43","date_gmt":"2024-04-04T02:03:43","guid":{"rendered":"https:\/\/sisu.ut.ee\/keeleylesanded\/voorsona-tahendus-ii\/"},"modified":"2024-11-29T13:51:15","modified_gmt":"2024-11-29T11:51:15","slug":"voorsona-tahendus-ii","status":"publish","type":"page","link":"https:\/\/sisu.ut.ee\/keeleylesanded\/voorsona-tahendus-ii\/","title":{"rendered":"V\u00f5\u00f5rs\u00f5na t\u00e4hendus (II)"},"content":{"rendered":"<p><b>Kirjutage iga v\u00f5\u00f5rs\u00f5na j\u00e4rele number, mis allolevas loetelus t\u00e4histab selle s\u00f5na t\u00e4hendust.<\/b><\/p>\n<table class=\"table table-hover\" style=\"border-collapse: collapse; border: solidwindowtext1.0pt;\">\n<tbody>\n<tr>\n<td style=\"width: 230.3pt; border: solidwindowtext1.0pt;\" width=\"307\">\n<p style=\"margin-bottom: .0001pt; padding: 0cm5.4pt0cm5.4pt;\">alfabeet<\/p>\n<\/td>\n<td style=\"width: 51.55pt; border: solidwindowtext1.0pt; border-left: none;\" width=\"69\">\n<p style=\"margin-bottom: .0001pt; padding: 0cm5.4pt0cm5.4pt;\">\n<\/p><\/td>\n<\/tr>\n<tr>\n<td style=\"width: 230.3pt; border: solidwindowtext1.0pt; border-top: none;\" width=\"307\">\n<p style=\"margin-bottom: .0001pt; padding: 0cm5.4pt0cm5.4pt;\">belletristika<\/p>\n<\/td>\n<td style=\"width: 51.55pt; border-top: none; border-left: none; border-bottom: solidwindowtext1.0pt; border-right: solidwindowtext1.0pt;\" width=\"69\">\n<p style=\"margin-bottom: .0001pt; padding: 0cm5.4pt0cm5.4pt;\">\n<\/p><\/td>\n<\/tr>\n<tr>\n<td style=\"width: 230.3pt; border: solidwindowtext1.0pt; border-top: none;\" width=\"307\">\n<p style=\"margin-bottom: .0001pt; padding: 0cm5.4pt0cm5.4pt;\">bibliograafia<\/p>\n<\/td>\n<td style=\"width: 51.55pt; border-top: none; border-left: none; border-bottom: solidwindowtext1.0pt; border-right: solidwindowtext1.0pt;\" width=\"69\">\n<p style=\"margin-bottom: .0001pt; padding: 0cm5.4pt0cm5.4pt;\">\n<\/p><\/td>\n<\/tr>\n<tr>\n<td style=\"width: 230.3pt; border: solidwindowtext1.0pt; border-top: none;\" width=\"307\">\n<p style=\"margin-bottom: .0001pt; padding: 0cm5.4pt0cm5.4pt;\">didaktika<\/p>\n<\/td>\n<td style=\"width: 51.55pt; border-top: none; border-left: none; border-bottom: solidwindowtext1.0pt; border-right: solidwindowtext1.0pt;\" width=\"69\">\n<p style=\"margin-bottom: .0001pt; padding: 0cm5.4pt0cm5.4pt;\">\n<\/p><\/td>\n<\/tr>\n<tr>\n<td style=\"width: 230.3pt; border: solidwindowtext1.0pt; border-top: none;\" width=\"307\">\n<p style=\"margin-bottom: .0001pt; padding: 0cm5.4pt0cm5.4pt;\">epop\u00f6a<\/p>\n<\/td>\n<td style=\"width: 51.55pt; border-top: none; border-left: none; border-bottom: solidwindowtext1.0pt; border-right: solidwindowtext1.0pt;\" width=\"69\">\n<p style=\"margin-bottom: .0001pt; padding: 0cm5.4pt0cm5.4pt;\">\n<\/p><\/td>\n<\/tr>\n<tr>\n<td style=\"width: 230.3pt; border: solidwindowtext1.0pt; border-top: none;\" width=\"307\">\n<p style=\"margin-bottom: .0001pt; padding: 0cm5.4pt0cm5.4pt;\">neologism<\/p>\n<\/td>\n<td style=\"width: 51.55pt; border-top: none; border-left: none; border-bottom: solidwindowtext1.0pt; border-right: solidwindowtext1.0pt;\" width=\"69\">\n<p style=\"margin-bottom: .0001pt; padding: 0cm5.4pt0cm5.4pt;\">\n<\/p><\/td>\n<\/tr>\n<tr>\n<td style=\"width: 230.3pt; border: solidwindowtext1.0pt; border-top: none;\" width=\"307\">\n<p style=\"margin-bottom: .0001pt; padding: 0cm5.4pt0cm5.4pt;\">leksikograafia<\/p>\n<\/td>\n<td style=\"width: 51.55pt; border-top: none; border-left: none; border-bottom: solidwindowtext1.0pt; border-right: solidwindowtext1.0pt;\" width=\"69\">\n<p style=\"margin-bottom: .0001pt; padding: 0cm5.4pt0cm5.4pt;\">\n<\/p><\/td>\n<\/tr>\n<tr>\n<td style=\"width: 230.3pt; border: solidwindowtext1.0pt; border-top: none;\" width=\"307\">\n<p style=\"margin-bottom: .0001pt; padding: 0cm5.4pt0cm5.4pt;\">leksikoloogia<\/p>\n<\/td>\n<td style=\"width: 51.55pt; border-top: none; border-left: none; border-bottom: solidwindowtext1.0pt; border-right: solidwindowtext1.0pt;\" width=\"69\">\n<p style=\"margin-bottom: .0001pt; padding: 0cm5.4pt0cm5.4pt;\">\n<\/p><\/td>\n<\/tr>\n<tr>\n<td style=\"width: 230.3pt; border: solidwindowtext1.0pt; border-top: none;\" width=\"307\">\n<p style=\"margin-bottom: .0001pt; padding: 0cm5.4pt0cm5.4pt;\">pleonasm<\/p>\n<\/td>\n<td style=\"width: 51.55pt; border-top: none; border-left: none; border-bottom: solidwindowtext1.0pt; border-right: solidwindowtext1.0pt;\" width=\"69\">\n<p style=\"margin-bottom: .0001pt; padding: 0cm5.4pt0cm5.4pt;\">\n<\/p><\/td>\n<\/tr>\n<tr>\n<td style=\"width: 230.3pt; border: solidwindowtext1.0pt; border-top: none;\" width=\"307\">\n<p style=\"margin-bottom: .0001pt; padding: 0cm5.4pt0cm5.4pt;\">tees<\/p>\n<\/td>\n<td style=\"width: 51.55pt; border-top: none; border-left: none; border-bottom: solidwindowtext1.0pt; border-right: solidwindowtext1.0pt;\" width=\"69\">\n<p style=\"margin-bottom: .0001pt; padding: 0cm5.4pt0cm5.4pt;\">\n<\/p><\/td>\n<\/tr>\n<tr>\n<td style=\"width: 230.3pt; border: solidwindowtext1.0pt; border-top: none;\" width=\"307\">\n<p style=\"margin-bottom: .0001pt; padding: 0cm5.4pt0cm5.4pt;\">pseudon\u00fc\u00fcm<\/p>\n<\/td>\n<td style=\"width: 51.55pt; border-top: none; border-left: none; border-bottom: solidwindowtext1.0pt; border-right: solidwindowtext1.0pt;\" width=\"69\">\n<p style=\"margin-bottom: .0001pt; padding: 0cm5.4pt0cm5.4pt;\">\n<\/p><\/td>\n<\/tr>\n<tr>\n<td style=\"width: 230.3pt; border: solidwindowtext1.0pt; border-top: none;\" width=\"307\">\n<p style=\"margin-bottom: .0001pt; padding: 0cm5.4pt0cm5.4pt;\">onomatop\u00f6a<\/p>\n<\/td>\n<td style=\"width: 51.55pt; border-top: none; border-left: none; border-bottom: solidwindowtext1.0pt; border-right: solidwindowtext1.0pt;\" width=\"69\">\n<p style=\"margin-bottom: .0001pt; padding: 0cm5.4pt0cm5.4pt;\">\n<\/p><\/td>\n<\/tr>\n<tr>\n<td style=\"width: 230.3pt; border: solidwindowtext1.0pt; border-top: none;\" width=\"307\">\n<p style=\"margin-bottom: .0001pt; padding: 0cm5.4pt0cm5.4pt;\">poeetika<\/p>\n<\/td>\n<td style=\"width: 51.55pt; border-top: none; border-left: none; border-bottom: solidwindowtext1.0pt; border-right: solidwindowtext1.0pt;\" width=\"69\">\n<p style=\"margin-bottom: .0001pt; padding: 0cm5.4pt0cm5.4pt;\">\n<\/p><\/td>\n<\/tr>\n<tr>\n<td style=\"width: 230.3pt; border: solidwindowtext1.0pt; border-top: none;\" width=\"307\">\n<p style=\"margin-bottom: .0001pt; padding: 0cm5.4pt0cm5.4pt;\">libret<\/p>\n<\/td>\n<td style=\"width: 51.55pt; border-top: none; border-left: none; border-bottom: solidwindowtext1.0pt; border-right: solidwindowtext1.0pt;\" width=\"69\">\n<p style=\"margin-bottom: .0001pt; padding: 0cm5.4pt0cm5.4pt;\">\n<\/p><\/td>\n<\/tr>\n<tr>\n<td style=\"width: 230.3pt; border: solidwindowtext1.0pt; border-top: none;\" width=\"307\">\n<p style=\"margin-bottom: .0001pt; padding: 0cm5.4pt0cm5.4pt;\">biograafia<\/p>\n<\/td>\n<td style=\"width: 51.55pt; border-top: none; border-left: none; border-bottom: solidwindowtext1.0pt; border-right: solidwindowtext1.0pt;\" width=\"69\">\n<p style=\"margin-bottom: .0001pt; padding: 0cm5.4pt0cm5.4pt;\">\n<\/p><\/td>\n<\/tr>\n<tr>\n<td style=\"width: 230.3pt; border: solidwindowtext1.0pt; border-top: none;\" width=\"307\">\n<p style=\"margin-bottom: .0001pt; padding: 0cm5.4pt0cm5.4pt;\">annotatsioon<\/p>\n<\/td>\n<td style=\"width: 51.55pt; border-top: none; border-left: none; border-bottom: solidwindowtext1.0pt; border-right: solidwindowtext1.0pt;\" width=\"69\">\n<p style=\"margin-bottom: .0001pt; padding: 0cm5.4pt0cm5.4pt;\">\n<\/p><\/td>\n<\/tr>\n<tr>\n<td style=\"width: 230.3pt; border: solidwindowtext1.0pt; border-top: none;\" width=\"307\">\n<p style=\"margin-bottom: .0001pt; padding: 0cm5.4pt0cm5.4pt;\">s\u00fcntaks<\/p>\n<\/td>\n<td style=\"width: 51.55pt; border-top: none; border-left: none; border-bottom: solidwindowtext1.0pt; border-right: solidwindowtext1.0pt;\" width=\"69\">\n<p style=\"margin-bottom: .0001pt; padding: 0cm5.4pt0cm5.4pt;\">\n<\/p><\/td>\n<\/tr>\n<tr>\n<td style=\"width: 230.3pt; border: solidwindowtext1.0pt; border-top: none;\" width=\"307\">\n<p style=\"margin-bottom: .0001pt; padding: 0cm5.4pt0cm5.4pt;\">et\u00fcmoloogia<\/p>\n<\/td>\n<td style=\"width: 51.55pt; border-top: none; border-left: none; border-bottom: solidwindowtext1.0pt; border-right: solidwindowtext1.0pt;\" width=\"69\">\n<p style=\"margin-bottom: .0001pt; padding: 0cm5.4pt0cm5.4pt;\">\n<\/p><\/td>\n<\/tr>\n<tr>\n<td style=\"width: 230.3pt; border: solidwindowtext1.0pt; border-top: none;\" width=\"307\">\n<p style=\"margin-bottom: .0001pt; padding: 0cm5.4pt0cm5.4pt;\">proloog<\/p>\n<\/td>\n<td style=\"width: 51.55pt; border-top: none; border-left: none; border-bottom: solidwindowtext1.0pt; border-right: solidwindowtext1.0pt;\" width=\"69\">\n<p style=\"margin-bottom: .0001pt; padding: 0cm5.4pt0cm5.4pt;\">\n<\/p><\/td>\n<\/tr>\n<tr>\n<td style=\"width: 230.3pt; border: solidwindowtext1.0pt; border-top: none;\" width=\"307\">\n<p style=\"margin-bottom: .0001pt; padding: 0cm5.4pt0cm5.4pt;\">retoorika<\/p>\n<\/td>\n<td style=\"width: 51.55pt; border-top: none; border-left: none; border-bottom: solidwindowtext1.0pt; border-right: solidwindowtext1.0pt;\" width=\"69\">\n<p style=\"margin-bottom: .0001pt; padding: 0cm5.4pt0cm5.4pt;\">\n<\/p><\/td>\n<\/tr>\n<\/tbody>\n<\/table>\n<p><u>T\u00e4hendused<\/u><\/p>\n<ol>\n<li>s\u00f5naraamatute tegemise teooria ja praktika<\/li>\n<li>tegevusala, mille eesm\u00e4rk on teavitada lugejaid tr\u00fckistest jm dokumentides<\/li>\n<li>k\u00f5nekunst, k\u00f5nekunsti\u00f5petus, iluk\u00f5ne<\/li>\n<li>luulekunsti\u00f5petus<\/li>\n<li>t\u00e4hestik<\/li>\n<li>ilukirjandus<\/li>\n<li>pikemat ajaj\u00e4rku v\u00f5i ajaloolisi suurs\u00fcndmusi k\u00e4sitlev eepos, romaan, romaanisari, film<\/li>\n<li>elulugu<\/li>\n<li>\u00f5petamis\u00f5petus<\/li>\n<li>sama v\u00f5i l\u00e4hedase t\u00e4hendusega s\u00f5nade tarbetu kordamine<\/li>\n<li>uudiskeelend<\/li>\n<li>varjunimi<\/li>\n<li>helij\u00e4ljendus<\/li>\n<li>juhtm\u00f5te, p\u00f5hiseisukoht, t\u00f5estatav v\u00e4ide<\/li>\n<li>helit\u00f6\u00f6 tekst<\/li>\n<li>s\u00f5nade p\u00e4ritolu \u00f5petus, s\u00f5na algup\u00e4ra<\/li>\n<li>eellugu, sissejuhatav osa<\/li>\n<li>lause\u00f5petus<\/li>\n<li>teose v\u00f5i filmi l\u00fchitutvustus<\/li>\n<li>s\u00f5na- ja sonavara\u00f5petus<\/li>\n<\/ol>\n<p><a title=\"\" href=\"https:\/\/sisu.ut.ee\/keeleylesanded\/v%C3%B5%C3%B5rsona-tahendus-ii-vastus\" target=\"_blank\" rel=\"noopener\" data-url=\"https:\/\/sisu.ut.ee\/keeleylesanded\/v\u00f5\u00f5rsona-tahendus-ii-vastus\">2<\/a>010<\/p>\n<p>keskmine<\/p>\n<p>l\u00f5ppvoor<\/p>\n<p><a href=\"https:\/\/sisu.ut.ee\/keeleylesanded\/voorsona-tahendus-ii-vastus\/\">Vastus<\/a><\/p>\n","protected":false},"excerpt":{"rendered":"<p>Kirjutage iga v\u00f5\u00f5rs\u00f5na j\u00e4rele number, mis allolevas loetelus t\u00e4histab selle s\u00f5na t\u00e4hendust. alfabeet belletristika bibliograafia didaktika epop\u00f6a neologism leksikograafia leksikoloogia pleonasm tees pseudon\u00fc\u00fcm onomatop\u00f6a poeetika libret biograafia annotatsioon s\u00fcntaks et\u00fcmoloogia proloog retoorika T\u00e4hendused s\u00f5naraamatute tegemise teooria ja praktika tegevusala, mille &#8230;<\/p>\n","protected":false},"author":185,"featured_media":0,"parent":0,"menu_order":0,"comment_status":"closed","ping_status":"closed","template":"","meta":{"_acf_changed":false,"inline_featured_image":false,"footnotes":""},"class_list":["post-247","page","type-page","status-publish","hentry"],"acf":[],"_links":{"self":[{"href":"https:\/\/sisu.ut.ee\/keeleylesanded\/wp-json\/wp\/v2\/pages\/247","targetHints":{"allow":["GET"]}}],"collection":[{"href":"https:\/\/sisu.ut.ee\/keeleylesanded\/wp-json\/wp\/v2\/pages"}],"about":[{"href":"https:\/\/sisu.ut.ee\/keeleylesanded\/wp-json\/wp\/v2\/types\/page"}],"author":[{"embeddable":true,"href":"https:\/\/sisu.ut.ee\/keeleylesanded\/wp-json\/wp\/v2\/users\/185"}],"replies":[{"embeddable":true,"href":"https:\/\/sisu.ut.ee\/keeleylesanded\/wp-json\/wp\/v2\/comments?post=247"}],"version-history":[{"count":2,"href":"https:\/\/sisu.ut.ee\/keeleylesanded\/wp-json\/wp\/v2\/pages\/247\/revisions"}],"predecessor-version":[{"id":2072,"href":"https:\/\/sisu.ut.ee\/keeleylesanded\/wp-json\/wp\/v2\/pages\/247\/revisions\/2072"}],"wp:attachment":[{"href":"https:\/\/sisu.ut.ee\/keeleylesanded\/wp-json\/wp\/v2\/media?parent=247"}],"curies":[{"name":"wp","href":"https:\/\/api.w.org\/{rel}","templated":true}]}}