{"id":246,"date":"2024-04-04T05:03:43","date_gmt":"2024-04-04T02:03:43","guid":{"rendered":"https:\/\/sisu.ut.ee\/keeleylesanded\/evidentsiaalsuse-valjendamine\/"},"modified":"2024-11-29T13:29:35","modified_gmt":"2024-11-29T11:29:35","slug":"evidentsiaalsuse-valjendamine","status":"publish","type":"page","link":"https:\/\/sisu.ut.ee\/keeleylesanded\/evidentsiaalsuse-valjendamine\/","title":{"rendered":"Vahendatud informatsioon"},"content":{"rendered":"<p style=\"margin-bottom: 10pt; text-align: justify;\"><span style=\"line-height: 115%;\"><b>Uudistekstides peab autor sageli vahendama kellegi teise seisukohti ja m\u00f5ttek\u00e4ike. Selleks on eesti keeles olemas erinevaid leksikaalseid ja grammatilise vahendeid, nt kaudne k\u00f5neviis, otsene ja kaudne k\u00f5ne jm. Lugege hoolikalt j\u00e4rgnevat teksti ja leidke sellest 10 erinevat leksikaalset v\u00f5i grammatilist vahendit kaudse, vahendatu informatsiooni edasiandmiseks. Kirjutage leitud sonavormid v\u00f5i fraasid punktiirjoontele.<\/b><\/span><\/p>\n<p style=\"margin-bottom: 10pt; text-align: justify;\"><span style=\"line-height: 115%;\">Liikluseeskirjade rikkujatest on saanud arestimajade p\u00fcsikliendid, sest masu ajal eelistatkse trahvid lunastada maksumaksja kulul trellide taga istudes \u2013 see on Eestis v\u00e4idetavalt \u00fcha laiemalt leviv suundumus.<\/span><\/p>\n<p style=\"margin-bottom: 10pt; text-align: justify;\"><span style=\"line-height: 115%;\">Nii on asjalood praegu ka Tartus. Siinse politseiprefektuuri pressiesindaja s\u00f5nul vaevad kohtunikud igas kuus ligi 70 avaldust, milles asjaosalised paluvad asendada endale m\u00e4\u00e4ratud rahatrahvi arestiga, \u00fcle Eesti on selliseid juhtumeid kuuldavasti aga sadu. Inimestel lihtsalt pole vabu rahalisi vahendeid oma trahvide maksmiseks. nii veider kui see ka pole, ei saavat v\u00e4\u00e4rteotrahve erinevalt kriminaalkorras m\u00e4\u00e4ratud rahalistest karistustest praegu asendada \u00fchiskondlikult kasuliku t\u00f6\u00f6ga, vaid \u00fcksnes arestiga. Prefektuuri andmetel maksab \u00fche arestandi \u00fclalpidamine riigile aga 350 krooni \u00f6\u00f6p\u00e4evas, nii et seaduserikkumise maksab kinni pigem Eesti maksumaksja. Tartu kohtut\u00e4ituri kinnitusel maksab osa trahviv\u00f5lglastest siiski summa kohe \u00e4ra, kui t\u00e4itur taotluse kohtusse viib. Teine ja j\u00e4rjest kasvav osa v\u00f5lglastest aga pidi valmis olema oma patte trellide taga lunastama. Aeg on karm ja materiaalsed v\u00f5imalused paljude jaoks v\u00e4ga kitsad. nii l\u00e4hevad ja kannavad sellised inimesed kohtut\u00e4ituri v\u00e4itel karistust p\u00e4ris r\u00f5\u00f5msalt, eriti kui t\u00f6\u00f6d ka parasjagu pole. Kohtut\u00e4iturite arvamuse kohaselt ei too trahvi arestiga asendamine neile suurt midagi sisse. Riigi makstav summa katvat vaid vaevalt t\u00e4ituri kulud. seet\u00f5ttu oleks kohtut\u00e4ituri arvates v\u00e4ga tore, kui v\u00e4\u00e4rteotrahve saaks hakata asendama \u00fchiskondlikult kasuliku t\u00f6\u00f6ga, sest praegu k\u00e4ivad asenduskaristused tema teatel maksumaksja rahakoti arvel ja see pole just eetiline.<\/span><\/p>\n<p style=\"margin-bottom: 10.0pt;\">\n<\/p><ol>\n<li style=\"margin-bottom: 10.0pt;\"><span style=\"line-height: 115%;\">\u2026\u2026\u2026\u2026\u2026\u2026\u2026\u2026\u2026\u2026\u2026\u2026\u2026\u2026\u2026\u2026\u2026\u2026\u2026\u2026\u2026\u2026\u2026\u2026\u2026\u2026\u2026\u2026\u2026\u2026\u2026<\/span><\/li>\n<li style=\"margin-bottom: 10.0pt;\"><span style=\"line-height: 115%;\">\u2026\u2026\u2026\u2026\u2026\u2026\u2026\u2026\u2026\u2026\u2026\u2026\u2026\u2026\u2026\u2026\u2026\u2026\u2026\u2026\u2026\u2026\u2026\u2026\u2026\u2026\u2026\u2026\u2026\u2026\u2026<\/span><\/li>\n<li style=\"margin-bottom: 10.0pt;\"><span style=\"line-height: 115%;\">\u2026\u2026\u2026\u2026\u2026\u2026\u2026\u2026\u2026\u2026\u2026\u2026\u2026\u2026\u2026\u2026\u2026\u2026\u2026\u2026\u2026\u2026\u2026\u2026\u2026\u2026\u2026\u2026\u2026\u2026\u2026<\/span><\/li>\n<li style=\"margin-bottom: 10.0pt;\"><span style=\"line-height: 115%;\">\u2026\u2026\u2026\u2026\u2026\u2026\u2026\u2026\u2026\u2026\u2026\u2026\u2026\u2026\u2026\u2026\u2026\u2026\u2026\u2026\u2026\u2026\u2026\u2026\u2026\u2026\u2026\u2026\u2026\u2026\u2026<\/span><\/li>\n<li style=\"margin-bottom: 10.0pt;\"><span style=\"line-height: 115%;\">\u2026\u2026\u2026\u2026\u2026\u2026\u2026\u2026\u2026\u2026\u2026\u2026\u2026\u2026\u2026\u2026\u2026\u2026\u2026\u2026\u2026\u2026\u2026\u2026\u2026\u2026\u2026\u2026\u2026\u2026\u2026<\/span><\/li>\n<li style=\"margin-bottom: 10.0pt;\"><span style=\"line-height: 115%;\">\u2026\u2026\u2026\u2026\u2026\u2026\u2026\u2026\u2026\u2026\u2026\u2026\u2026\u2026\u2026\u2026\u2026\u2026\u2026\u2026\u2026\u2026\u2026\u2026\u2026\u2026\u2026\u2026\u2026\u2026\u2026<\/span><\/li>\n<li style=\"margin-bottom: 10.0pt;\"><span style=\"line-height: 115%;\">\u2026\u2026\u2026\u2026\u2026\u2026\u2026\u2026\u2026\u2026\u2026\u2026\u2026\u2026\u2026\u2026\u2026\u2026\u2026\u2026\u2026\u2026\u2026\u2026\u2026\u2026\u2026\u2026\u2026\u2026\u2026<\/span><\/li>\n<li style=\"margin-bottom: 10.0pt;\"><span style=\"line-height: 115%;\">\u2026\u2026\u2026\u2026\u2026\u2026\u2026\u2026\u2026\u2026\u2026\u2026\u2026\u2026\u2026\u2026\u2026\u2026\u2026\u2026\u2026\u2026\u2026\u2026\u2026\u2026\u2026\u2026\u2026\u2026\u2026<\/span><\/li>\n<li style=\"margin-bottom: 10.0pt;\"><span style=\"line-height: 115%;\">\u2026\u2026\u2026\u2026\u2026\u2026\u2026\u2026\u2026\u2026\u2026\u2026\u2026\u2026\u2026\u2026\u2026\u2026\u2026\u2026\u2026\u2026\u2026\u2026\u2026\u2026\u2026\u2026\u2026\u2026\u2026<\/span><\/li>\n<li style=\"margin-bottom: 10.0pt;\"><span style=\"line-height: 115%;\">\u2026\u2026\u2026\u2026\u2026\u2026\u2026\u2026\u2026\u2026\u2026\u2026\u2026\u2026\u2026\u2026\u2026\u2026\u2026\u2026\u2026\u2026\u2026\u2026\u2026\u2026\u2026\u2026\u2026\u2026\u2026<\/span><\/li>\n<\/ol>\n<p><a title=\"\" href=\"https:\/\/sisu.ut.ee\/keeleylesanded\/evidentsiaalsuse-valjendamine-vastus\" target=\"_blank\" rel=\"noopener\" data-url=\"https:\/\/sisu.ut.ee\/keeleylesanded\/evidentsiaalsuse-valjendamine-vastus\">2<\/a>010<\/p>\n<p>vanem<\/p>\n<p>l\u00f5ppvoor<\/p>\n<p><a href=\"https:\/\/sisu.ut.ee\/keeleylesanded\/evidentsiaalsuse-valjendamine-vastus\/\">Vastus<\/a><\/p>\n","protected":false},"excerpt":{"rendered":"<p>Uudistekstides peab autor sageli vahendama kellegi teise seisukohti ja m\u00f5ttek\u00e4ike. Selleks on eesti keeles olemas erinevaid leksikaalseid ja grammatilise vahendeid, nt kaudne k\u00f5neviis, otsene ja kaudne k\u00f5ne jm. Lugege hoolikalt j\u00e4rgnevat teksti ja leidke sellest 10 erinevat leksikaalset v\u00f5i grammatilist &#8230;<\/p>\n","protected":false},"author":185,"featured_media":0,"parent":0,"menu_order":0,"comment_status":"closed","ping_status":"closed","template":"","meta":{"_acf_changed":false,"inline_featured_image":false,"footnotes":""},"class_list":["post-246","page","type-page","status-publish","hentry"],"acf":[],"_links":{"self":[{"href":"https:\/\/sisu.ut.ee\/keeleylesanded\/wp-json\/wp\/v2\/pages\/246","targetHints":{"allow":["GET"]}}],"collection":[{"href":"https:\/\/sisu.ut.ee\/keeleylesanded\/wp-json\/wp\/v2\/pages"}],"about":[{"href":"https:\/\/sisu.ut.ee\/keeleylesanded\/wp-json\/wp\/v2\/types\/page"}],"author":[{"embeddable":true,"href":"https:\/\/sisu.ut.ee\/keeleylesanded\/wp-json\/wp\/v2\/users\/185"}],"replies":[{"embeddable":true,"href":"https:\/\/sisu.ut.ee\/keeleylesanded\/wp-json\/wp\/v2\/comments?post=246"}],"version-history":[{"count":2,"href":"https:\/\/sisu.ut.ee\/keeleylesanded\/wp-json\/wp\/v2\/pages\/246\/revisions"}],"predecessor-version":[{"id":2036,"href":"https:\/\/sisu.ut.ee\/keeleylesanded\/wp-json\/wp\/v2\/pages\/246\/revisions\/2036"}],"wp:attachment":[{"href":"https:\/\/sisu.ut.ee\/keeleylesanded\/wp-json\/wp\/v2\/media?parent=246"}],"curies":[{"name":"wp","href":"https:\/\/api.w.org\/{rel}","templated":true}]}}