{"id":245,"date":"2024-04-04T05:03:43","date_gmt":"2024-04-04T02:03:43","guid":{"rendered":"https:\/\/sisu.ut.ee\/keeleylesanded\/sarnassonakimbud\/"},"modified":"2024-11-29T12:18:55","modified_gmt":"2024-11-29T10:18:55","slug":"sarnassonakimbud","status":"publish","type":"page","link":"https:\/\/sisu.ut.ee\/keeleylesanded\/sarnassonakimbud\/","title":{"rendered":"Sarnass\u00f5nakimbud"},"content":{"rendered":"<p style=\"text-align: justify;\"><strong>Jooni paremas veerus alla s\u00f5na v\u00f5i \u00fchend, mis sobib vasaku veeru lause l\u00fcnka. Kahe l\u00fcngaga lause k\u00f5rval on sarnassonakimbud esitatud l\u00fcnkade j\u00e4rjekorras. N\u00e4idis on t\u00e4histatud 0-ga.<\/strong><\/p>\n<table class=\"table table-hover\" style=\"width: 500px;\" border=\"1\" cellspacing=\"1\" cellpadding=\"1\">\n<tbody>\n<tr>\n<td>0. Ma __________________ koosolekul \u00f6eldut teie ametlikuks seisukohaks.<\/td>\n<td>pidin\n<p><u>pidasin<\/u><\/p><\/td>\n<\/tr>\n<tr>\n<td>1. NATO k\u00e4sutuses on ainulaadne ja usaldusv\u00e4\u00e4rne kogum poliitilisi ja s\u00f5jalisi vahendeid igasuguste kriiside ______ nii enne ja p\u00e4rast konflikte kui ka konfliktide ajal.<\/td>\n<td>ohjamiseks<br>\nohjeldamiseks<\/td>\n<\/tr>\n<tr>\n<td>2. Kohviaparaadi kasutamise eel vaata kaasa pandud ______, kuidas seda kodumasinat ______ tuleb.<\/td>\n<td>juhendist j\u00e4rele<br>\njuhisest j\u00e4rele<br>\njuhendist j\u00e4rgi<br>\njuhisest j\u00e4rgi\n<p>k\u00e4sitseda<br>\nk\u00e4sitleda<br>\nk\u00e4sitada<\/p><\/td>\n<\/tr>\n<tr>\n<td>3. Palun v\u00e4lja ______, kui suur mu laenuintress eurodes tuleks.<\/td>\n<td>arvutada<br>\narvestada<\/td>\n<\/tr>\n<tr>\n<td>4. Estonian Airi piloodid n\u00f5udsid oma t\u00f6\u00f6 eest ______ tasu, kuid avalikkus ei pidanud nende n\u00f5udmisi ______.<\/td>\n<td>v\u00e4\u00e4rikat<br>\nv\u00e4\u00e4rilist\n<p>reaalseks<br>\nrealistlikuks<\/p><\/td>\n<\/tr>\n<tr>\n<td>5. Prantsusmaal valminud lindude r\u00e4nde andmebaasi www.migraction.net kinnitusel ______ sealsed ornitoloogid ja looduskaitsjad aasta jooksul 45 miljonit r\u00e4ndlindu, kellest ______ saabus p\u00f5hja poolt.<\/td>\n<td>loendasid\n<div>loetlesid<\/div>\n<div><\/div>\n<p>enamus<br>\nenamik<\/p><\/td>\n<\/tr>\n<tr>\n<td>6. ______ peame hoolikalt j\u00e4rele m\u00f5tlema, millisesse kooli tahaks minna, ja siis ______ sisseastumiseksamid tegema.<\/td>\n<td>Ennem\n<div>Enne<\/div>\n<div><\/div>\n<p>osundatud<br>\nosutatud<\/p><\/td>\n<\/tr>\n<tr>\n<td>7. Ulukite ______ on eduka kaitseprogrammi toel k\u00fcmne aastaga kahekordistunud.<\/td>\n<td>arv<br>\narvukus<\/td>\n<\/tr>\n<tr>\n<td>8. ______ tuleb lisada laulus\u00f5nad ning kinnine \u00fcmbrik autorite ja esitajate andmetega ning kinnitada allkirjaga, et laulu s\u00f5nu ega muusikat ei ole kunagi \u00fchtegi portaali \u00fcles ______.<\/td>\n<td>Salvestisele<br>\nSalvestusele\n<p>laetud<br>\nlaaditud<\/p><\/td>\n<\/tr>\n<\/tbody>\n<\/table>\n<p>2013<\/p>\n<p>vanem<\/p>\n<p>piirkonnavoor<\/p>\n<p><a href=\"https:\/\/sisu.ut.ee\/keeleylesanded\/sarnassonakimbud-vastus\/\">Vastus<\/a><\/p>\n","protected":false},"excerpt":{"rendered":"<p>Jooni paremas veerus alla s\u00f5na v\u00f5i \u00fchend, mis sobib vasaku veeru lause l\u00fcnka. Kahe l\u00fcngaga lause k\u00f5rval on sarnassonakimbud esitatud l\u00fcnkade j\u00e4rjekorras. N\u00e4idis on t\u00e4histatud 0-ga. 0. Ma __________________ koosolekul \u00f6eldut teie ametlikuks seisukohaks. pidin pidasin 1. NATO k\u00e4sutuses on &#8230;<\/p>\n","protected":false},"author":185,"featured_media":0,"parent":0,"menu_order":0,"comment_status":"closed","ping_status":"closed","template":"","meta":{"_acf_changed":false,"inline_featured_image":false,"footnotes":""},"class_list":["post-245","page","type-page","status-publish","hentry"],"acf":[],"_links":{"self":[{"href":"https:\/\/sisu.ut.ee\/keeleylesanded\/wp-json\/wp\/v2\/pages\/245","targetHints":{"allow":["GET"]}}],"collection":[{"href":"https:\/\/sisu.ut.ee\/keeleylesanded\/wp-json\/wp\/v2\/pages"}],"about":[{"href":"https:\/\/sisu.ut.ee\/keeleylesanded\/wp-json\/wp\/v2\/types\/page"}],"author":[{"embeddable":true,"href":"https:\/\/sisu.ut.ee\/keeleylesanded\/wp-json\/wp\/v2\/users\/185"}],"replies":[{"embeddable":true,"href":"https:\/\/sisu.ut.ee\/keeleylesanded\/wp-json\/wp\/v2\/comments?post=245"}],"version-history":[{"count":2,"href":"https:\/\/sisu.ut.ee\/keeleylesanded\/wp-json\/wp\/v2\/pages\/245\/revisions"}],"predecessor-version":[{"id":1951,"href":"https:\/\/sisu.ut.ee\/keeleylesanded\/wp-json\/wp\/v2\/pages\/245\/revisions\/1951"}],"wp:attachment":[{"href":"https:\/\/sisu.ut.ee\/keeleylesanded\/wp-json\/wp\/v2\/media?parent=245"}],"curies":[{"name":"wp","href":"https:\/\/api.w.org\/{rel}","templated":true}]}}