{"id":243,"date":"2024-04-04T05:03:43","date_gmt":"2024-04-04T02:03:43","guid":{"rendered":"https:\/\/sisu.ut.ee\/keeleylesanded\/sarnased-ja-erinevad-sonad\/"},"modified":"2024-11-29T12:18:06","modified_gmt":"2024-11-29T10:18:06","slug":"sarnased-ja-erinevad-sonad","status":"publish","type":"page","link":"https:\/\/sisu.ut.ee\/keeleylesanded\/sarnased-ja-erinevad-sonad\/","title":{"rendered":"Sarnased ja erinevad s\u00f5nad"},"content":{"rendered":"<p><b>Igas tulbas on \u00fcks s\u00f5na, mis \u00fclej\u00e4\u00e4nutest mingi tunnuse poolest erineb. T\u00f5mba see maha ja p\u00f5hjenda veeru viimasel real, mille poolest see s\u00f5na teistest sama veeru s\u00f5nadest erineb.<\/b><\/p>\n<table class=\"table table-hover\" style=\"width: 500px;\" border=\"1\" cellspacing=\"1\" cellpadding=\"1\">\n<tbody>\n<tr>\n<td style=\"text-align: center;\"><strong>1.<\/strong><\/td>\n<td style=\"text-align: center;\"><strong>2.<\/strong><\/td>\n<td style=\"text-align: center;\"><strong>3.<\/strong><\/td>\n<td style=\"text-align: center;\"><strong>4.<\/strong><\/td>\n<td style=\"text-align: center;\"><strong>5.<\/strong><\/td>\n<\/tr>\n<tr>\n<td style=\"text-align: center;\">siire<\/td>\n<td style=\"text-align: center;\">kleebis<\/td>\n<td style=\"text-align: center;\">siirus<\/td>\n<td style=\"text-align: center;\">sirmik<\/td>\n<td style=\"text-align: center;\">ehitaja<\/td>\n<\/tr>\n<tr>\n<td style=\"text-align: center;\">taane<\/td>\n<td style=\"text-align: center;\">redis<\/td>\n<td style=\"text-align: center;\">headus<\/td>\n<td style=\"text-align: center;\">\u00f5isik<\/td>\n<td style=\"text-align: center;\">laulja<\/td>\n<\/tr>\n<tr>\n<td style=\"text-align: center;\">r\u00fcnne<\/td>\n<td style=\"text-align: center;\">tr\u00fckis<\/td>\n<td style=\"text-align: center;\">kenadus<\/td>\n<td style=\"text-align: center;\">lapik<\/td>\n<td style=\"text-align: center;\">\u00f5mbleja<\/td>\n<\/tr>\n<tr>\n<td style=\"text-align: center;\">ranne<\/td>\n<td style=\"text-align: center;\">leotis<\/td>\n<td style=\"text-align: center;\">armastus<\/td>\n<td style=\"text-align: center;\">lepik<\/td>\n<td style=\"text-align: center;\">k\u00fcljendaja<\/td>\n<\/tr>\n<tr>\n<td style=\"text-align: center;\">v\u00e4\u00e4ne<\/td>\n<td style=\"text-align: center;\">t\u00f5mmis<\/td>\n<td style=\"text-align: center;\">ausus<\/td>\n<td style=\"text-align: center;\">k\u00e4pik<\/td>\n<td style=\"text-align: center;\">seisja<\/td>\n<\/tr>\n<tr>\n<td style=\"text-align: center;\">t\u00f5mme<\/td>\n<td style=\"text-align: center;\">ehitis<\/td>\n<td style=\"text-align: center;\">\u00f5ilsus<\/td>\n<td style=\"text-align: center;\">tuulik<\/td>\n<td style=\"text-align: center;\">m\u00fc\u00fcja<\/td>\n<\/tr>\n<tr>\n<td style=\"text-align: center;\"><\/td>\n<td style=\"text-align: center;\"><\/td>\n<td style=\"text-align: center;\"><\/td>\n<td style=\"text-align: center;\"><\/td>\n<td style=\"text-align: center;\"><\/td>\n<\/tr>\n<\/tbody>\n<\/table>\n<p>2014<\/p>\n<p>vanem<\/p>\n<p>l\u00f5ppvoor<\/p>\n<p><a href=\"https:\/\/sisu.ut.ee\/keeleylesanded\/sarnased-ja-erinevad-sonad-vastus\/\">Vastus<\/a><\/p>\n","protected":false},"excerpt":{"rendered":"<p>Igas tulbas on \u00fcks s\u00f5na, mis \u00fclej\u00e4\u00e4nutest mingi tunnuse poolest erineb. T\u00f5mba see maha ja p\u00f5hjenda veeru viimasel real, mille poolest see s\u00f5na teistest sama veeru s\u00f5nadest erineb. 1. 2. 3. 4. 5. siire kleebis siirus sirmik ehitaja taane redis &#8230;<\/p>\n","protected":false},"author":185,"featured_media":0,"parent":0,"menu_order":0,"comment_status":"closed","ping_status":"closed","template":"","meta":{"_acf_changed":false,"inline_featured_image":false,"footnotes":""},"class_list":["post-243","page","type-page","status-publish","hentry"],"acf":[],"_links":{"self":[{"href":"https:\/\/sisu.ut.ee\/keeleylesanded\/wp-json\/wp\/v2\/pages\/243","targetHints":{"allow":["GET"]}}],"collection":[{"href":"https:\/\/sisu.ut.ee\/keeleylesanded\/wp-json\/wp\/v2\/pages"}],"about":[{"href":"https:\/\/sisu.ut.ee\/keeleylesanded\/wp-json\/wp\/v2\/types\/page"}],"author":[{"embeddable":true,"href":"https:\/\/sisu.ut.ee\/keeleylesanded\/wp-json\/wp\/v2\/users\/185"}],"replies":[{"embeddable":true,"href":"https:\/\/sisu.ut.ee\/keeleylesanded\/wp-json\/wp\/v2\/comments?post=243"}],"version-history":[{"count":2,"href":"https:\/\/sisu.ut.ee\/keeleylesanded\/wp-json\/wp\/v2\/pages\/243\/revisions"}],"predecessor-version":[{"id":1949,"href":"https:\/\/sisu.ut.ee\/keeleylesanded\/wp-json\/wp\/v2\/pages\/243\/revisions\/1949"}],"wp:attachment":[{"href":"https:\/\/sisu.ut.ee\/keeleylesanded\/wp-json\/wp\/v2\/media?parent=243"}],"curies":[{"name":"wp","href":"https:\/\/api.w.org\/{rel}","templated":true}]}}