{"id":242,"date":"2024-04-04T05:03:43","date_gmt":"2024-04-04T02:03:43","guid":{"rendered":"https:\/\/sisu.ut.ee\/keeleylesanded\/sundmuse-voimalik-toimumine\/"},"modified":"2024-11-29T12:55:32","modified_gmt":"2024-11-29T10:55:32","slug":"sundmuse-voimalik-toimumine","status":"publish","type":"page","link":"https:\/\/sisu.ut.ee\/keeleylesanded\/sundmuse-voimalik-toimumine\/","title":{"rendered":"S\u00fcndmuse (v\u00f5imalik) toimumine"},"content":{"rendered":"<p style=\"margin-bottom: 10.0pt;\"><span style=\"line-height: 115%;\"><b>1. J\u00e4rgnevalt on esitatud hulk pealkirju ajalehtede veebiv\u00e4ljaannetest. Leidke, millised neist pealkirjadest kajastavad s\u00fcndmusi, mille toimumises on kirjutaja kindel; millised pealkirjad kajastavad s\u00fcndmusi, mis reaalselt pole aset leidnud ja mille toimumine pole ka edaspidi kindel (v\u00e4hemalt autori arvates)? Kirjutage vastavad lausenumbrid m\u00f5lema r\u00fchma taha.<\/b><\/span><\/p>\n<ol>\n<li style=\"margin-bottom: 10.0pt;\"><span style=\"line-height: 115%;\">L\u00f5hkenud veetoru sulges P\u00f5hja-Tallinna \u00fche tuiksoone<\/span><\/li>\n<li style=\"margin-bottom: 10.0pt;\"><span style=\"line-height: 115%;\">V\u00e4lisajakirjanikud ei oleks s\u00fclearvutit vastu v\u00f5tnud<\/span><\/li>\n<li style=\"margin-bottom: 10.0pt;\"><span style=\"line-height: 115%;\">Kloorivesi v\u00f5ib imikutele kopsuhaigusi tekitada<\/span><\/li>\n<li style=\"margin-bottom: 10.0pt;\"><span style=\"line-height: 115%;\">Kultuurpealinna skandaal on loodetavasti mp\u00f6\u00f6danik<\/span><\/li>\n<li style=\"margin-bottom: 10.0pt;\"><span style=\"line-height: 115%;\">Iirimaa abielu\u00e4ris osales sadakond eestlannat<\/span><\/li>\n<li style=\"margin-bottom: 10.0pt;\"><span style=\"line-height: 115%;\">Veerenni t\u00e4naval segab liiklust rikkis t\u00f5kkepuu<\/span><\/li>\n<li style=\"margin-bottom: 10.0pt;\"><span style=\"line-height: 115%;\">Lool tehakse luksuslikke ja turvalisi soomusmaastureid<\/span><\/li>\n<li style=\"margin-bottom: 10.0pt;\"><span style=\"line-height: 115%;\">Loksa laevatehas kutsub pooled koondatud tagasi<\/span><\/li>\n<li style=\"margin-bottom: 10.0pt;\"><span style=\"line-height: 115%;\">Kas Saabist saab Lendav Hollandlane?<\/span><\/li>\n<li style=\"margin-bottom: 10.0pt;\"><span style=\"line-height: 115%;\">Tartu rahulepingu originaal tuuakse allkirjastamispaika<\/span><\/li>\n<li style=\"margin-bottom: 10.0pt;\"><span style=\"line-height: 115%;\">T\u0161ehhidelt v\u00f5inuks v\u00e4lja n\u00f5uda 30% samba hinnast<\/span><\/li>\n<li style=\"margin-bottom: 10.0pt;\"><span style=\"line-height: 115%;\">Kasside-koerte s\u00f6\u00f6mine saab Hiinas privileegiks?<\/span><\/li>\n<\/ol>\n<p style=\"margin-bottom: 10.0pt;\"><span style=\"line-height: 115%;\"><b>I r\u00fchm: reaalselt toimunud\/toimuvad s\u00fcndmused: \u2026\u2026\u2026\u2026\u2026\u2026\u2026\u2026\u2026\u2026\u2026\u2026\u2026\u2026\u2026\u2026\u2026\u2026\u2026\u2026<\/b><\/span><\/p>\n<p style=\"margin-bottom: 10.0pt;\"><span style=\"line-height: 115%;\"><b>II r\u00fchm: reaalselt mitte toimunud\/toimuvad s\u00fcndmused: \u2026\u2026\u2026\u2026\u2026\u2026\u2026\u2026\u2026\u2026\u2026\u2026\u2026\u2026\u2026\u2026.<\/b><\/span><\/p>\n<p style=\"margin-bottom: 10.0pt;\">\n<\/p><p style=\"margin-bottom: 10.0pt;\"><span style=\"line-height: 115%;\"><b>2. Milliseid keelelisi (grammatilisi ja leksikaalseid) vahendeid kasutatakse, et edasi anda s\u00fcndmuse v\u00f5imalikku mittetoimumist II r\u00fchmas? Tooge v\u00e4lja neli erinevat t\u00fc\u00fcpi vahendeid, mis II r\u00fchma lausetes ilmnesid.<\/b><\/span><\/p>\n<p style=\"margin-bottom: 10.0pt;\"><span style=\"line-height: 115%;\">1)<\/span><\/p>\n<p style=\"margin-bottom: 10.0pt;\"><span style=\"line-height: 115%;\">2)<\/span><\/p>\n<p style=\"margin-bottom: 10.0pt;\"><span style=\"line-height: 115%;\">3) <\/span><\/p>\n<p style=\"margin-bottom: 10.0pt;\"><span style=\"line-height: 115%;\">4)<\/span><\/p>\n<p style=\"margin-bottom: 10.0pt;\"><span style=\"line-height: 115%;\"><b>3. Kirjutage kaks I r\u00fchma pealkirja \u00fcmber nii, et pealkirjas v\u00e4ljendatud s\u00fcndmuse toimumine ei oleks kindel (s\u00fcndmus kas pole toimunud v\u00f5i ei pruugi toimuda). Kasutage eespool v\u00e4lja toodud keelelisi vahendeid.<\/b><\/span><\/p>\n<p style=\"margin-bottom: 10.0pt;\"><span style=\"line-height: 115%;\">1)<\/span><\/p>\n<p style=\"margin-bottom: 10.0pt;\"><span style=\"line-height: 115%;\">2)<\/span><\/p>\n<p style=\"margin-bottom: 10.0pt;\"><span style=\"line-height: 115%;\"><b>4. Kirjutage kaks II r\u00fchma pealkirja \u00fcmber nii, et sellest ilmneks et s\u00fcndmus on toimunud v\u00f5i toimub kindlasti (autor ei kahtle selle toimumises)<\/b><\/span><\/p>\n<p style=\"margin-bottom: 10.0pt;\"><span style=\"line-height: 115%;\">1)<\/span><\/p>\n<p style=\"margin-bottom: 10.0pt;\"><span style=\"line-height: 115%;\">2)<\/span><\/p>\n<p><a title=\"\" href=\"https:\/\/sisu.ut.ee\/keeleylesanded\/sundmuse-voimalik-toimumine-vastus\" target=\"_blank\" rel=\"noopener\" data-url=\"https:\/\/sisu.ut.ee\/keeleylesanded\/sundmuse-voimalik-toimumine-vastus\">2<\/a>010<\/p>\n<p>vanem<\/p>\n<p>l\u00f5ppvoor<\/p>\n<p><a href=\"https:\/\/sisu.ut.ee\/keeleylesanded\/sundmuse-voimalik-toimumine-vastus\/\">Vastus<\/a><\/p>\n","protected":false},"excerpt":{"rendered":"<p>1. J\u00e4rgnevalt on esitatud hulk pealkirju ajalehtede veebiv\u00e4ljaannetest. Leidke, millised neist pealkirjadest kajastavad s\u00fcndmusi, mille toimumises on kirjutaja kindel; millised pealkirjad kajastavad s\u00fcndmusi, mis reaalselt pole aset leidnud ja mille toimumine pole ka edaspidi kindel (v\u00e4hemalt autori arvates)? Kirjutage vastavad &#8230;<\/p>\n","protected":false},"author":185,"featured_media":0,"parent":0,"menu_order":0,"comment_status":"closed","ping_status":"closed","template":"","meta":{"_acf_changed":false,"inline_featured_image":false,"footnotes":""},"class_list":["post-242","page","type-page","status-publish","hentry"],"acf":[],"_links":{"self":[{"href":"https:\/\/sisu.ut.ee\/keeleylesanded\/wp-json\/wp\/v2\/pages\/242","targetHints":{"allow":["GET"]}}],"collection":[{"href":"https:\/\/sisu.ut.ee\/keeleylesanded\/wp-json\/wp\/v2\/pages"}],"about":[{"href":"https:\/\/sisu.ut.ee\/keeleylesanded\/wp-json\/wp\/v2\/types\/page"}],"author":[{"embeddable":true,"href":"https:\/\/sisu.ut.ee\/keeleylesanded\/wp-json\/wp\/v2\/users\/185"}],"replies":[{"embeddable":true,"href":"https:\/\/sisu.ut.ee\/keeleylesanded\/wp-json\/wp\/v2\/comments?post=242"}],"version-history":[{"count":2,"href":"https:\/\/sisu.ut.ee\/keeleylesanded\/wp-json\/wp\/v2\/pages\/242\/revisions"}],"predecessor-version":[{"id":1990,"href":"https:\/\/sisu.ut.ee\/keeleylesanded\/wp-json\/wp\/v2\/pages\/242\/revisions\/1990"}],"wp:attachment":[{"href":"https:\/\/sisu.ut.ee\/keeleylesanded\/wp-json\/wp\/v2\/media?parent=242"}],"curies":[{"name":"wp","href":"https:\/\/api.w.org\/{rel}","templated":true}]}}