{"id":241,"date":"2024-04-04T05:03:43","date_gmt":"2024-04-04T02:03:43","guid":{"rendered":"https:\/\/sisu.ut.ee\/keeleylesanded\/voorsonad-ajalehtedes\/"},"modified":"2024-11-29T13:51:48","modified_gmt":"2024-11-29T11:51:48","slug":"voorsonad-ajalehtedes","status":"publish","type":"page","link":"https:\/\/sisu.ut.ee\/keeleylesanded\/voorsonad-ajalehtedes\/","title":{"rendered":"V\u00f5\u00f5rs\u00f5nad ajalehtedes"},"content":{"rendered":"<p><strong>Ajalehtedes kasutatakse sageli p\u00f5hjendamatult palju v\u00f5\u00f5rs\u00f5nu, millel on eestikeelsed vasted olemas. Asendage j\u00e4rgmistes lausetes esilet\u00f5stetud v\u00f5\u00f5rs\u00f5nad samat\u00e4henduslike omas\u00f5nade v\u00f5i v\u00e4ljenditega.<\/strong><\/p>\n<ol>\n<li>T\u00e4htaja \u00fcletamise t\u00f5ttu on leping\u00a0<strong>annulleeritud.<\/strong><\/li>\n<li>Rahvusvaheline \u00fcldsus loodab, et Iraagist saab\u00a0<strong>stabiilne\u00a0<\/strong>riik<\/li>\n<li>Esineja ei osanud oma seisukohta kuigi t\u00e4pselt\u00a0<strong>formuleerida.<\/strong><\/li>\n<li>Valitsuse\u00a0<strong>prioriteediks<\/strong>\u00a0on kutsehariduse edendamine.<\/li>\n<li>Need\u00a0<strong>pretensioonid<\/strong>\u00a0ei ole p\u00f5hjendatud.<\/li>\n<\/ol>\n<p>2010<\/p>\n<p>vanem<\/p>\n<p>piirkonnavoor<\/p>\n<p><a href=\"https:\/\/sisu.ut.ee\/keeleylesanded\/voorsonad-ajalehtedes-vastus\/\">Vastus<\/a><\/p>\n","protected":false},"excerpt":{"rendered":"<p>Ajalehtedes kasutatakse sageli p\u00f5hjendamatult palju v\u00f5\u00f5rs\u00f5nu, millel on eestikeelsed vasted olemas. Asendage j\u00e4rgmistes lausetes esilet\u00f5stetud v\u00f5\u00f5rs\u00f5nad samat\u00e4henduslike omas\u00f5nade v\u00f5i v\u00e4ljenditega. T\u00e4htaja \u00fcletamise t\u00f5ttu on leping\u00a0annulleeritud. Rahvusvaheline \u00fcldsus loodab, et Iraagist saab\u00a0stabiilne\u00a0riik Esineja ei osanud oma seisukohta kuigi t\u00e4pselt\u00a0formuleerida. Valitsuse\u00a0prioriteediks\u00a0on kutsehariduse &#8230;<\/p>\n","protected":false},"author":185,"featured_media":0,"parent":0,"menu_order":0,"comment_status":"closed","ping_status":"closed","template":"","meta":{"_acf_changed":false,"inline_featured_image":false,"footnotes":""},"class_list":["post-241","page","type-page","status-publish","hentry"],"acf":[],"_links":{"self":[{"href":"https:\/\/sisu.ut.ee\/keeleylesanded\/wp-json\/wp\/v2\/pages\/241","targetHints":{"allow":["GET"]}}],"collection":[{"href":"https:\/\/sisu.ut.ee\/keeleylesanded\/wp-json\/wp\/v2\/pages"}],"about":[{"href":"https:\/\/sisu.ut.ee\/keeleylesanded\/wp-json\/wp\/v2\/types\/page"}],"author":[{"embeddable":true,"href":"https:\/\/sisu.ut.ee\/keeleylesanded\/wp-json\/wp\/v2\/users\/185"}],"replies":[{"embeddable":true,"href":"https:\/\/sisu.ut.ee\/keeleylesanded\/wp-json\/wp\/v2\/comments?post=241"}],"version-history":[{"count":2,"href":"https:\/\/sisu.ut.ee\/keeleylesanded\/wp-json\/wp\/v2\/pages\/241\/revisions"}],"predecessor-version":[{"id":2073,"href":"https:\/\/sisu.ut.ee\/keeleylesanded\/wp-json\/wp\/v2\/pages\/241\/revisions\/2073"}],"wp:attachment":[{"href":"https:\/\/sisu.ut.ee\/keeleylesanded\/wp-json\/wp\/v2\/media?parent=241"}],"curies":[{"name":"wp","href":"https:\/\/api.w.org\/{rel}","templated":true}]}}