{"id":24,"date":"2024-04-04T05:03:23","date_gmt":"2024-04-04T02:03:23","guid":{"rendered":"https:\/\/sisu.ut.ee\/keeleylesanded\/euroopa-keeled-i\/"},"modified":"2024-11-28T21:18:02","modified_gmt":"2024-11-28T19:18:02","slug":"euroopa-keeled-i","status":"publish","type":"page","link":"https:\/\/sisu.ut.ee\/keeleylesanded\/euroopa-keeled-i\/","title":{"rendered":"Euroopa keeled (I)"},"content":{"rendered":"<p><strong>Enamik Euroopa keel kuulub indoeuroopa keelkonda, m\u00f5ned keeled ka soome-ugri keelkonda.<\/strong><\/p>\n<ul>\n<li>Millistesse v\u00e4iksematesse keeler\u00fchmadesse kuuluvad j\u00e4rgmised Euroopa Liidu ja selle kandidaatmaade riigikeeled: bulgaaria, eesti, hispaania, hollandi, inglise, itaalia, leedu, l\u00e4ti, poola, portugali, prantsuse, rootsi, rumeenia, saksa, slovaki, sloveeni, taani, t\u0161ehhi, t\u00fcrgi, ungari?<\/li>\n<li>\u00dcks keel loetletutest ei kuulu indoeuroopa ega ka soome-ugri keelkonda. Milline?\u00a0 \u00a0\u2026\u2026\u2026\u2026\u2026\u2026\u2026\u2026<\/li>\n<\/ul>\n<table class=\"table table-hover\" style=\"width: 100%;\" border=\"1\" cellspacing=\"1\" cellpadding=\"1\">\n<tbody>\n<tr>\n<td>KEELKOND<\/td>\n<td>KEELER\u00dcHM<\/td>\n<td>KEELED<\/td>\n<\/tr>\n<tr>\n<td colspan=\"1\" rowspan=\"2\">SOOME-UGRI<\/td>\n<td>L\u00e4\u00e4nemeresoome<\/td>\n<td><\/td>\n<\/tr>\n<tr>\n<td>Ugri<\/td>\n<td><\/td>\n<\/tr>\n<tr>\n<td colspan=\"1\" rowspan=\"4\">INDOEUROOPA<\/td>\n<td>Germaani<\/td>\n<td><\/td>\n<\/tr>\n<tr>\n<td>Balti<\/td>\n<td><\/td>\n<\/tr>\n<tr>\n<td>Slaavi<\/td>\n<td><\/td>\n<\/tr>\n<tr>\n<td>Romaani<\/td>\n<td><\/td>\n<\/tr>\n<\/tbody>\n<\/table>\n<p>2004<\/p>\n<p>noorem, keskmine<\/p>\n<p>l\u00f5ppvoor<\/p>\n<p><a href=\"https:\/\/sisu.ut.ee\/keeleylesanded\/euroopa-keeled-i-vastus\/\">Vastus<\/a><\/p>\n","protected":false},"excerpt":{"rendered":"<p>Enamik Euroopa keel kuulub indoeuroopa keelkonda, m\u00f5ned keeled ka soome-ugri keelkonda. Millistesse v\u00e4iksematesse keeler\u00fchmadesse kuuluvad j\u00e4rgmised Euroopa Liidu ja selle kandidaatmaade riigikeeled: bulgaaria, eesti, hispaania, hollandi, inglise, itaalia, leedu, l\u00e4ti, poola, portugali, prantsuse, rootsi, rumeenia, saksa, slovaki, sloveeni, taani, t\u0161ehhi, &#8230;<\/p>\n","protected":false},"author":185,"featured_media":0,"parent":0,"menu_order":0,"comment_status":"closed","ping_status":"closed","template":"","meta":{"_acf_changed":false,"inline_featured_image":false,"footnotes":""},"class_list":["post-24","page","type-page","status-publish","hentry"],"acf":[],"_links":{"self":[{"href":"https:\/\/sisu.ut.ee\/keeleylesanded\/wp-json\/wp\/v2\/pages\/24","targetHints":{"allow":["GET"]}}],"collection":[{"href":"https:\/\/sisu.ut.ee\/keeleylesanded\/wp-json\/wp\/v2\/pages"}],"about":[{"href":"https:\/\/sisu.ut.ee\/keeleylesanded\/wp-json\/wp\/v2\/types\/page"}],"author":[{"embeddable":true,"href":"https:\/\/sisu.ut.ee\/keeleylesanded\/wp-json\/wp\/v2\/users\/185"}],"replies":[{"embeddable":true,"href":"https:\/\/sisu.ut.ee\/keeleylesanded\/wp-json\/wp\/v2\/comments?post=24"}],"version-history":[{"count":2,"href":"https:\/\/sisu.ut.ee\/keeleylesanded\/wp-json\/wp\/v2\/pages\/24\/revisions"}],"predecessor-version":[{"id":1819,"href":"https:\/\/sisu.ut.ee\/keeleylesanded\/wp-json\/wp\/v2\/pages\/24\/revisions\/1819"}],"wp:attachment":[{"href":"https:\/\/sisu.ut.ee\/keeleylesanded\/wp-json\/wp\/v2\/media?parent=24"}],"curies":[{"name":"wp","href":"https:\/\/api.w.org\/{rel}","templated":true}]}}