{"id":238,"date":"2024-04-04T05:03:43","date_gmt":"2024-04-04T02:03:43","guid":{"rendered":"https:\/\/sisu.ut.ee\/keeleylesanded\/sonakasutus-0\/"},"modified":"2024-11-29T12:44:29","modified_gmt":"2024-11-29T10:44:29","slug":"sonakasutus-0","status":"publish","type":"page","link":"https:\/\/sisu.ut.ee\/keeleylesanded\/sonakasutus-0\/","title":{"rendered":"S\u00f5nakasutus"},"content":{"rendered":"<p><b>Otsusta, kas alla joonitud s\u00f5na on kasutatud n\u00e4itelauses \u00f5igesti v\u00f5i mitte, ning tee selle kohta ristike vastavasse veergu. Alumisel real selgita s\u00f5na t\u00e4hendust. Kui alla joonitud s\u00f5na oli kasutatud valesti, kirjuta selle asemele sobiv s\u00f5na viimasesse veergu.<\/b><\/p>\n<table class=\"table table-hover\" style=\"width: 500px;\" border=\"1\" cellspacing=\"1\" cellpadding=\"1\">\n<tbody>\n<tr>\n<td><\/td>\n<td><\/td>\n<td><strong>\u00d5igesti<\/strong><\/td>\n<td><strong>Valesti<\/strong><\/td>\n<td><strong>Vale s\u00f5na parandus<\/strong><\/td>\n<\/tr>\n<tr>\n<td colspan=\"1\" rowspan=\"2\">1.<\/td>\n<td>Ta ei suutnud oma isikut politseinikule <u>t\u00f5estada.<\/u><\/td>\n<td><\/td>\n<td><\/td>\n<td colspan=\"1\" rowspan=\"2\"><\/td>\n<\/tr>\n<tr>\n<td colspan=\"3\" rowspan=\"1\"><\/td>\n<\/tr>\n<tr>\n<td colspan=\"1\" rowspan=\"2\">2.<\/td>\n<td>P\u00fchade eel on t\u00f6\u00f6p\u00e4eva <u>kestvust <\/u>kolme tunni v\u00f5rra l\u00fchendatud<\/td>\n<td><\/td>\n<td><\/td>\n<td colspan=\"1\" rowspan=\"2\"><\/td>\n<\/tr>\n<tr>\n<td colspan=\"3\" rowspan=\"1\"><\/td>\n<\/tr>\n<tr>\n<td colspan=\"1\" rowspan=\"2\">3.<\/td>\n<td>Millal algab \u00fcldhariduskoolides kevadine eksami<u>sesoon<\/u>?<\/td>\n<td><\/td>\n<td><\/td>\n<td colspan=\"1\" rowspan=\"2\"><\/td>\n<\/tr>\n<tr>\n<td colspan=\"3\" rowspan=\"1\"><\/td>\n<\/tr>\n<tr>\n<td colspan=\"1\" rowspan=\"2\">4.<\/td>\n<td colspan=\"1\"><u>Ohja <\/u>oma tujusid!<\/td>\n<td><\/td>\n<td><\/td>\n<td colspan=\"1\" rowspan=\"2\"><\/td>\n<\/tr>\n<tr>\n<td colspan=\"3\" rowspan=\"1\"><\/td>\n<\/tr>\n<tr>\n<td colspan=\"1\" rowspan=\"2\">5.<\/td>\n<td>Toote <u>orienteeriv <\/u>hind on 12 eurot.<\/td>\n<td><\/td>\n<td><\/td>\n<td colspan=\"1\" rowspan=\"2\"><\/td>\n<\/tr>\n<tr>\n<td><\/td>\n<td><\/td>\n<td><\/td>\n<\/tr>\n<tr>\n<td colspan=\"1\" rowspan=\"2\">6.<\/td>\n<td>\u00d5pilane <u>osundas<\/u> oma uurimist\u00f6\u00f6s mitut asjakohast allikat.<\/td>\n<td><\/td>\n<td><\/td>\n<td colspan=\"1\" rowspan=\"2\"><\/td>\n<\/tr>\n<tr>\n<td colspan=\"3\" rowspan=\"1\"><\/td>\n<\/tr>\n<tr>\n<td colspan=\"1\" rowspan=\"2\">7.<\/td>\n<td>Mees oskab <u>k\u00e4sitleda<\/u> paljusid masinaid.<\/td>\n<td><\/td>\n<td><\/td>\n<td colspan=\"1\" rowspan=\"2\"><\/td>\n<\/tr>\n<tr>\n<td colspan=\"3\" rowspan=\"1\"><\/td>\n<\/tr>\n<tr>\n<td colspan=\"1\" rowspan=\"2\">8.<\/td>\n<td>Taim <u>omastab<\/u> mullast mineraalaineid.<\/td>\n<td><\/td>\n<td><\/td>\n<td colspan=\"1\" rowspan=\"2\"><\/td>\n<\/tr>\n<tr>\n<td colspan=\"3\" rowspan=\"1\"><\/td>\n<\/tr>\n<\/tbody>\n<\/table>\n<p>2014<\/p>\n<p>vanem<\/p>\n<p>l\u00f5ppvoor<\/p>\n<p><a href=\"https:\/\/sisu.ut.ee\/keeleylesanded\/sonakasutus-vastus\/\">Vastus<\/a><\/p>\n","protected":false},"excerpt":{"rendered":"<p>Otsusta, kas alla joonitud s\u00f5na on kasutatud n\u00e4itelauses \u00f5igesti v\u00f5i mitte, ning tee selle kohta ristike vastavasse veergu. Alumisel real selgita s\u00f5na t\u00e4hendust. Kui alla joonitud s\u00f5na oli kasutatud valesti, kirjuta selle asemele sobiv s\u00f5na viimasesse veergu. \u00d5igesti Valesti Vale &#8230;<\/p>\n","protected":false},"author":185,"featured_media":0,"parent":0,"menu_order":0,"comment_status":"closed","ping_status":"closed","template":"","meta":{"_acf_changed":false,"inline_featured_image":false,"footnotes":""},"class_list":["post-238","page","type-page","status-publish","hentry"],"acf":[],"_links":{"self":[{"href":"https:\/\/sisu.ut.ee\/keeleylesanded\/wp-json\/wp\/v2\/pages\/238","targetHints":{"allow":["GET"]}}],"collection":[{"href":"https:\/\/sisu.ut.ee\/keeleylesanded\/wp-json\/wp\/v2\/pages"}],"about":[{"href":"https:\/\/sisu.ut.ee\/keeleylesanded\/wp-json\/wp\/v2\/types\/page"}],"author":[{"embeddable":true,"href":"https:\/\/sisu.ut.ee\/keeleylesanded\/wp-json\/wp\/v2\/users\/185"}],"replies":[{"embeddable":true,"href":"https:\/\/sisu.ut.ee\/keeleylesanded\/wp-json\/wp\/v2\/comments?post=238"}],"version-history":[{"count":2,"href":"https:\/\/sisu.ut.ee\/keeleylesanded\/wp-json\/wp\/v2\/pages\/238\/revisions"}],"predecessor-version":[{"id":1979,"href":"https:\/\/sisu.ut.ee\/keeleylesanded\/wp-json\/wp\/v2\/pages\/238\/revisions\/1979"}],"wp:attachment":[{"href":"https:\/\/sisu.ut.ee\/keeleylesanded\/wp-json\/wp\/v2\/media?parent=238"}],"curies":[{"name":"wp","href":"https:\/\/api.w.org\/{rel}","templated":true}]}}