{"id":237,"date":"2024-04-04T05:03:42","date_gmt":"2024-04-04T02:03:42","guid":{"rendered":"https:\/\/sisu.ut.ee\/keeleylesanded\/diktofonilt-ajalehte\/"},"modified":"2024-11-28T21:08:32","modified_gmt":"2024-11-28T19:08:32","slug":"diktofonilt-ajalehte","status":"publish","type":"page","link":"https:\/\/sisu.ut.ee\/keeleylesanded\/diktofonilt-ajalehte\/","title":{"rendered":"Diktofonilt ajalehte"},"content":{"rendered":"<p><strong>Kujutage ette, et olete ajakirjanik ja esitasite politseinikule k\u00fcsimuse, miks tuleb ankeedis vastata k\u00fcsimusele v\u00e4lismaal kantud karistuste kohta. S\u00f5na-s\u00f5nalt diktofonilindilt maha kirjutatud vastus on selline:<\/strong><\/p>\n<p>\u201cT\u00e4hendab n\u00fc\u00fcd seda puudutab ankeedi seda punkti, et kes ja kus karistatud ja nii edasi siis seda ma kommenteeriks. V\u00e4lisriigid on noh kogu maailmas on p\u00e4ris palju nisukesi riike on maailmas selles m\u00f5ttes niimoodi m\u00e4\u00e4rand ja riigi julgeoleku seisukohast on ikkagi noh p\u00e4ris ohtlik on, kui inimene on ka v\u00e4lisriigis vangis istund v\u00f5i arreteeritudki kasv\u00f5i olnud. t\u00e4htis on riigisaladuse seisukohast, et inimene annaks lihtsalt teada, mida ta teinud on, hinnang on siin hoopis teine asi, iseasi. See s\u00f5ltub juba asjaoludest, mis puhul on seda, ta oli arreteeritud v\u00f5i siis vangis.\u201d<\/p>\n<p><strong>Tihendage vastus alla 40-s\u00f5naliseks sujuvaks kirjakeelseks terviktekstiks.<\/strong><\/p>\n<p>2010, 2000<\/p>\n<p>vanem<\/p>\n<p>piirkonnavoor (2000 l\u00f5ppvoor)<\/p>\n<p><a href=\"https:\/\/sisu.ut.ee\/keeleylesanded\/diktofonilt-ajalehte-vastus\/\">Vastus<\/a><\/p>\n","protected":false},"excerpt":{"rendered":"<p>Kujutage ette, et olete ajakirjanik ja esitasite politseinikule k\u00fcsimuse, miks tuleb ankeedis vastata k\u00fcsimusele v\u00e4lismaal kantud karistuste kohta. S\u00f5na-s\u00f5nalt diktofonilindilt maha kirjutatud vastus on selline: \u201cT\u00e4hendab n\u00fc\u00fcd seda puudutab ankeedi seda punkti, et kes ja kus karistatud ja nii edasi &#8230;<\/p>\n","protected":false},"author":185,"featured_media":0,"parent":0,"menu_order":0,"comment_status":"closed","ping_status":"closed","template":"","meta":{"_acf_changed":false,"inline_featured_image":false,"footnotes":""},"class_list":["post-237","page","type-page","status-publish","hentry"],"acf":[],"_links":{"self":[{"href":"https:\/\/sisu.ut.ee\/keeleylesanded\/wp-json\/wp\/v2\/pages\/237","targetHints":{"allow":["GET"]}}],"collection":[{"href":"https:\/\/sisu.ut.ee\/keeleylesanded\/wp-json\/wp\/v2\/pages"}],"about":[{"href":"https:\/\/sisu.ut.ee\/keeleylesanded\/wp-json\/wp\/v2\/types\/page"}],"author":[{"embeddable":true,"href":"https:\/\/sisu.ut.ee\/keeleylesanded\/wp-json\/wp\/v2\/users\/185"}],"replies":[{"embeddable":true,"href":"https:\/\/sisu.ut.ee\/keeleylesanded\/wp-json\/wp\/v2\/comments?post=237"}],"version-history":[{"count":2,"href":"https:\/\/sisu.ut.ee\/keeleylesanded\/wp-json\/wp\/v2\/pages\/237\/revisions"}],"predecessor-version":[{"id":1807,"href":"https:\/\/sisu.ut.ee\/keeleylesanded\/wp-json\/wp\/v2\/pages\/237\/revisions\/1807"}],"wp:attachment":[{"href":"https:\/\/sisu.ut.ee\/keeleylesanded\/wp-json\/wp\/v2\/media?parent=237"}],"curies":[{"name":"wp","href":"https:\/\/api.w.org\/{rel}","templated":true}]}}