{"id":236,"date":"2024-04-04T05:03:42","date_gmt":"2024-04-04T02:03:42","guid":{"rendered":"https:\/\/sisu.ut.ee\/keeleylesanded\/voormojud-piltlikes-valjendites-0\/"},"modified":"2024-11-29T13:49:15","modified_gmt":"2024-11-29T11:49:15","slug":"voormojud-piltlikes-valjendites-0","status":"publish","type":"page","link":"https:\/\/sisu.ut.ee\/keeleylesanded\/voormojud-piltlikes-valjendites-0\/","title":{"rendered":"V\u00f5\u00f5rm\u00f5jud piltlikes v\u00e4ljendites"},"content":{"rendered":"<p><b>Asenda otse t\u00f5lgitud piltlikud v\u00e4ljendid eesti keelde sobivamatega.<\/b><\/p>\n<p>Ma ostaksin selle m\u00fctsi ja salli kombo \u00e4ra, aga v\u00e4rv pole p\u00e4ris minu teetass.<\/p>\n<p>Nagu iseenesest oleks need korvi sattunud, nii et h\u00e4sti m\u00e4ngitud, kaubandusv\u00f5rk!<\/p>\n<p>Kel on pre-kooli eas lapsi, siis neile on kodus suitsetamine t\u00e4ielik ei-ei!<\/p>\n<p>Kuna m\u00e4rulistaar on \u00fcsna pidevalt <i>topless<\/i>, saavad k\u00f5ik imetleda tema v\u00f5imsat kuuspakki.<\/p>\n<p>2014<\/p>\n<p>vanem<\/p>\n<p>l\u00f5ppvoor<\/p>\n<p><a href=\"https:\/\/sisu.ut.ee\/keeleylesanded\/voormojud-piltlikes-valjendites-vastus\/\">Vastus<\/a><\/p>\n","protected":false},"excerpt":{"rendered":"<p>Asenda otse t\u00f5lgitud piltlikud v\u00e4ljendid eesti keelde sobivamatega. Ma ostaksin selle m\u00fctsi ja salli kombo \u00e4ra, aga v\u00e4rv pole p\u00e4ris minu teetass. Nagu iseenesest oleks need korvi sattunud, nii et h\u00e4sti m\u00e4ngitud, kaubandusv\u00f5rk! Kel on pre-kooli eas lapsi, siis neile &#8230;<\/p>\n","protected":false},"author":185,"featured_media":0,"parent":0,"menu_order":0,"comment_status":"closed","ping_status":"closed","template":"","meta":{"_acf_changed":false,"inline_featured_image":false,"footnotes":""},"class_list":["post-236","page","type-page","status-publish","hentry"],"acf":[],"_links":{"self":[{"href":"https:\/\/sisu.ut.ee\/keeleylesanded\/wp-json\/wp\/v2\/pages\/236","targetHints":{"allow":["GET"]}}],"collection":[{"href":"https:\/\/sisu.ut.ee\/keeleylesanded\/wp-json\/wp\/v2\/pages"}],"about":[{"href":"https:\/\/sisu.ut.ee\/keeleylesanded\/wp-json\/wp\/v2\/types\/page"}],"author":[{"embeddable":true,"href":"https:\/\/sisu.ut.ee\/keeleylesanded\/wp-json\/wp\/v2\/users\/185"}],"replies":[{"embeddable":true,"href":"https:\/\/sisu.ut.ee\/keeleylesanded\/wp-json\/wp\/v2\/comments?post=236"}],"version-history":[{"count":2,"href":"https:\/\/sisu.ut.ee\/keeleylesanded\/wp-json\/wp\/v2\/pages\/236\/revisions"}],"predecessor-version":[{"id":2068,"href":"https:\/\/sisu.ut.ee\/keeleylesanded\/wp-json\/wp\/v2\/pages\/236\/revisions\/2068"}],"wp:attachment":[{"href":"https:\/\/sisu.ut.ee\/keeleylesanded\/wp-json\/wp\/v2\/media?parent=236"}],"curies":[{"name":"wp","href":"https:\/\/api.w.org\/{rel}","templated":true}]}}