{"id":232,"date":"2024-04-04T05:03:42","date_gmt":"2024-04-04T02:03:42","guid":{"rendered":"https:\/\/sisu.ut.ee\/keeleylesanded\/tekst-lihtsamaks\/"},"modified":"2024-11-29T13:03:38","modified_gmt":"2024-11-29T11:03:38","slug":"tekst-lihtsamaks","status":"publish","type":"page","link":"https:\/\/sisu.ut.ee\/keeleylesanded\/tekst-lihtsamaks\/","title":{"rendered":"Tekst lihtsamaks (II)"},"content":{"rendered":"<p><strong>Lihtsustage teksti, jagades iga lause kolmeks l\u00fchemaks lauseks. J\u00e4lgige, et tulemuseks oleks sujuv terviktekst.<\/strong><\/p>\n<p style=\"text-align: justify;\">1. Hoolimata k\u00f5igi suuremate parteide lubadustest pealinnas kuritegevust v\u00e4hendada, n\u00e4itavad Tallinna politseiprefektuuri andmes k\u00fcll tapmiste ja r\u00f6\u00f6vimiste v\u00e4henemist, kuid narkokuritegude arv on kolme aastaga kasvanud k\u00fcmnekordseks<\/p>\n<p>(1) \u2026\u2026\u2026\u2026\u2026\u2026\u2026\u2026\u2026\u2026\u2026\u2026\u2026\u2026\u2026\u2026\u2026\u2026\u2026\u2026\u2026\u2026\u2026\u2026\u2026\u2026\u2026\u2026\u2026\u2026\u2026\u2026\u2026\u2026\u2026\u2026..<\/p>\n<p>(2)\u00a0\u2026\u2026\u2026\u2026\u2026\u2026\u2026\u2026\u2026\u2026\u2026\u2026\u2026\u2026\u2026\u2026\u2026\u2026\u2026\u2026\u2026\u2026\u2026\u2026\u2026\u2026\u2026\u2026\u2026\u2026\u2026\u2026\u2026\u2026\u2026\u2026..<\/p>\n<p>(3)\u00a0\u2026\u2026\u2026\u2026\u2026\u2026\u2026\u2026\u2026\u2026\u2026\u2026\u2026\u2026\u2026\u2026\u2026\u2026\u2026\u2026\u2026\u2026\u2026\u2026\u2026\u2026\u2026\u2026\u2026\u2026\u2026\u2026\u2026\u2026\u2026\u2026..<\/p>\n<p style=\"text-align: justify;\">2. \u00dcle-eelmistel valimistel Tartus teise tulemuse saavutanud ja kaks aastat linnavalitsuse olnud Isamaaliidu lubadused taastada Tartus regulaarne lennuliiklus ning muuta Emaj\u00f5gi aktiivseks puhkepiirkonnaks j\u00e4idki t\u00e4itmata.<\/p>\n<p>(1)\u00a0\u2026\u2026\u2026\u2026\u2026\u2026\u2026\u2026\u2026\u2026\u2026\u2026\u2026\u2026\u2026\u2026\u2026\u2026\u2026\u2026\u2026\u2026\u2026\u2026\u2026\u2026\u2026\u2026\u2026\u2026\u2026\u2026\u2026\u2026\u2026\u2026..<\/p>\n<p>(2)\u00a0\u2026\u2026\u2026\u2026\u2026\u2026\u2026\u2026\u2026\u2026\u2026\u2026\u2026\u2026\u2026\u2026\u2026\u2026\u2026\u2026\u2026\u2026\u2026\u2026\u2026\u2026\u2026\u2026\u2026\u2026\u2026\u2026\u2026\u2026\u2026\u2026..<\/p>\n<p>(3)\u00a0\u2026\u2026\u2026\u2026\u2026\u2026\u2026\u2026\u2026\u2026\u2026\u2026\u2026\u2026\u2026\u2026\u2026\u2026\u2026\u2026\u2026\u2026\u2026\u2026\u2026\u2026\u2026\u2026\u2026\u2026\u2026\u2026\u2026\u2026\u2026\u2026..<\/p>\n<p>2010, 2004<\/p>\n<p>M\u00e4rkus: 2004. aasta l\u00f5ppvoorus oli esimene lause vanema astme, teine lause keskmise astme \u00fclesannete hulgas.<\/p>\n<p>vanem, keskmine<\/p>\n<p>piirkonnavoor, l\u00f5ppvoor<\/p>\n<p><a href=\"https:\/\/sisu.ut.ee\/keeleylesanded\/tekst-lihtsamaks-vastus\/\">Vastus<\/a><\/p>\n","protected":false},"excerpt":{"rendered":"<p>Lihtsustage teksti, jagades iga lause kolmeks l\u00fchemaks lauseks. J\u00e4lgige, et tulemuseks oleks sujuv terviktekst. 1. Hoolimata k\u00f5igi suuremate parteide lubadustest pealinnas kuritegevust v\u00e4hendada, n\u00e4itavad Tallinna politseiprefektuuri andmes k\u00fcll tapmiste ja r\u00f6\u00f6vimiste v\u00e4henemist, kuid narkokuritegude arv on kolme aastaga kasvanud k\u00fcmnekordseks &#8230;<\/p>\n","protected":false},"author":185,"featured_media":0,"parent":0,"menu_order":0,"comment_status":"closed","ping_status":"closed","template":"","meta":{"_acf_changed":false,"inline_featured_image":false,"footnotes":""},"class_list":["post-232","page","type-page","status-publish","hentry"],"acf":[],"_links":{"self":[{"href":"https:\/\/sisu.ut.ee\/keeleylesanded\/wp-json\/wp\/v2\/pages\/232","targetHints":{"allow":["GET"]}}],"collection":[{"href":"https:\/\/sisu.ut.ee\/keeleylesanded\/wp-json\/wp\/v2\/pages"}],"about":[{"href":"https:\/\/sisu.ut.ee\/keeleylesanded\/wp-json\/wp\/v2\/types\/page"}],"author":[{"embeddable":true,"href":"https:\/\/sisu.ut.ee\/keeleylesanded\/wp-json\/wp\/v2\/users\/185"}],"replies":[{"embeddable":true,"href":"https:\/\/sisu.ut.ee\/keeleylesanded\/wp-json\/wp\/v2\/comments?post=232"}],"version-history":[{"count":2,"href":"https:\/\/sisu.ut.ee\/keeleylesanded\/wp-json\/wp\/v2\/pages\/232\/revisions"}],"predecessor-version":[{"id":2002,"href":"https:\/\/sisu.ut.ee\/keeleylesanded\/wp-json\/wp\/v2\/pages\/232\/revisions\/2002"}],"wp:attachment":[{"href":"https:\/\/sisu.ut.ee\/keeleylesanded\/wp-json\/wp\/v2\/media?parent=232"}],"curies":[{"name":"wp","href":"https:\/\/api.w.org\/{rel}","templated":true}]}}