{"id":230,"date":"2024-04-04T05:03:42","date_gmt":"2024-04-04T02:03:42","guid":{"rendered":"https:\/\/sisu.ut.ee\/keeleylesanded\/konkreetsed-ja-uldised-asesonad\/"},"modified":"2024-11-29T10:26:28","modified_gmt":"2024-11-29T08:26:28","slug":"konkreetsed-ja-uldised-asesonad","status":"publish","type":"page","link":"https:\/\/sisu.ut.ee\/keeleylesanded\/konkreetsed-ja-uldised-asesonad\/","title":{"rendered":"Konkreetsed ja \u00fcldised ases\u00f5nad"},"content":{"rendered":"<p style=\"margin-bottom: 10.0pt;\"><span style=\"line-height: 115%;\"><b>Joonige j\u00e4rgmistes lausetes alla k\u00f5ik ases\u00f5nad (pronoomenid). Kirjutage lause j\u00e4rel iga pronoomeni kohta, kas see on <i>konkreetne<\/i> v\u00f5i <i>\u00fcldine, <\/i>s.t kas see viitab selles lauses 1) konkreetsele asjale, isikule v\u00f5i objektile v\u00f5i 2) ei viita konkreetsele asjale, isikule v\u00f5i objektile, vaid viitab \u00fcldiselt olukorrale, neil ei ole antud kontekstis konkreetset t\u00e4hendussisu.<\/b><\/span><\/p>\n<ol>\n<li style=\"margin-bottom: 10.0pt; text-align: left;\"><span style=\"line-height: 115%;\">T\u00e4na ta sajab terve p\u00e4eva paksu lund. \u2026\u2026\u2026\u2026\u2026\u2026\u2026\u2026\u2026\u2026\u2026\u2026\u2026\u2026..<\/span><\/li>\n<li style=\"margin-bottom: 10.0pt; text-align: left;\"><span style=\"line-height: 115%;\">Mind huvitab k\u00f5ige rohkem see, kas vanemad homme tulevad, kas nad on sinuga r\u00e4\u00e4kinud? \u2026\u2026\u2026\u2026\u2026\u2026\u2026\u2026\u2026\u2026\u2026\u2026\u2026\u2026..<\/span><\/li>\n<li style=\"margin-bottom: 10.0pt; text-align: left;\"><span style=\"line-height: 115%;\">Ja kui sa seal valgusvihu sees hommikul \u00e4rkad, on sul sageli tunne, nagu oleksid sattunud Hispaaniasse v\u00f5i kuhugi mujale soojale maale, kus p\u00e4ike kogu aeg paistab \u2026 \u2026\u2026\u2026\u2026\u2026\u2026\u2026\u2026\u2026\u2026\u2026\u2026\u2026\u2026..<\/span><\/li>\n<li style=\"margin-bottom: 10.0pt; text-align: left;\"><span style=\"line-height: 115%;\">Tarmo on t\u00e4na Viljandis, t\u00e4na ta kindlasti ei saa koosolekule tulla. \u2026\u2026\u2026\u2026\u2026\u2026\u2026\u2026\u2026\u2026\u2026\u2026\u2026\u2026..<\/span><\/li>\n<li style=\"margin-bottom: 10.0pt; text-align: left;\"><span style=\"line-height: 115%;\">Kas sa tead, missugust ilma nad seal ilmajaamas homseks ka lubavad? \u2026\u2026\u2026\u2026\u2026\u2026\u2026\u2026\u2026\u2026\u2026\u2026\u2026\u2026..<\/span><\/li>\n<\/ol>\n<p style=\"margin-bottom: 10.0pt; text-align: left;\" align=\"left\"><span style=\"line-height: 115%;\"><b>Kas m\u00f5nda neist lausetest\/ases\u00f5nade kasutusjuhtumitest on v\u00f5imalik ka mitut moodi t\u00f5lgendada? Millist? Kirjutage see lause ja lisage selle v\u00f5rra konteksti, et teine interpretatsioon selgelt esile tuleks.<\/b><\/span><\/p>\n<p style=\"margin-bottom: 10.0pt; text-align: left;\" align=\"left\"><span style=\"line-height: 115%;\">\u2026\u2026\u2026\u2026\u2026\u2026\u2026\u2026\u2026\u2026\u2026\u2026\u2026\u2026\u2026\u2026\u2026\u2026\u2026\u2026\u2026\u2026\u2026\u2026\u2026\u2026\u2026\u2026\u2026\u2026\u2026\u2026\u2026\u2026\u2026\u2026\u2026\u2026\u2026\u2026\u2026\u2026\u2026\u2026\u2026\u2026\u2026\u2026\u2026\u2026\u2026\u2026\u2026\u2026\u2026\u2026\u2026\u2026\u2026\u2026\u2026\u2026\u2026\u2026\u2026\u2026\u2026..<\/span><\/p>\n<p style=\"margin-bottom: 10.0pt; text-align: left;\" align=\"left\"><span style=\"line-height: 115%;\">\u2026\u2026\u2026\u2026\u2026\u2026\u2026\u2026\u2026\u2026\u2026\u2026\u2026\u2026\u2026\u2026\u2026\u2026\u2026\u2026\u2026\u2026\u2026\u2026\u2026\u2026\u2026\u2026\u2026\u2026\u2026\u2026\u2026\u2026\u2026\u2026\u2026\u2026\u2026\u2026\u2026\u2026\u2026\u2026\u2026\u2026\u2026\u2026\u2026\u2026\u2026\u2026\u2026\u2026\u2026\u2026\u2026\u2026\u2026\u2026\u2026\u2026\u2026\u2026\u2026\u2026\u2026.<\/span><\/p>\n<p><a title=\"\" href=\"https:\/\/sisu.ut.ee\/keeleylesanded\/konkreetsed-ja-uldised-asesonad-vastus\" target=\"_blank\" rel=\"noopener\" data-url=\"https:\/\/sisu.ut.ee\/keeleylesanded\/konkreetsed-ja-uldised-asesonad-vastus\">2<\/a>010<\/p>\n<p>vanem<\/p>\n<p>l\u00f5ppvoor<\/p>\n<p><a href=\"https:\/\/sisu.ut.ee\/keeleylesanded\/konkreetsed-ja-uldised-asesonad-vastus\/\">Vastus<\/a><\/p>\n","protected":false},"excerpt":{"rendered":"<p>Joonige j\u00e4rgmistes lausetes alla k\u00f5ik ases\u00f5nad (pronoomenid). Kirjutage lause j\u00e4rel iga pronoomeni kohta, kas see on konkreetne v\u00f5i \u00fcldine, s.t kas see viitab selles lauses 1) konkreetsele asjale, isikule v\u00f5i objektile v\u00f5i 2) ei viita konkreetsele asjale, isikule v\u00f5i objektile, &#8230;<\/p>\n","protected":false},"author":185,"featured_media":0,"parent":0,"menu_order":0,"comment_status":"closed","ping_status":"closed","template":"","meta":{"_acf_changed":false,"inline_featured_image":false,"footnotes":""},"class_list":["post-230","page","type-page","status-publish","hentry"],"acf":[],"_links":{"self":[{"href":"https:\/\/sisu.ut.ee\/keeleylesanded\/wp-json\/wp\/v2\/pages\/230","targetHints":{"allow":["GET"]}}],"collection":[{"href":"https:\/\/sisu.ut.ee\/keeleylesanded\/wp-json\/wp\/v2\/pages"}],"about":[{"href":"https:\/\/sisu.ut.ee\/keeleylesanded\/wp-json\/wp\/v2\/types\/page"}],"author":[{"embeddable":true,"href":"https:\/\/sisu.ut.ee\/keeleylesanded\/wp-json\/wp\/v2\/users\/185"}],"replies":[{"embeddable":true,"href":"https:\/\/sisu.ut.ee\/keeleylesanded\/wp-json\/wp\/v2\/comments?post=230"}],"version-history":[{"count":2,"href":"https:\/\/sisu.ut.ee\/keeleylesanded\/wp-json\/wp\/v2\/pages\/230\/revisions"}],"predecessor-version":[{"id":1869,"href":"https:\/\/sisu.ut.ee\/keeleylesanded\/wp-json\/wp\/v2\/pages\/230\/revisions\/1869"}],"wp:attachment":[{"href":"https:\/\/sisu.ut.ee\/keeleylesanded\/wp-json\/wp\/v2\/media?parent=230"}],"curies":[{"name":"wp","href":"https:\/\/api.w.org\/{rel}","templated":true}]}}