{"id":229,"date":"2024-04-04T05:03:42","date_gmt":"2024-04-04T02:03:42","guid":{"rendered":"https:\/\/sisu.ut.ee\/keeleylesanded\/uued-laensonad-i\/"},"modified":"2024-11-29T13:24:53","modified_gmt":"2024-11-29T11:24:53","slug":"uued-laensonad-i","status":"publish","type":"page","link":"https:\/\/sisu.ut.ee\/keeleylesanded\/uued-laensonad-i\/","title":{"rendered":"Uued &#8220;laens\u00f5nad&#8221; (I)"},"content":{"rendered":"<p><strong>Eesti keeles on laens\u00f5nadele avatud k\u00e4\u00e4ndt\u00fc\u00fcbid I k\u00e4\u00e4ndkonnas\u00a0<em>koi<\/em>, II k\u00e4\u00e4ndkonnas\u00a0<em>pesa<\/em>, III k\u00e4\u00e4ndkonnas\u00a0<em>tubli<\/em>, IV k\u00e4\u00e4ndkonnas\u00a0<em>aasta<\/em>, VI k\u00e4\u00e4ndkonnas\u00a0<em>sepp.\u00a0<\/em>\u00a0Jaga j\u00e4rgmised \u201claens\u00f5nad\u201d sobivate t\u00fc\u00fcpide alla.<\/strong><\/p>\n<p><strong><em>kruts, bido, bordella, jabi, vern\u00fc\u00fcl, klei, \u0161appar, vuubal, gelau, maniilo<\/em><\/strong><\/p>\n<table class=\"table table-hover\" style=\"width: 100%;\" border=\"0\" cellspacing=\"1\" cellpadding=\"1\">\n<thead>\n<tr>\n<th scope=\"col\">koi<\/th>\n<th scope=\"col\">pesa<\/th>\n<th scope=\"col\">tubli<\/th>\n<th scope=\"col\">aasta<\/th>\n<th scope=\"col\">sepp<\/th>\n<\/tr>\n<\/thead>\n<tbody>\n<tr>\n<td><\/td>\n<td><\/td>\n<td><\/td>\n<td><\/td>\n<td><\/td>\n<\/tr>\n<tr>\n<td><\/td>\n<td><\/td>\n<td><\/td>\n<td><\/td>\n<td><\/td>\n<\/tr>\n<tr>\n<td><\/td>\n<td><\/td>\n<td><\/td>\n<td><\/td>\n<td><\/td>\n<\/tr>\n<\/tbody>\n<\/table>\n<p>2006<\/p>\n<p>vanem<\/p>\n<p>l\u00f5ppvoor<\/p>\n<p><a href=\"https:\/\/sisu.ut.ee\/keeleylesanded\/uued-laensonad-i-vastus\/\">Vastus<\/a><\/p>\n","protected":false},"excerpt":{"rendered":"<p>Eesti keeles on laens\u00f5nadele avatud k\u00e4\u00e4ndt\u00fc\u00fcbid I k\u00e4\u00e4ndkonnas\u00a0koi, II k\u00e4\u00e4ndkonnas\u00a0pesa, III k\u00e4\u00e4ndkonnas\u00a0tubli, IV k\u00e4\u00e4ndkonnas\u00a0aasta, VI k\u00e4\u00e4ndkonnas\u00a0sepp.\u00a0\u00a0Jaga j\u00e4rgmised \u201claens\u00f5nad\u201d sobivate t\u00fc\u00fcpide alla. kruts, bido, bordella, jabi, vern\u00fc\u00fcl, klei, \u0161appar, vuubal, gelau, maniilo koi pesa tubli aasta sepp 2006 vanem l\u00f5ppvoor Vastus<\/p>\n","protected":false},"author":185,"featured_media":0,"parent":0,"menu_order":0,"comment_status":"closed","ping_status":"closed","template":"","meta":{"_acf_changed":false,"inline_featured_image":false,"footnotes":""},"class_list":["post-229","page","type-page","status-publish","hentry"],"acf":[],"_links":{"self":[{"href":"https:\/\/sisu.ut.ee\/keeleylesanded\/wp-json\/wp\/v2\/pages\/229","targetHints":{"allow":["GET"]}}],"collection":[{"href":"https:\/\/sisu.ut.ee\/keeleylesanded\/wp-json\/wp\/v2\/pages"}],"about":[{"href":"https:\/\/sisu.ut.ee\/keeleylesanded\/wp-json\/wp\/v2\/types\/page"}],"author":[{"embeddable":true,"href":"https:\/\/sisu.ut.ee\/keeleylesanded\/wp-json\/wp\/v2\/users\/185"}],"replies":[{"embeddable":true,"href":"https:\/\/sisu.ut.ee\/keeleylesanded\/wp-json\/wp\/v2\/comments?post=229"}],"version-history":[{"count":2,"href":"https:\/\/sisu.ut.ee\/keeleylesanded\/wp-json\/wp\/v2\/pages\/229\/revisions"}],"predecessor-version":[{"id":2029,"href":"https:\/\/sisu.ut.ee\/keeleylesanded\/wp-json\/wp\/v2\/pages\/229\/revisions\/2029"}],"wp:attachment":[{"href":"https:\/\/sisu.ut.ee\/keeleylesanded\/wp-json\/wp\/v2\/media?parent=229"}],"curies":[{"name":"wp","href":"https:\/\/api.w.org\/{rel}","templated":true}]}}