{"id":226,"date":"2024-04-04T05:03:41","date_gmt":"2024-04-04T02:03:41","guid":{"rendered":"https:\/\/sisu.ut.ee\/keeleylesanded\/uudis-voi-arvamus\/"},"modified":"2024-11-29T13:21:05","modified_gmt":"2024-11-29T11:21:05","slug":"uudis-voi-arvamus","status":"publish","type":"page","link":"https:\/\/sisu.ut.ee\/keeleylesanded\/uudis-voi-arvamus\/","title":{"rendered":"Uudis v\u00f5i arvamus?"},"content":{"rendered":"<p class=\"has-text-align-left\"><span style=\"line-height: 115%;\"><b>Lugege l\u00e4bi j\u00e4rgnev Postimehe artikkel ning vastake allolevatele k\u00fcsimustele. <\/b><\/span><\/p>\n\n\n\n<p class=\"has-text-align-left\"><span style=\"line-height: 115%;\">Riigikogu hakkab arutama uut metsaseaduse eeln\u00f5u, mille j\u00e4rgi metsa tuleks hakata kasvatama nagu p\u00f5llusaadusi: istutatakse, lastakse t\u00e4is kasvada, \u201ekoristatakse saak\u201c ja istutatakse uus mets peale.<\/span><\/p>\n\n\n\n<p class=\"has-text-align-left\"><span style=\"line-height: 115%;\">Puude p\u00f5ldudega juhtub vahel n\u00f5nda, et k\u00fclm v\u00f5tab nad \u00e4ra. Kliimasoojenemise k\u00e4igus v\u00f5ib \u201ev\u00e4hev\u00e4\u00e4rtuslike\u201c lehtpuude aeg ootamatult tagasi tulla, nagu seda on viimase 10 000 aasta v\u00e4ltel ka korduvalt juhtunud. Elus mets, kus kasvamis\u00f5igus on tagatud ka \u201ev\u00e4hev\u00e4\u00e4rtuslikele\u201c liikidele, kohaneb kliimamuutusega h\u00f5lpsasti, kuid mis juhtub puude p\u00f5ldudega?<\/span><\/p>\n\n\n\n<p class=\"has-text-align-left\"><span style=\"line-height: 115%;\">Metsateadlased osutavad \u00fcpris \u00fcksmeelselt, et j\u00e4rjekordse (et mitte \u00f6elda iga-aastase) uues metsaseaduse eeln\u00f5u kandev vaim on Eesti metsade muutmine puidup\u00f5ldudeks, mille veerde on siin-seal armulikult j\u00e4etud kohad ka romantilistele rekreatsiooniparkidele.<\/span><\/p>\n\n\n\n<p class=\"has-text-align-left\"><span style=\"line-height: 115%;\">Seaduseeln\u00f5ust ei hoova mitte hapnikurikast metsal\u00f5hna, vaid rahalehka. M\u00f5istagi saab puidup\u00f5llul tootmist senisest t\u00f5husamalt korraldada ja automatiseerida ning saekaatrid ootavad oma. Pealegi on just n\u00f5nda tehtud metsaga l\u00e4\u00e4nes \u2013 argument , mis m\u00f5ne ametniku arvates l\u00f5petab igasuguse vastuvaidlemise.<\/span><\/p>\n\n\n\n<p class=\"has-text-align-left\"><span style=\"line-height: 115%;\">Paraku n\u00e4itab just l\u00e4\u00e4ne kogemus, et metsa \u00fclemajandamine h\u00e4vitab liigirikkuse ning tapab metsa elusa s\u00fcdame. Seet\u00f5ttu on kasu, mida intensiivsem metsamajandamine annab, l\u00fchiajaline, ning ammugi ei tohi sellele v\u00e4lja minna kitsaste parteipoliitiliste eesm\u00e4rkide nimel.<\/span><\/p>\n\n\n\n<p class=\"has-text-align-left\"><span style=\"line-height: 115%;\">Eesti rahva suhe oma metsaga on s\u00fcgav ja sama salap\u00e4rane nagu meie laanedki. Mets kohiseb meie k\u00f5igi hinges, mets on eestlasi toitnud ja katnud. Mets on olnud meie parim liitlane s\u00f5dades.<\/span><\/p>\n\n\n\n<p class=\"has-text-align-left\"><span style=\"line-height: 115%;\">N\u00fc\u00fcd on meil k\u00e4es aeg minna metsale appi. Ilmselgelt kiirustades ja \u00e4hmaste kavatsustega koostatud metsareform tuleb veel kord l\u00e4bi m\u00f5elda.<\/span><\/p>\n\n\n\n<p class=\"has-text-align-left\"><span style=\"line-height: 115%;\"><b>Kas see on uudis- v\u00f5i arvamuslugu? Nimetage kaks p\u00f5hjust.<\/b><\/span><\/p>\n\n\n\n<p class=\"has-text-align-left\"><span style=\"line-height: 115%;\"><b>\u2026\u2026\u2026\u2026\u2026\u2026\u2026\u2026\u2026\u2026\u2026\u2026\u2026\u2026\u2026\u2026\u2026\u2026\u2026\u2026\u2026\u2026\u2026\u2026\u2026\u2026\u2026\u2026\u2026\u2026\u2026\u2026\u2026\u2026\u2026\u2026\u2026\u2026\u2026\u2026\u2026\u2026\u2026\u2026\u2026\u2026\u2026\u2026\u2026\u2026.<\/b><\/span><\/p>\n\n\n\n<p class=\"has-text-align-left\"><span style=\"line-height: 115%;\"><b>\u2026\u2026\u2026\u2026\u2026\u2026\u2026\u2026\u2026\u2026\u2026\u2026\u2026\u2026\u2026\u2026\u2026\u2026\u2026\u2026\u2026\u2026\u2026\u2026\u2026\u2026\u2026\u2026\u2026\u2026\u2026\u2026\u2026\u2026\u2026\u2026\u2026\u2026\u2026\u2026\u2026\u2026\u2026\u2026\u2026\u2026\u2026\u2026\u2026\u2026.<\/b><\/span><\/p>\n\n\n\n<p class=\"has-text-align-left\"><span style=\"line-height: 115%;\"><b>Leidke tekstist kaks argumenti puidup\u00f5ldude poolt.<\/b><\/span><\/p>\n\n\n\n<p class=\"has-text-align-left\"><span style=\"line-height: 115%;\"><b>\u2026\u2026\u2026\u2026\u2026\u2026\u2026\u2026\u2026\u2026\u2026\u2026\u2026\u2026\u2026\u2026\u2026\u2026\u2026\u2026\u2026\u2026\u2026\u2026\u2026\u2026\u2026\u2026\u2026\u2026\u2026\u2026\u2026\u2026\u2026\u2026\u2026\u2026\u2026\u2026\u2026\u2026\u2026\u2026\u2026\u2026\u2026\u2026\u2026\u2026.<\/b><\/span><\/p>\n\n\n\n<p class=\"has-text-align-left\"><span style=\"line-height: 115%;\"><b>\u2026\u2026\u2026\u2026\u2026\u2026\u2026\u2026\u2026\u2026\u2026\u2026\u2026\u2026\u2026\u2026\u2026\u2026\u2026\u2026\u2026\u2026\u2026\u2026\u2026\u2026\u2026\u2026\u2026\u2026\u2026\u2026\u2026\u2026\u2026\u2026\u2026\u2026\u2026\u2026\u2026\u2026\u2026\u2026\u2026\u2026\u2026\u2026\u2026\u2026.<\/b><\/span><\/p>\n\n\n\n<p class=\"has-text-align-left\"><span style=\"line-height: 115%;\"><b>Leidke tekstist kaks argumenti loodusliku metsa poolt.<\/b><\/span><\/p>\n\n\n\n<p class=\"has-text-align-left\"><span style=\"line-height: 115%;\"><b>\u2026\u2026\u2026\u2026\u2026\u2026\u2026\u2026\u2026\u2026\u2026\u2026\u2026\u2026\u2026\u2026\u2026\u2026\u2026\u2026\u2026\u2026\u2026\u2026\u2026\u2026\u2026\u2026\u2026\u2026\u2026\u2026\u2026\u2026\u2026\u2026\u2026\u2026\u2026\u2026\u2026\u2026\u2026\u2026\u2026\u2026\u2026\u2026\u2026\u2026.<\/b><\/span><\/p>\n\n\n\n<p class=\"has-text-align-left\"><span style=\"line-height: 115%;\"><b>\u2026\u2026\u2026\u2026\u2026\u2026\u2026\u2026\u2026\u2026\u2026\u2026\u2026\u2026\u2026\u2026\u2026\u2026\u2026\u2026\u2026\u2026\u2026\u2026\u2026\u2026\u2026\u2026\u2026\u2026\u2026\u2026\u2026\u2026\u2026\u2026\u2026\u2026\u2026\u2026\u2026\u2026\u2026\u2026\u2026\u2026\u2026\u2026\u2026\u2026.<\/b><\/span><\/p>\n\n\n\n<p class=\"has-text-align-left\"><span style=\"line-height: 115%;\"><b>Kumma seisukoha poolt on teksti autor? Nimetage kaks p\u00f5hjust, mille j\u00e4rgi otsustasite.<\/b><\/span><\/p>\n\n\n\n<p class=\"has-text-align-left\"><span style=\"line-height: 115%;\"><b>\u2026\u2026\u2026\u2026\u2026\u2026\u2026\u2026\u2026\u2026\u2026\u2026\u2026\u2026\u2026\u2026\u2026\u2026\u2026\u2026\u2026\u2026\u2026\u2026\u2026\u2026\u2026\u2026\u2026\u2026\u2026\u2026\u2026\u2026\u2026\u2026\u2026\u2026\u2026\u2026\u2026\u2026\u2026\u2026\u2026\u2026\u2026\u2026\u2026\u2026.<\/b><\/span><\/p>\n\n\n\n<p class=\"has-text-align-left\"><span style=\"line-height: 115%;\"><b>\u2026\u2026\u2026\u2026\u2026\u2026\u2026\u2026\u2026\u2026\u2026\u2026\u2026\u2026\u2026\u2026\u2026\u2026\u2026\u2026\u2026\u2026\u2026\u2026\u2026\u2026\u2026\u2026\u2026\u2026\u2026\u2026\u2026\u2026\u2026\u2026\u2026\u2026\u2026\u2026\u2026\u2026\u2026\u2026\u2026\u2026\u2026\u2026\u2026\u2026.<\/b><\/span><\/p>\n\n\n\n<p class=\"has-text-align-left\">\u00a0<\/p>\n\n\n\n<p class=\"has-text-align-left\"><span style=\"line-height: 115%;\"><b>Lugege l\u00e4bi j\u00e4rgnev Postimehe artikkel ning vastake allolevatele k\u00fcsimustele. <\/b><\/span><\/p>\n\n\n\n<p class=\"has-text-align-left\"><span style=\"line-height: 115%;\">Riigikogu hakkab arutama uut metsaseaduse eeln\u00f5u, mille j\u00e4rgi metsa tuleks hakata kasvatama nagu p\u00f5llusaadusi: istutatakse, lastakse t\u00e4is kasvada, \u201ekoristatakse saak\u201c ja istutatakse uus mets peale.<\/span><\/p>\n\n\n\n<p class=\"has-text-align-left\"><span style=\"line-height: 115%;\">Puude p\u00f5ldudega juhtub vahel n\u00f5nda, et k\u00fclm v\u00f5tab nad \u00e4ra. Kliimasoojenemise k\u00e4igus v\u00f5ib \u201ev\u00e4hev\u00e4\u00e4rtuslike\u201c lehtpuude aeg ootamatult tagasi tulla, nagu seda on viimase 10 000 aasta v\u00e4ltel ka korduvalt juhtunud. Elus mets, kus kasvamis\u00f5igus on tagatud ka \u201ev\u00e4hev\u00e4\u00e4rtuslikele\u201c liikidele, kohaneb kliimamuutusega h\u00f5lpsasti, kuid mis juhtub puude p\u00f5ldudega?<\/span><\/p>\n\n\n\n<p class=\"has-text-align-left\"><span style=\"line-height: 115%;\">Metsateadlased osutavad \u00fcpris \u00fcksmeelselt, et j\u00e4rjekordse (et mitte \u00f6elda iga-aastase) uues metsaseaduse eeln\u00f5u kandev vaim on Eesti metsade muutmine puidup\u00f5ldudeks, mille veerde on siin-seal armulikult j\u00e4etud kohad ka romantilistele rekreatsiooniparkidele.<\/span><\/p>\n\n\n\n<p class=\"has-text-align-left\"><span style=\"line-height: 115%;\">Seaduseeln\u00f5ust ei hoova mitte hapnikurikast metsal\u00f5hna, vaid rahalehka. M\u00f5istagi saab puidup\u00f5llul tootmist senisest t\u00f5husamalt korraldada ja automatiseerida ning saekaatrid ootavad oma. Pealegi on just n\u00f5nda tehtud metsaga l\u00e4\u00e4nes \u2013 argument , mis m\u00f5ne ametniku arvates l\u00f5petab igasuguse vastuvaidlemise.<\/span><\/p>\n\n\n\n<p class=\"has-text-align-left\"><span style=\"line-height: 115%;\">Paraku n\u00e4itab just l\u00e4\u00e4ne kogemus, et metsa \u00fclemajandamine h\u00e4vitab liigirikkuse ning tapab metsa elusa s\u00fcdame. Seet\u00f5ttu on kasu, mida intensiivsem metsamajandamine annab, l\u00fchiajaline, ning ammugi ei tohi sellele v\u00e4lja minna kitsaste parteipoliitiliste eesm\u00e4rkide nimel.<\/span><\/p>\n\n\n\n<p class=\"has-text-align-left\"><span style=\"line-height: 115%;\">Eesti rahva suhe oma metsaga on s\u00fcgav ja sama salap\u00e4rane nagu meie laanedki. Mets kohiseb meie k\u00f5igi hinges, mets on eestlasi toitnud ja katnud. Mets on olnud meie parim liitlane s\u00f5dades.<\/span><\/p>\n\n\n\n<p class=\"has-text-align-left\"><span style=\"line-height: 115%;\">N\u00fc\u00fcd on meile k\u00e4es aeg minna metsale appi. Ilmselgelt kiirustades ja \u00e4hmaste kavatsustega koostatud metsareform tuleb veel kord l\u00e4bi m\u00f5elda.<\/span><\/p>\n\n\n\n<p class=\"has-text-align-left\"><span style=\"line-height: 115%;\"><b>Kas see on uudis- v\u00f5i arvamuslugu? Nimetage kaks p\u00f5hjust.<\/b><\/span><\/p>\n\n\n\n<p class=\"has-text-align-left\"><span style=\"line-height: 115%;\"><b>\u2026\u2026\u2026\u2026\u2026\u2026\u2026\u2026\u2026\u2026\u2026\u2026\u2026\u2026\u2026\u2026\u2026\u2026\u2026\u2026\u2026\u2026\u2026\u2026\u2026\u2026\u2026\u2026\u2026\u2026\u2026\u2026\u2026\u2026\u2026\u2026\u2026\u2026\u2026\u2026\u2026\u2026\u2026\u2026\u2026\u2026\u2026\u2026\u2026\u2026.<\/b><\/span><\/p>\n\n\n\n<p class=\"has-text-align-left\"><span style=\"line-height: 115%;\"><b>\u2026\u2026\u2026\u2026\u2026\u2026\u2026\u2026\u2026\u2026\u2026\u2026\u2026\u2026\u2026\u2026\u2026\u2026\u2026\u2026\u2026\u2026\u2026\u2026\u2026\u2026\u2026\u2026\u2026\u2026\u2026\u2026\u2026\u2026\u2026\u2026\u2026\u2026\u2026\u2026\u2026\u2026\u2026\u2026\u2026\u2026\u2026\u2026\u2026\u2026.<\/b><\/span><\/p>\n\n\n\n<p class=\"has-text-align-left\"><span style=\"line-height: 115%;\"><b>Leidke tekstist kaks argumenti puidup\u00f5ldude poolt.<\/b><\/span><\/p>\n\n\n\n<p class=\"has-text-align-left\"><span style=\"line-height: 115%;\"><b>\u2026\u2026\u2026\u2026\u2026\u2026\u2026\u2026\u2026\u2026\u2026\u2026\u2026\u2026\u2026\u2026\u2026\u2026\u2026\u2026\u2026\u2026\u2026\u2026\u2026\u2026\u2026\u2026\u2026\u2026\u2026\u2026\u2026\u2026\u2026\u2026\u2026\u2026\u2026\u2026\u2026\u2026\u2026\u2026\u2026\u2026\u2026\u2026\u2026\u2026.<\/b><\/span><\/p>\n\n\n\n<p class=\"has-text-align-left\"><span style=\"line-height: 115%;\"><b>\u2026\u2026\u2026\u2026\u2026\u2026\u2026\u2026\u2026\u2026\u2026\u2026\u2026\u2026\u2026\u2026\u2026\u2026\u2026\u2026\u2026\u2026\u2026\u2026\u2026\u2026\u2026\u2026\u2026\u2026\u2026\u2026\u2026\u2026\u2026\u2026\u2026\u2026\u2026\u2026\u2026\u2026\u2026\u2026\u2026\u2026\u2026\u2026\u2026\u2026.<\/b><\/span><\/p>\n\n\n\n<p class=\"has-text-align-left\"><span style=\"line-height: 115%;\"><b>Leidke tekstist kaks argumenti loodusliku metsa poolt.<\/b><\/span><\/p>\n\n\n\n<p class=\"has-text-align-left\"><span style=\"line-height: 115%;\"><b>\u2026\u2026\u2026\u2026\u2026\u2026\u2026\u2026\u2026\u2026\u2026\u2026\u2026\u2026\u2026\u2026\u2026\u2026\u2026\u2026\u2026\u2026\u2026\u2026\u2026\u2026\u2026\u2026\u2026\u2026\u2026\u2026\u2026\u2026\u2026\u2026\u2026\u2026\u2026\u2026\u2026\u2026\u2026\u2026\u2026\u2026\u2026\u2026\u2026\u2026.<\/b><\/span><\/p>\n\n\n\n<p class=\"has-text-align-left\"><span style=\"line-height: 115%;\"><b>\u2026\u2026\u2026\u2026\u2026\u2026\u2026\u2026\u2026\u2026\u2026\u2026\u2026\u2026\u2026\u2026\u2026\u2026\u2026\u2026\u2026\u2026\u2026\u2026\u2026\u2026\u2026\u2026\u2026\u2026\u2026\u2026\u2026\u2026\u2026\u2026\u2026\u2026\u2026\u2026\u2026\u2026\u2026\u2026\u2026\u2026\u2026\u2026\u2026\u2026.<\/b><\/span><\/p>\n\n\n\n<p class=\"has-text-align-left\"><span style=\"line-height: 115%;\"><b>Kumma seisukoha poolt on teksti autor? Nimetage kaks p\u00f5hjust, mille j\u00e4rgi otsustasite.<\/b><\/span><\/p>\n\n\n\n<p class=\"has-text-align-left\"><span style=\"line-height: 115%;\"><b>\u2026\u2026\u2026\u2026\u2026\u2026\u2026\u2026\u2026\u2026\u2026\u2026\u2026\u2026\u2026\u2026\u2026\u2026\u2026\u2026\u2026\u2026\u2026\u2026\u2026\u2026\u2026\u2026\u2026\u2026\u2026\u2026\u2026\u2026\u2026\u2026\u2026\u2026\u2026\u2026\u2026\u2026\u2026\u2026\u2026\u2026\u2026\u2026\u2026\u2026.<\/b><\/span><\/p>\n\n\n\n<p class=\"has-text-align-left\"><span style=\"line-height: 115%;\"><b>\u2026\u2026\u2026\u2026\u2026\u2026\u2026\u2026\u2026\u2026\u2026\u2026\u2026\u2026\u2026\u2026\u2026\u2026\u2026\u2026\u2026\u2026\u2026\u2026\u2026\u2026\u2026\u2026\u2026\u2026\u2026\u2026\u2026\u2026\u2026\u2026\u2026\u2026\u2026\u2026\u2026\u2026\u2026\u2026\u2026\u2026\u2026\u2026\u2026\u2026.<\/b><\/span><\/p>\n\n\n\n<p class=\"has-text-align-left\">\u00a0<\/p>\n\n\n\n<p class=\"has-text-align-left\">\u00a0<\/p>\n\n\n\n<p class=\"has-text-align-left\">2010<\/p>\n\n\n\n<p class=\"has-text-align-left\">vanem<\/p>\n\n\n\n<p class=\"has-text-align-left\">l\u00f5ppvoor<\/p>\n\n\n\n<p><a href=\"https:\/\/sisu.ut.ee\/keeleylesanded\/uudis-voi-arvamus-vastus\/\" data-type=\"page\" data-id=\"169\">Vastus<\/a><\/p>\n","protected":false},"excerpt":{"rendered":"<p>Lugege l\u00e4bi j\u00e4rgnev Postimehe artikkel ning vastake allolevatele k\u00fcsimustele. Riigikogu hakkab arutama uut metsaseaduse eeln\u00f5u, mille j\u00e4rgi metsa tuleks hakata kasvatama nagu p\u00f5llusaadusi: istutatakse, lastakse t\u00e4is kasvada, \u201ekoristatakse saak\u201c ja istutatakse uus mets peale. Puude p\u00f5ldudega juhtub vahel n\u00f5nda, et &#8230;<\/p>\n","protected":false},"author":185,"featured_media":0,"parent":0,"menu_order":0,"comment_status":"closed","ping_status":"closed","template":"","meta":{"_acf_changed":false,"inline_featured_image":false,"footnotes":""},"class_list":["post-226","page","type-page","status-publish","hentry"],"acf":[],"_links":{"self":[{"href":"https:\/\/sisu.ut.ee\/keeleylesanded\/wp-json\/wp\/v2\/pages\/226","targetHints":{"allow":["GET"]}}],"collection":[{"href":"https:\/\/sisu.ut.ee\/keeleylesanded\/wp-json\/wp\/v2\/pages"}],"about":[{"href":"https:\/\/sisu.ut.ee\/keeleylesanded\/wp-json\/wp\/v2\/types\/page"}],"author":[{"embeddable":true,"href":"https:\/\/sisu.ut.ee\/keeleylesanded\/wp-json\/wp\/v2\/users\/185"}],"replies":[{"embeddable":true,"href":"https:\/\/sisu.ut.ee\/keeleylesanded\/wp-json\/wp\/v2\/comments?post=226"}],"version-history":[{"count":2,"href":"https:\/\/sisu.ut.ee\/keeleylesanded\/wp-json\/wp\/v2\/pages\/226\/revisions"}],"predecessor-version":[{"id":2022,"href":"https:\/\/sisu.ut.ee\/keeleylesanded\/wp-json\/wp\/v2\/pages\/226\/revisions\/2022"}],"wp:attachment":[{"href":"https:\/\/sisu.ut.ee\/keeleylesanded\/wp-json\/wp\/v2\/media?parent=226"}],"curies":[{"name":"wp","href":"https:\/\/api.w.org\/{rel}","templated":true}]}}